{"id":5004,"date":"2023-12-14T18:38:09","date_gmt":"2023-12-14T17:38:09","guid":{"rendered":"https:\/\/test-fengcha.dweb.si\/product\/sango-koralni-prah-250g\/"},"modified":"2026-04-29T13:06:04","modified_gmt":"2026-04-29T11:06:04","slug":"sango-koralni-prah","status":"publish","type":"product","link":"https:\/\/fengchashop.com\/si\/izdelek\/sango-koralni-prah\/","title":{"rendered":"Sango koralni prah 250g"},"content":{"rendered":"<h2 style=\"text-align: justify\">Sango koralni prah<\/h2>\n<div style=\"text-align: justify\">\n<p>Sango morska korala izvira iz milijone let starega koralnega grebena ob obali otoka Okinawa na Japonskem. Tudi sam otok Okinawa je nastal na koralnem kamenju &#8211; zaradi tega skozi padavine de\u017eja pronica de\u017eevnica in se obogati z ne\u0161tetimi minerali in slednimi elementi, ki se nahajajo v fosilnih koralah. Prebivalci Okinawe, ki jim pogosto pripisujejo doseganje starosti preko sto let, tako prejmejo izjemno bogato in edinstveno vodo, polno mineralov.<\/p>\n<h2>Zakaj je Sango koralni prah tako posebna in tako druga\u010den?<\/h2>\n<p>Sango koralni prah je naravni vir kalcija in drugih mineralov, ki so koristni za zdravje. Koralni prah vsebuje predvsem kalcij in magnezij, v razmerju 2:1, kar naj bi bilo za \u010dlove\u0161ki organizem idealno, s visoko biolo\u0161ko uporabnostjo. Poleg tega pa lahko vsebuje tudi druge minerale v sledovih.<\/p>\n<div style=\"text-align: justify\">\n<div style=\"text-align: justify\">\n<div style=\"text-align: justify\">\n<h2 style=\"text-align: justify\"><span style=\"color: #000000\">Shranjevanje in opozorila<\/span><\/h2>\n<p style=\"text-align: justify\"><span style=\"color: #000000\">Shranjujte v suhem in hladnem prostoru pri temperaturi do 25 \u00b0C. Prehransko dopolnilo naj bo nedosegljivo otrokom!<\/span><\/p>\n<p style=\"text-align: justify\"><span style=\"color: #000000\">Ne pozabite na pomembnost raznolike prehrane in zdravega na\u010dina \u017eivljenja, prehransko dopolnilo zato ni nadomestilo za uravnote\u017eeno in raznovrstno prehrano. Priporo\u010dene dnevne koli\u010dine oziroma odmerka se ne sme prekora\u010diti.<\/span><\/p>\n<p>Nose\u010dnicam in doje\u010dim materam ter otrokom uporabo odsvetujemo. Priporo\u010dljivo je, da se za ve\u010d informacij ob morebitnih zdravstvenih te\u017eavah posvetujete s svojim zdravnikom.<\/p>\n<h2 style=\"text-align: justify\"><span style=\"color: #000000\">Pakiranje<\/span><\/h2>\n<p style=\"text-align: justify\"><span style=\"color: #000000\">Nepredu\u0161na vre\u010dka z zadrgo, kjer izdelek ohrani vso sve\u017eino in aromo. Embala\u017ea \u0161\u010diti pred svetlobo in zrakom, saj je sestavljena iz ve\u010d slojev za\u0161\u010dite, ki ohranjajo lastnosti vsebine.<\/span><\/p>\n<p style=\"text-align: justify\"><span style=\"color: #000000\">Embala\u017ea je zelo prakti\u010dna in omogo\u010da recikliranje.<\/span><\/p>\n<h2 style=\"text-align: justify\"><span style=\"color: #000000\">Poreklo<\/span><\/h2>\n<p style=\"text-align: justify\"><span style=\"color: #000000\">Japonska<\/span><\/p>\n<\/div>\n<\/div>\n<\/div>\n<\/div>\n","protected":false},"excerpt":{"rendered":"<p>Prehransko dopolnilo. Sango koralni prah ima \u0161tevilne potencialne koristi in u\u010dinke na zdravje.<\/p>\n","protected":false},"featured_media":5005,"comment_status":"open","ping_status":"closed","template":"","meta":{"_acf_changed":false},"product_brand":[],"product_cat":[15,195,216],"product_tag":[],"class_list":{"0":"post-5004","1":"product","2":"type-product","3":"status-publish","4":"has-post-thumbnail","6":"product_cat-uncategorized","7":"product_cat-superhrana","8":"product_cat-vsi-izdelki","10":"first","11":"instock","12":"sale","13":"taxable","14":"shipping-taxable","15":"purchasable","16":"product-type-simple"},"acf":[],"_links":{"self":[{"href":"https:\/\/fengchashop.com\/si\/wp-json\/wp\/v2\/product\/5004","targetHints":{"allow":["GET"]}}],"collection":[{"href":"https:\/\/fengchashop.com\/si\/wp-json\/wp\/v2\/product"}],"about":[{"href":"https:\/\/fengchashop.com\/si\/wp-json\/wp\/v2\/types\/product"}],"replies":[{"embeddable":true,"href":"https:\/\/fengchashop.com\/si\/wp-json\/wp\/v2\/comments?post=5004"}],"wp:featuredmedia":[{"embeddable":true,"href":"https:\/\/fengchashop.com\/si\/wp-json\/wp\/v2\/media\/5005"}],"wp:attachment":[{"href":"https:\/\/fengchashop.com\/si\/wp-json\/wp\/v2\/media?parent=5004"}],"wp:term":[{"taxonomy":"product_brand","embeddable":true,"href":"https:\/\/fengchashop.com\/si\/wp-json\/wp\/v2\/product_brand?post=5004"},{"taxonomy":"product_cat","embeddable":true,"href":"https:\/\/fengchashop.com\/si\/wp-json\/wp\/v2\/product_cat?post=5004"},{"taxonomy":"product_tag","embeddable":true,"href":"https:\/\/fengchashop.com\/si\/wp-json\/wp\/v2\/product_tag?post=5004"}],"curies":[{"name":"wp","href":"https:\/\/api.w.org\/{rel}","templated":true}]}}