{"id":5000,"date":"2023-12-07T18:37:57","date_gmt":"2023-12-07T17:37:57","guid":{"rendered":"https:\/\/test-fengcha.dweb.si\/product\/nac-n-acetylcysteine-v-kapsulah\/"},"modified":"2026-04-29T01:40:38","modified_gmt":"2026-04-28T23:40:38","slug":"nac-n-acetylcysteine-v-kapsulah","status":"publish","type":"product","link":"https:\/\/fengchashop.com\/si\/izdelek\/nac-n-acetylcysteine-v-kapsulah\/","title":{"rendered":"NAC (N-acetylcysteine) v kapsulah 120 kapsul"},"content":{"rendered":"<h2>NAC (N-acetylcysteine)<\/h2>\n<p><span style=\"color: #000000\">N-acetil cistein <strong>(N-acetylcysteine ali NAC)<\/strong> je prehransko dopolnilo, ki temelji na aminokislini\u00a0cistein. Cistein je pomemben gradnik beljakovin in ima \u0161tevilne pomembne vloge v telesu. NAC ima edinstvene lastnosti, zaradi katerih je postalo priljubljeno kot dopolnilo in se pogosto uporablja tudi v medicini. Gre za snov, ki v telesu deluje kot predhodnik\u00a0antioksidantnega encima glutationa.<\/span><\/p>\n<h2><span style=\"color: #000000\">Zakaj je NAC tako poseben in tako druga\u010den?<\/span><\/h2>\n<p><span style=\"color: #000000\">N-acetil cistein se obi\u010dajno proizvaja iz aminokisline\u00a0<strong>L-cisteina<\/strong>, ki jo najdemo v \u0161tevilnih beljakovinskih \u017eivilih, kot so perutnina, ribe, jajca in mle\u010dni izdelki.\u00a0<strong>Cistein<\/strong>\u00a0je esencialna aminokislina, kar pomeni, da jo telo potrebuje za normalno delovanje, vendar je tudi lahko pridobiva iz drugih aminokislin, kot je\u00a0<strong>metionin<\/strong>.<\/span><\/p>\n<p><span style=\"color: #000000\">Cistein je klju\u010dna sestavina, ki jo na\u0161e telo potrebuje, saj igra pomembno vlogo pri ve\u010d klju\u010dnih procesih. Ena izmed njegovih osrednjih vlog je\u00a0<strong>sodelovanje pri obnavljanju glutationa<\/strong>, ki je najmo\u010dnej\u0161i antioksidant v na\u0161em telesu. Glutation je esencialen za\u00a0<strong>za\u0161\u010dito telesnih celic pred po\u0161kodbami<\/strong>, ki jih povzro\u010dajo prosti radikali, ter za ohranjanje celotnega sistema obrambnih mehanizmov.<\/span><\/p>\n<h2><span style=\"color: #000000\">U\u010dinki, ki pozitivno delujejo na na\u0161e zdravje in telo<\/span><\/h2>\n<p><em><strong><span style=\"color: #000000\">NAC ima \u0161tevilne potencialne koristi in u\u010dinke na zdravje. Nekatere od glavnih koristi in u\u010dinkov so:<\/span><\/strong><\/em><\/p>\n<p><span style=\"color: #000000\">\ud83d\udc9a je mo\u010dan antioksidant, ki <strong>odstranjuje proste radikale<\/strong>,<\/span><\/p>\n<p><span style=\"color: #000000\">\ud83d\udc9a pozitivno vpliva na<strong> imunski sistem<\/strong> in spodbuja zdravje imunskega sistema,<\/span><\/p>\n<p><span style=\"color: #000000\">\ud83d\udc9a zmanj\u0161a pojavnost in resnost<strong> simptomov gripe in prehlada<\/strong> ter skraj\u0161a trajanje bolezni,<\/span><\/p>\n<p><span style=\"color: #000000\">\ud83d\udc9a uporablja tudi za <strong>red\u010denje goste sluzi in olaj\u0161anje dihalnih te\u017eav<\/strong> pri bolnikih z boleznimi dihal, kot so kroni\u010dna obstruktivna plju\u010dna bolezen (KOPB) in cisti\u010dna fibroza,<\/span><\/p>\n<p><span style=\"color: #000000\">\ud83d\udc9a za zdravljenje <strong>zastrupitve s paracetamolom<\/strong>,<\/span><\/p>\n<p><span style=\"color: #000000\">\ud83d\udc9a vpliva na <strong>du\u0161evno zdravje<\/strong>, koristen pri<strong> zdravljenju motenj<\/strong>, kot so obsesivno-kompulzivna motnja (OKM) in depresija,<\/span><\/p>\n<p><span style=\"color: #000000\">\ud83d\udc9a zmanj\u0161uje simptome nekaterih<strong> nevrolo\u0161kih motenj<\/strong>, kot sta shizofrenija in motnje razpolo\u017eenja,<\/span><\/p>\n<p><span style=\"color: #000000\">\ud83d\udc9a pomaga pri <strong>zdravljenju zasvojenosti<\/strong>, na primer pri alkoholizmu, kajenju in odvisnosti od drog,<\/span><\/p>\n<p><span style=\"color: #000000\">\ud83d\udc9a ima koristne u\u010dinke pri nekaterih <strong>boleznih jeter<\/strong>, kot je jetrna fibroza,<\/span><\/p>\n<p><span style=\"color: #000000\">\ud83d\udc9a pomaga pri <strong>razstrupljanju in pre\u010di\u0161\u010devanju<\/strong>.<\/span><\/p>\n<p><img loading=\"lazy\" decoding=\"async\" class=\"aligncenter wp-image-2595\" src=\"https:\/\/fengchashop.com\/si\/wp-content\/uploads\/2025\/03\/3-spletna-stran-scaled.jpg\" alt=\"\" width=\"250\" height=\"444\" \/><\/p>\n<p>&nbsp;<\/p>\n<h2><span style=\"color: #000000\">Pakiranje<\/span><\/h2>\n<p><span style=\"color: #000000\">Nepredu\u0161na vre\u010dka z zadrgo, kjer izdelek ohrani vso sve\u017eino in aromo. Embala\u017ea \u0161\u010diti pred svetlobo in zrakom, saj je sestavljena iz ve\u010d slojev za\u0161\u010dite, ki ohranjajo lastnosti vsebine.<\/span><\/p>\n<p><span style=\"color: #000000\">Embala\u017ea je zelo prakti\u010dna in omogo\u010da recikliranje.<\/span><\/p>\n<h2 style=\"text-align: justify\"><span style=\"color: #000000\">Shranjevanje in opozorila<\/span><\/h2>\n<p style=\"text-align: justify\"><span style=\"color: #000000\">Shranjujte v suhem in hladnem prostoru pri temperaturi do 25 \u00b0C. Prehransko dopolnilo naj bo nedosegljivo otrokom!<\/span><\/p>\n<p style=\"text-align: justify\"><span style=\"color: #000000\">Ne pozabite na pomembnost raznolike prehrane in zdravega na\u010dina \u017eivljenja, prehransko dopolnilo zato ni nadomestilo za uravnote\u017eeno in raznovrstno prehrano. Priporo\u010dene dnevne koli\u010dine oziroma odmerka se ne sme prekora\u010diti. Nose\u010dnicam in doje\u010dim materam ter otrokom uporabo odsvetujemo. Priporo\u010dljivo je, da se za ve\u010d informacij ob morebitnih zdravstvenih te\u017eavah posvetujete s svojim zdravnikom. Ni primerno za otroke.<\/span><\/p>\n","protected":false},"excerpt":{"rendered":"<p align=\"JUSTIFY\"><span style=\"color: #000000\"><strong>N-acetil cistein (N-acetylcysteine ali NAC)<\/strong> je prehransko dopolnilo, ki temelji na aminokislini<strong> cistein<\/strong>. Cistein je pomemben gradnik beljakovin in ima \u0161tevilne pomembne vloge v telesu. NAC ima edinstvene lastnosti, zaradi katerih je postalo priljubljeno kot dopolnilo in se pogosto uporablja tudi v medicini.<\/span><\/p>\n<p><span style=\"color: #000000\">\ud83d\udc9a Pozitivno vpliva na imunski sistem.<\/span><br \/>\n<span style=\"color: #000000\">\ud83d\udc9a Zmanj\u0161a pojavnost in resnost simptomov gripe in prehlada.<\/span><br \/>\n<span style=\"color: #000000\">\ud83d\udc9a Zmanj\u0161uje simptome nekaterih nevrolo\u0161kih motenj.<\/span><br \/>\n<span style=\"color: #000000\">\ud83d\udc9a Pomaga pri zdravljenju zasvojenosti.<\/span><br \/>\n<span style=\"color: #000000\">\ud83d\udc9a Pomaga pri razstrupljanju in pre\u010di\u0161\u010devanju.<\/span><\/p>\n","protected":false},"featured_media":5002,"comment_status":"open","ping_status":"closed","template":"","meta":{"_acf_changed":false},"product_brand":[],"product_cat":[203,218,195,216],"product_tag":[],"class_list":{"0":"post-5000","1":"product","2":"type-product","3":"status-publish","4":"has-post-thumbnail","6":"product_cat-minerali-vitamini","7":"product_cat-najbolj-prodajano","8":"product_cat-superhrana","9":"product_cat-vsi-izdelki","11":"first","12":"instock","13":"sale","14":"taxable","15":"shipping-taxable","16":"purchasable","17":"product-type-simple"},"acf":[],"_links":{"self":[{"href":"https:\/\/fengchashop.com\/si\/wp-json\/wp\/v2\/product\/5000","targetHints":{"allow":["GET"]}}],"collection":[{"href":"https:\/\/fengchashop.com\/si\/wp-json\/wp\/v2\/product"}],"about":[{"href":"https:\/\/fengchashop.com\/si\/wp-json\/wp\/v2\/types\/product"}],"replies":[{"embeddable":true,"href":"https:\/\/fengchashop.com\/si\/wp-json\/wp\/v2\/comments?post=5000"}],"wp:featuredmedia":[{"embeddable":true,"href":"https:\/\/fengchashop.com\/si\/wp-json\/wp\/v2\/media\/5002"}],"wp:attachment":[{"href":"https:\/\/fengchashop.com\/si\/wp-json\/wp\/v2\/media?parent=5000"}],"wp:term":[{"taxonomy":"product_brand","embeddable":true,"href":"https:\/\/fengchashop.com\/si\/wp-json\/wp\/v2\/product_brand?post=5000"},{"taxonomy":"product_cat","embeddable":true,"href":"https:\/\/fengchashop.com\/si\/wp-json\/wp\/v2\/product_cat?post=5000"},{"taxonomy":"product_tag","embeddable":true,"href":"https:\/\/fengchashop.com\/si\/wp-json\/wp\/v2\/product_tag?post=5000"}],"curies":[{"name":"wp","href":"https:\/\/api.w.org\/{rel}","templated":true}]}}