{"id":4996,"date":"2023-08-29T08:53:40","date_gmt":"2023-08-29T06:53:40","guid":{"rendered":"https:\/\/test-fengcha.dweb.si\/product\/burdock-bio-v-prahu-250-g\/"},"modified":"2026-04-29T22:00:01","modified_gmt":"2026-04-29T20:00:01","slug":"repinec-burdock-bio-v-prahu","status":"publish","type":"product","link":"https:\/\/fengchashop.com\/si\/izdelek\/repinec-burdock-bio-v-prahu\/","title":{"rendered":"Repinec (burdock) v prahu BIO 250 g"},"content":{"rendered":"<h2 style=\"text-align: justify\"><span style=\"color: #000000\">Repinec v prahu BIO<\/span><\/h2>\n<div style=\"text-align: justify\">\n<p><span style=\"color: #000000\">Repinec v prahu izvira iz korenine repinca (Arctium lappa), zeli\u0161\u010da, ki izvira iz Evrope in Azije, vendar ga najdemo tudi na drugih delih sveta. Ta rastlina je znana po svojih velikih, sr\u010dasto oblikovanih listih, ro\u017enato-vijoli\u010dastih socvetjih in velikih zna\u010dilnih plodovih, ki se dr\u017eijo dlakastih ovojnic. Repinec ima dolgo zgodovino uporabe v <strong>tradicionalni zeli\u0161\u010dni medicini in je znan po svojih \u0161tevilnih koristih za zdravje<\/strong>. Korenina repinca je bogata z razli\u010dnimi <strong>hranili in bioaktivnimi spojinami<\/strong>, ki prispevajo k njenim u\u010dinkom.<\/span><\/p>\n<p><span style=\"color: #000000\">V zdravilstvu so uporabljali razli\u010dne dele rastline, vklju\u010dno s koreninami, listi, cvetovi in semenom. Prav tako so repinec uporabljali v kulinariki, kjer so pogosto uporabljali mlade liste in stebla za pripravo jedi, kot so juhe in solate.<\/span><\/p>\n<\/div>\n<h2 style=\"text-align: justify\"><span style=\"color: #000000\">Zakaj je repinec tako poseben in tako druga\u010den?<\/span><\/h2>\n<p style=\"text-align: justify\"><span style=\"color: #000000\">Repinec se danes uporablja tudi kot sestavina v prehranskih dopolnilih, saj ima \u0161tevilne potencialne zdravstvene koristi.<\/span><\/p>\n<p style=\"text-align: justify\"><span style=\"color: #000000\">Repinec korenina je bogat vir \u0161tevilnih hranil, med katerimi najdemo vitamine (B kompleks in E), minerale (kalij, fosfor, magnezij, kobalt, krom, cink, natrij, silicij in \u017eelezo) ter druge spojine, ki lahko koristijo zdravju.<\/span><\/p>\n<p style=\"text-align: justify\"><span style=\"color: #000000\">V izvle\u010dku korenine repinca se nahajajo razli\u010dne <strong>esencialne aminokisline<\/strong> v povi\u0161anih koncentracijah, \u0161e posebej tiste, ki imajo izrazite farmakolo\u0161ke u\u010dinke.<\/span><\/p>\n<div style=\"text-align: justify\">\n<h2><span style=\"color: #000000\">Shranjevanje in opozorila<\/span><\/h2>\n<\/div>\n<p style=\"text-align: justify\"><span style=\"color: #000000\">Shranjujte v suhem in hladnem prostoru pri temperaturi do 25 \u00b0C. Prehransko dopolnilo naj bo nedosegljivo otrokom!<\/span><\/p>\n<p style=\"text-align: justify\"><span style=\"color: #000000\">Ne pozabite na pomembnost raznolike prehrane in zdravega na\u010dina \u017eivljenja, prehransko dopolnilo zato ni nadomestilo za uravnote\u017eeno in raznovrstno prehrano. Priporo\u010dene dnevne koli\u010dine oziroma odmerka se ne sme prekora\u010diti.<\/span><\/p>\n<p style=\"text-align: justify\"><span style=\"color: #000000\">Nose\u010dnicam in doje\u010dim materam ter otrokom uporabo odsvetujemo. U\u017eivanje ni priporo\u010dljivo za ljudi, ki imajo alergijske reakcije (npr. na repo) ter za ljudi, ki jemljejo zdravila za red\u010denje krvi. Priporo\u010dljivo je, da se za ve\u010d informacij ob morebitnih zdravstvenih te\u017eavah posvetujete s svojim zdravnikom.<\/span><\/p>\n<h2 style=\"text-align: justify\"><span style=\"color: #000000\">Pakiranje<\/span><\/h2>\n<p style=\"text-align: justify\"><span style=\"color: #000000\">Nepredu\u0161na vre\u010dka z zadrgo, kjer izdelek ohrani vso sve\u017eino in aromo. Embala\u017ea \u0161\u010diti pred svetlobo in zrakom, saj je sestavljena iz ve\u010d slojev za\u0161\u010dite, ki ohranjajo lastnosti vsebine.<\/span><\/p>\n<p style=\"text-align: justify\"><span style=\"color: #000000\">Embala\u017ea je zelo prakti\u010dna in omogo\u010da recikliranje.<\/span><\/p>\n<h2 style=\"text-align: justify\"><span style=\"color: #000000\">Poreklo<\/span><\/h2>\n<p style=\"text-align: justify\"><span style=\"color: #000000\">Kitajska<\/span><\/p>\n<p style=\"text-align: justify\"><span style=\"color: #000000\">Imamo zelo zanesljive dobavitelje, ki nam za vsako serijo po\u0161ljejo podrobno kemijsko analizo \u017eivila. V ve\u010d kot desetih letih nismo imeli \u0161e nobenega odpoklica ali kakr\u0161ne koli druge te\u017eave s tem artiklom, pa tudi z drugimi artikli istega dobavitelja ne.\u00a0<\/span><\/p>\n<p style=\"text-align: justify\"><span style=\"color: #000000\">Artikel ima 100 % ekolo\u0161ki certifikat.<\/span><\/p>\n","protected":false},"excerpt":{"rendered":"<p>Prehransko dopolnilo. Repinec v prahu izvira iz korenine repinca (Arctium lappa), zeli\u0161\u010da, ki izvira iz Evrope in Azije, vendar ga najdemo tudi na drugih delih sveta. Repinec ima dolgo zgodovino uporabe v tradicionalni zeli\u0161\u010dni medicini in je znan po svojih \u0161tevilnih koristih za zdravje. Korenina repinca je bogata z razli\u010dnimi hranili in bioaktivnimi spojinami, ki prispevajo k njenim u\u010dinkom.<\/p>\n<p>&nbsp;<\/p>\n","protected":false},"featured_media":4997,"comment_status":"open","ping_status":"closed","template":"","meta":{"_acf_changed":false},"product_brand":[],"product_cat":[15,195,216],"product_tag":[],"class_list":{"0":"post-4996","1":"product","2":"type-product","3":"status-publish","4":"has-post-thumbnail","6":"product_cat-uncategorized","7":"product_cat-superhrana","8":"product_cat-vsi-izdelki","10":"first","11":"instock","12":"taxable","13":"shipping-taxable","14":"purchasable","15":"product-type-simple"},"acf":[],"_links":{"self":[{"href":"https:\/\/fengchashop.com\/si\/wp-json\/wp\/v2\/product\/4996","targetHints":{"allow":["GET"]}}],"collection":[{"href":"https:\/\/fengchashop.com\/si\/wp-json\/wp\/v2\/product"}],"about":[{"href":"https:\/\/fengchashop.com\/si\/wp-json\/wp\/v2\/types\/product"}],"replies":[{"embeddable":true,"href":"https:\/\/fengchashop.com\/si\/wp-json\/wp\/v2\/comments?post=4996"}],"wp:featuredmedia":[{"embeddable":true,"href":"https:\/\/fengchashop.com\/si\/wp-json\/wp\/v2\/media\/4997"}],"wp:attachment":[{"href":"https:\/\/fengchashop.com\/si\/wp-json\/wp\/v2\/media?parent=4996"}],"wp:term":[{"taxonomy":"product_brand","embeddable":true,"href":"https:\/\/fengchashop.com\/si\/wp-json\/wp\/v2\/product_brand?post=4996"},{"taxonomy":"product_cat","embeddable":true,"href":"https:\/\/fengchashop.com\/si\/wp-json\/wp\/v2\/product_cat?post=4996"},{"taxonomy":"product_tag","embeddable":true,"href":"https:\/\/fengchashop.com\/si\/wp-json\/wp\/v2\/product_tag?post=4996"}],"curies":[{"name":"wp","href":"https:\/\/api.w.org\/{rel}","templated":true}]}}