{"id":4990,"date":"2023-06-09T08:17:32","date_gmt":"2023-06-09T06:17:32","guid":{"rendered":"https:\/\/test-fengcha.dweb.si\/product\/bentonit-v-prahu-500-g\/"},"modified":"2026-03-03T10:14:13","modified_gmt":"2026-03-03T09:14:13","slug":"bentonit-v-prahu","status":"publish","type":"product","link":"https:\/\/fengchashop.com\/si\/izdelek\/bentonit-v-prahu\/","title":{"rendered":"Bentonit v prahu 500 g"},"content":{"rendered":"<h2 style=\"text-align: justify;\"><span style=\"color: #000000;\">Bentonit<\/span><\/h2>\n<div style=\"text-align: justify;\">\n<p><span style=\"color: #000000;\">Bentonit je naravna glina, ki je nastala iz vulkanskega pepela in se pogosto najde v bli\u017eini vulkanskih obmo\u010dij. Sestavljen je predvsem iz minerala montmorilonita, ki mu daje posebne lastnosti.<\/span><\/p>\n<p><span style=\"color: #000000;\">Bentonit je znan po svoji visoki sposobnosti vpijanja teko\u010din in plinov. Zaradi svoje strukture ima veliko povr\u0161ino, ki omogo\u010da vezavo in zadr\u017eevanje snovi, kot so toksini, odve\u010dna vlaga in ne\u010disto\u010de.<\/span><\/p>\n<\/div>\n<div>\n<p style=\"text-align: justify;\"><span style=\"color: #000000;\">Obstaja ve\u010d vrst bentonita, ki se razlikujejo glede na njihovo mineralno sestavo in lastnosti. Nekatere pogoste vrste vklju\u010dujejo natrijev bentonit, kalcijev bentonit in me\u0161anice obeh.<\/span><\/p>\n<h2 style=\"text-align: justify;\"><span style=\"color: #000000;\">Zna\u010dilnosti bentonita<\/span><\/h2>\n<p style=\"text-align: justify;\"><span style=\"color: #000000;\">Tako kot vse gline tudi bentonit vsebujejo razli\u010dne minerale in kovine, kot so silicij, \u017eelezo, kalcij, magnezij, natrij in v\u010dasih tudi aluminij. Koli\u010dina posameznega minerala ali kovine se lahko razlikuje glede na vrsto gline. Poleg mineralne sestave ima bentonit tudi zdravilne lastnosti, saj ima sposobnost vpijanja in ionsko izmenjavo. Zahvaljujo\u010d svoji intenzivni absorpcijski mo\u010di, bentonit deluje antisepti\u010dno, protiinfekcijsko in protignojno. V zdravilstvu se bentonit uporablja tako za notranjo kot tudi za zunanjo uporabo.<\/span><\/p>\n<\/div>\n<h2 style=\"text-align: justify;\"><span style=\"color: #000000;\">Shranjevanje in opozorila<\/span><\/h2>\n<p style=\"text-align: justify;\"><span style=\"color: #000000;\">Shranjujte v suhem in hladnem prostoru pri temperaturi do 25 \u00b0C. Prehransko dopolnilo naj bo nedosegljivo otrokom!<\/span><\/p>\n<p style=\"text-align: justify;\"><span style=\"color: #000000;\">Ne pozabite na pomembnost raznolike prehrane in zdravega na\u010dina \u017eivljenja, prehransko dopolnilo zato ni nadomestilo za uravnote\u017eeno in raznovrstno prehrano. Priporo\u010dene dnevne koli\u010dine oziroma odmerka se ne sme prekora\u010diti.<\/span><\/p>\n<p style=\"text-align: justify;\"><span style=\"color: #000000;\">Nose\u010dnicam in doje\u010dim materam uporabo odsvetujemo. \u010ce jemljete zdravila ali druge prehranske dodatke, se posvetujte z zdravnikom ali farmacevtom glede lo\u010denega zau\u017eitja bentonita. Bentonit ima sposobnost vezave na druge snovi, zato lahko zmanj\u0161a u\u010dinkovitost drugih zdravil ali dopolnil, \u010de se jemljejo skupaj.<\/span><\/p>\n<h2 style=\"text-align: justify;\"><span style=\"color: #000000;\">Pakiranje<\/span><\/h2>\n<p style=\"text-align: justify;\"><span style=\"color: #000000;\">Nepredu\u0161na vre\u010dka z zadrgo, kjer izdelek ohrani vso sve\u017eino in aromo. Embala\u017ea \u0161\u010diti pred svetlobo in zrakom, saj je sestavljena iz ve\u010d slojev za\u0161\u010dite, ki ohranjajo lastnosti vsebine.<\/span><\/p>\n<p style=\"text-align: justify;\"><span style=\"color: #000000;\">Embala\u017ea je zelo prakti\u010dna in omogo\u010da recikliranje.<\/span><\/p>\n<h2 style=\"text-align: justify;\"><span style=\"color: #000000;\">Poreklo<\/span><\/h2>\n<p style=\"text-align: justify;\"><span style=\"color: #000000;\">Norve\u0161ka<\/span><\/p>\n","protected":false},"excerpt":{"rendered":"<p>Bentonit je naravna glina, ki je nastala iz vulkanskega pepela in se pogosto najde v bli\u017eini vulkanskih obmo\u010dij. Sestavljen je predvsem iz minerala montmorilonita, ki mu daje posebne lastnosti. Je znan po svoji visoki sposobnosti vpijanja teko\u010din in plinov. Zaradi svoje strukture ima veliko povr\u0161ino, ki omogo\u010da vezavo in zadr\u017eevanje snovi, kot so toksini, odve\u010dna vlaga in ne\u010disto\u010de.<\/p>\n","protected":false},"featured_media":4991,"comment_status":"open","ping_status":"closed","template":"","meta":{"_acf_changed":false},"product_brand":[],"product_cat":[15,195,216],"product_tag":[],"class_list":{"0":"post-4990","1":"product","2":"type-product","3":"status-publish","4":"has-post-thumbnail","6":"product_cat-uncategorized","7":"product_cat-superhrana","8":"product_cat-vsi-izdelki","10":"first","11":"instock","12":"sale","13":"taxable","14":"shipping-taxable","15":"purchasable","16":"product-type-simple"},"acf":[],"_links":{"self":[{"href":"https:\/\/fengchashop.com\/si\/wp-json\/wp\/v2\/product\/4990","targetHints":{"allow":["GET"]}}],"collection":[{"href":"https:\/\/fengchashop.com\/si\/wp-json\/wp\/v2\/product"}],"about":[{"href":"https:\/\/fengchashop.com\/si\/wp-json\/wp\/v2\/types\/product"}],"replies":[{"embeddable":true,"href":"https:\/\/fengchashop.com\/si\/wp-json\/wp\/v2\/comments?post=4990"}],"wp:featuredmedia":[{"embeddable":true,"href":"https:\/\/fengchashop.com\/si\/wp-json\/wp\/v2\/media\/4991"}],"wp:attachment":[{"href":"https:\/\/fengchashop.com\/si\/wp-json\/wp\/v2\/media?parent=4990"}],"wp:term":[{"taxonomy":"product_brand","embeddable":true,"href":"https:\/\/fengchashop.com\/si\/wp-json\/wp\/v2\/product_brand?post=4990"},{"taxonomy":"product_cat","embeddable":true,"href":"https:\/\/fengchashop.com\/si\/wp-json\/wp\/v2\/product_cat?post=4990"},{"taxonomy":"product_tag","embeddable":true,"href":"https:\/\/fengchashop.com\/si\/wp-json\/wp\/v2\/product_tag?post=4990"}],"curies":[{"name":"wp","href":"https:\/\/api.w.org\/{rel}","templated":true}]}}