{"id":4973,"date":"2023-02-01T18:28:33","date_gmt":"2023-02-01T17:28:33","guid":{"rendered":"https:\/\/test-fengcha.dweb.si\/product\/sipek-v-prahu-bio-250-g\/"},"modified":"2026-04-30T07:02:26","modified_gmt":"2026-04-30T05:02:26","slug":"sipek-v-prahu-bio","status":"publish","type":"product","link":"https:\/\/fengchashop.com\/si\/izdelek\/sipek-v-prahu-bio\/","title":{"rendered":"\u0160ipek v prahu BIO 250 g"},"content":{"rendered":"<h2 style=\"text-align: justify\"><span style=\"color: #000000\">\u0160ipek (Rosa canina)<\/span><\/h2>\n<p style=\"text-align: justify\"><span style=\"color: #000000\">\u017de sumerci so v svojih zapisih omenjali \u0161ipek ali tako imenovano<strong> divjo vrtnico<\/strong> (znanstveno ime <strong>Rosa canina<\/strong>), pri nas ga poznamo tudi pod imenom <strong>babji zob, pasja ro\u017ea ali divja ro\u017ea<\/strong>. Uporabljati so ga pri\u010deli \u017ee pribli\u017eno <strong>3000 let pred na\u0161im \u0161tetjem<\/strong>. \u0160ipek je bujno rasto\u010d grm, kateri lahko zraste v vi\u0161ini tudi do 3 metre, z ro\u017enatimi cvetovi v obliki zvezde. <strong>Plodovi<\/strong>, katere se uporablja <strong>v zdravilne namene<\/strong>, so rde\u010de barve, z tr\u0161o lupino, imenujemo pa jih <strong>\u0161ipkove jagode<\/strong>.<\/span><\/p>\n<p style=\"text-align: justify\"><span style=\"color: #000000\">\u0160ipek v prahu se pridobiva <strong>iz posu\u0161enih plodov<\/strong> (\u0161ipkovih jagod), katere se nabira oktobra in novembra. Najpomembnej\u0161e sestavine \u0161ipka se ohranijo, tako da se plodovi su\u0161ijo po\u010dasi in pri temperaturi najve\u010d do 40\u02daC. Ko je postopek su\u0161enja zaklju\u010den, se posu\u0161en \u0161ipek fino zmelje v prah.<\/span><\/p>\n<h2 style=\"text-align: justify\"><span style=\"color: #000000\">Klju\u010dne lastnosti \u0161ipka<\/span><\/h2>\n<p style=\"text-align: justify\"><span style=\"color: #000000\">\u0160ipek je poznan \u017ee zelo dolgo in prav tako njegova uporaba <strong>v naravnem zdravilstvu<\/strong>.\u00a0\u0160ipek ima <strong>60-krat ve\u010d vitamina C kot citrusi<\/strong>, saj sodi med plodove, ki imajo <strong>najvi\u0161jo vsebnost vitamina C<\/strong> (askorbinske kisline).<\/span><\/p>\n<p style=\"text-align: justify\"><span style=\"color: #000000\">Poleg vitamina C pa \u0161ipek vsebuje tudi veliko <strong>prehranskih vlaknin<\/strong> (balastne snovi). Obogaten je z <strong>bioflavonoidi<\/strong>, katerih naloga je, da pomagajo pri absorpciji askorbinske kisline.\u00a0<\/span><\/p>\n<h2><span style=\"color: #000000\">Shranjevanje in opozorila<\/span><\/h2>\n<p><span style=\"color: #000000\">Shranjujte v suhem in hladnem prostoru pri temperaturi do 25 \u00b0C. Izogibajte se mo\u010dni svetlobi in vro\u010dini. Prehransko dopolnilo naj bo nedosegljivo otrokom!<\/span><br \/>\n<span style=\"color: #000000\">Ne pozabite na pomembnost raznolike prehrane in zdravega na\u010dina \u017eivljenja, prehransko dopolnilo zato ni nadomestilo za uravnote\u017eeno in raznovrstno prehrano. Priporo\u010dene dnevne koli\u010dine oziroma odmerka se ne sme prekora\u010diti.<\/span><\/p>\n<h2><span style=\"color: #000000\">Pakiranje<\/span><\/h2>\n<p><span style=\"color: #000000\">Nepredu\u0161na vre\u010dka z zadrgo, kjer izdelek ohrani vso sve\u017eino in aromo. Embala\u017ea \u0161\u010diti pred svetlobo in zrakom, saj je sestavljena iz ve\u010d slojev za\u0161\u010dite, ki ohranjajo lastnosti vsebine.<\/span><\/p>\n<p><span style=\"color: #000000\">Embala\u017ea je zelo prakti\u010dna in omogo\u010da recikliranje.<\/span><\/p>\n<h2><span style=\"color: #000000\">Poreklo<\/span><\/h2>\n<p><span style=\"color: #000000\">Bolgarija<\/span><\/p>\n","protected":false},"excerpt":{"rendered":"<p>Prehransko dopolnilo. \u0160ipek je poznan \u017ee zelo dolgo in prav tako njegova uporaba v naravnem zdravilstvu. \u0160ipek ima 60-krat ve\u010d vitamina C kot citrusi, saj sodi med plodove, ki imajo najvi\u0161jo vsebnost vitamina C (askorbinske kisline). Poleg vitamina C pa \u0161ipek vsebuje tudi veliko prehranskih vlaknin (balastne snovi). Obogaten je z bioflavonoidi, katerih naloga je, da pomagajo pri absorpciji askorbinske kisline.<\/p>\n<p>&nbsp;<\/p>\n","protected":false},"featured_media":4974,"comment_status":"open","ping_status":"closed","template":"","meta":{"_acf_changed":false},"product_brand":[],"product_cat":[15,195,216],"product_tag":[],"class_list":{"0":"post-4973","1":"product","2":"type-product","3":"status-publish","4":"has-post-thumbnail","6":"product_cat-uncategorized","7":"product_cat-superhrana","8":"product_cat-vsi-izdelki","10":"first","11":"instock","12":"taxable","13":"shipping-taxable","14":"purchasable","15":"product-type-simple"},"acf":[],"_links":{"self":[{"href":"https:\/\/fengchashop.com\/si\/wp-json\/wp\/v2\/product\/4973","targetHints":{"allow":["GET"]}}],"collection":[{"href":"https:\/\/fengchashop.com\/si\/wp-json\/wp\/v2\/product"}],"about":[{"href":"https:\/\/fengchashop.com\/si\/wp-json\/wp\/v2\/types\/product"}],"replies":[{"embeddable":true,"href":"https:\/\/fengchashop.com\/si\/wp-json\/wp\/v2\/comments?post=4973"}],"wp:featuredmedia":[{"embeddable":true,"href":"https:\/\/fengchashop.com\/si\/wp-json\/wp\/v2\/media\/4974"}],"wp:attachment":[{"href":"https:\/\/fengchashop.com\/si\/wp-json\/wp\/v2\/media?parent=4973"}],"wp:term":[{"taxonomy":"product_brand","embeddable":true,"href":"https:\/\/fengchashop.com\/si\/wp-json\/wp\/v2\/product_brand?post=4973"},{"taxonomy":"product_cat","embeddable":true,"href":"https:\/\/fengchashop.com\/si\/wp-json\/wp\/v2\/product_cat?post=4973"},{"taxonomy":"product_tag","embeddable":true,"href":"https:\/\/fengchashop.com\/si\/wp-json\/wp\/v2\/product_tag?post=4973"}],"curies":[{"name":"wp","href":"https:\/\/api.w.org\/{rel}","templated":true}]}}