{"id":4969,"date":"2022-12-02T09:47:47","date_gmt":"2022-12-02T08:47:47","guid":{"rendered":"https:\/\/test-fengcha.dweb.si\/product\/kokosov-sladkor-bio-250-g\/"},"modified":"2026-04-27T10:59:59","modified_gmt":"2026-04-27T08:59:59","slug":"kokosov-sladkor-bio","status":"publish","type":"product","link":"https:\/\/fengchashop.com\/si\/izdelek\/kokosov-sladkor-bio\/","title":{"rendered":"Kokosov sladkor BIO 250 g"},"content":{"rendered":"<h2><span style=\"color: #000000;\">Kokosov sladkor BIO<\/span><\/h2>\n<p><span style=\"color: #000000;\">Kokosov sladkor pridobivajo <strong>iz cvetov kokosa<\/strong>, ki jih s segrevanjem pri nizkih temperaturah spremenijo v poseben <strong>nektar<\/strong>. Le-tega nato s su\u0161enjem spremenijo v kristale. <strong>Je svetlo rjave barve<\/strong> in <strong>ne\u017enega okusa<\/strong>. Bodimo pozorni pri nakupu kokosovega sladkorja. Pretemen lahko nakazuje na to, da je bil v procesu predelave preve\u010d prekuhan in zato osiroma\u0161en. Lahko pa mu je dodan veliko cenej\u0161i nerafiniran trsni sladkor.<\/span><\/p>\n<p><span style=\"color: #000000;\">Okus kokosovega sladkorja <strong>ne spominja na kokos<\/strong>, temve\u010d <strong>veliko bolj na karamelo<\/strong>. Je ne\u017enega in prijetnega okusa, v jedi oziroma pija\u010di pa ne prevladuje (kakor to velja na primer za stevio).<\/span><\/p>\n<p><span style=\"color: #000000;\">Na\u0161 kokosov sladkor iz ekolo\u0161ke pridelave. Primeren je za sladkanje va\u0161ih najljub\u0161ih napitkov in jedi in je najbolj\u0161e kakovosti.<\/span><\/p>\n<p><span style=\"color: #000000;\">Kokosov sladkor iz sladkih cvetov kokosove palme <strong>je bolj zdrava alternativa belemu sladkorju<\/strong>, ker:<\/span><\/p>\n<p><span style=\"color: #000000;\">\ud83d\udc9a ima <strong>ni\u017eji glikemi\u010dni indeks<\/strong> od belega sladkorja;<\/span><br \/>\n<span style=\"color: #000000;\">\ud83d\udc9a vsebuje inulin, ki <strong>upo\u010dasnjuje absorpcijo glukoze<\/strong> v kri;<\/span><br \/>\n<span style=\"color: #000000;\">\ud83d\udc9a vsebuje tudi <strong>hranilne snovi<\/strong>, kot so: \u017eelezo, cink, magnezij, kalcij in kalij, polifenoli ma\u0161\u010dobnih kislin in antioksidanti ter vitamina B in C;<\/span><br \/>\n<span style=\"color: #000000;\">\ud83d\udc9a ima <strong>nevtralno pH<\/strong> vrednost, kar pomeni, da ne zakisa telesa;<\/span><br \/>\n<span style=\"color: #000000;\">\ud83d\udc9a lahko pomaga la\u017eje skrbeti za zdravo telesno te\u017eo.<\/span><\/p>\n<p><span style=\"color: #000000;\">Ker ima kokosov sladkor v primerjavi z obi\u010dajnim belim sladkorjem ni\u017eji glikemi\u010dni indeks, ga lahko u\u017eivajo tudi diabetiki (tipa II). Z <strong>GI=35<\/strong> ima le minimalen vpliv na dvig ravni krvnega sladkorja. Poleg tega vsebuje encim, ki spodbuja po\u010dasnej\u0161i prehod sladkorja v kri.<\/span><\/p>\n<p><span style=\"color: #000000;\">Kljub vsemu je tudi kokosov sladkor bogat vir energije in kalorij, zato ga je priporo\u010dljivo u\u017eivati v omejenih koli\u010dinah. Je pa bolj zdrava varianta v primerjavi z obi\u010dajnim sladkorjem iz sladkorne pese ali trsnim sladkorjem. Tudi zaradi pomembnih hranil, mineralov in antioksidantov, ki jih vsebuje.<\/span><\/p>\n<h2><span style=\"color: #000000;\">Shranjevanje<\/span><\/h2>\n<p><span style=\"color: #000000;\">Shranjujemo v suhem, temnem in hladnem prostoru. Poskrbimo, da je vre\u010dka dobro zaprta.<\/span><\/p>\n<h2><span style=\"color: #000000;\">Pakiranje<\/span><\/h2>\n<p><span style=\"color: #000000;\">Nepredu\u0161na vre\u010dka z zadrgo ali \u0161atulja, kjer izdelek ohrani vso sve\u017eino in aromo. Embala\u017ea \u0161\u010diti pred svetlobo in zrakom. Sestavljena je iz ve\u010d slojev za\u0161\u010dite, ki ohranjajo lastnosti izdelka.<\/span><\/p>\n<p><span style=\"color: #000000;\">Embala\u017ea je zelo prakti\u010dna in omogo\u010da recikliranje.<\/span><\/p>\n<h2><span style=\"color: #000000;\">Poreklo<\/span><\/h2>\n<p><span style=\"color: #000000;\">Indonezija<\/span><\/p>\n","protected":false},"excerpt":{"rendered":"<p>Kokosov sladkor pridobivajo iz cvetov kokosa, ki jih s segrevanjem pri nizkih temperaturah spremenijo v poseben nektar. Le-tega nato s su\u0161enjem spremenijo v kristale. Je svetlo rjave barve in ne\u017enega okusa. Bodimo pozorni pri nakupu kokosovega sladkorja. Pretemen lahko nakazuje na to, da je bil v procesu predelave preve\u010d prekuhan in zato osiroma\u0161en. Lahko pa mu je dodan veliko cenej\u0161i nerafiniran trsni sladkor. Kokosov sladkor iz sladkih cvetov kokosove palme je bolj zdrava alternativa belemu sladkorju.<\/p>\n<p>\ud83d\udc9a Je svetlo rjave barve in ne\u017enega okusa.<br \/>\n\ud83d\udc9a Prepre\u010duje nenadne in kratkotrajne poskoke sladkorja v krvi.<br \/>\n\ud83d\udc9a Razmerje uporabe je enako razmerju uporabe obi\u010dajnega (belega) sladkorja.<\/p>\n","protected":false},"featured_media":4970,"comment_status":"open","ping_status":"closed","template":"","meta":{"_acf_changed":false},"product_brand":[],"product_cat":[15,194,205,216],"product_tag":[],"class_list":{"0":"post-4969","1":"product","2":"type-product","3":"status-publish","4":"has-post-thumbnail","6":"product_cat-uncategorized","7":"product_cat-ajurveda","8":"product_cat-caj-hrana-zacimbe","9":"product_cat-vsi-izdelki","11":"first","12":"instock","13":"taxable","14":"shipping-taxable","15":"purchasable","16":"product-type-simple"},"acf":[],"_links":{"self":[{"href":"https:\/\/fengchashop.com\/si\/wp-json\/wp\/v2\/product\/4969","targetHints":{"allow":["GET"]}}],"collection":[{"href":"https:\/\/fengchashop.com\/si\/wp-json\/wp\/v2\/product"}],"about":[{"href":"https:\/\/fengchashop.com\/si\/wp-json\/wp\/v2\/types\/product"}],"replies":[{"embeddable":true,"href":"https:\/\/fengchashop.com\/si\/wp-json\/wp\/v2\/comments?post=4969"}],"wp:featuredmedia":[{"embeddable":true,"href":"https:\/\/fengchashop.com\/si\/wp-json\/wp\/v2\/media\/4970"}],"wp:attachment":[{"href":"https:\/\/fengchashop.com\/si\/wp-json\/wp\/v2\/media?parent=4969"}],"wp:term":[{"taxonomy":"product_brand","embeddable":true,"href":"https:\/\/fengchashop.com\/si\/wp-json\/wp\/v2\/product_brand?post=4969"},{"taxonomy":"product_cat","embeddable":true,"href":"https:\/\/fengchashop.com\/si\/wp-json\/wp\/v2\/product_cat?post=4969"},{"taxonomy":"product_tag","embeddable":true,"href":"https:\/\/fengchashop.com\/si\/wp-json\/wp\/v2\/product_tag?post=4969"}],"curies":[{"name":"wp","href":"https:\/\/api.w.org\/{rel}","templated":true}]}}