{"id":4966,"date":"2022-11-25T07:45:21","date_gmt":"2022-11-25T06:45:21","guid":{"rendered":"https:\/\/test-fengcha.dweb.si\/product\/dong-quai-angelika-bio-v-prahu-250-g\/"},"modified":"2026-04-24T19:11:53","modified_gmt":"2026-04-24T17:11:53","slug":"dong-quai-angelika-bio-v-prahu","status":"publish","type":"product","link":"https:\/\/fengchashop.com\/si\/izdelek\/dong-quai-angelika-bio-v-prahu\/","title":{"rendered":"Dong Quai (angelika) BIO v prahu 250 g"},"content":{"rendered":"<h2 style=\"text-align: justify;\">Dong Quai (angelika) BIO v prahu<\/h2>\n<p style=\"text-align: justify;\"><span style=\"color: #000000;\">Dong Quai je starodavno kitajsko zeli\u0161\u010de, katerega poznamo tudi pod imeni <strong>Angelica sinensis<\/strong> (kitajska angelika), imenujemo pa ga tudi <strong>Dang Gui<\/strong> (izgovori se tang Kuei) in je eno najpomembnej\u0161ih zeli\u0161\u010d vvzhodnem svetu.<\/span><\/p>\n<p style=\"text-align: justify;\"><span style=\"color: #000000;\">Dong Quia raste v visokogorju, v hladnih in vla\u017enih obmo\u010djih <strong>Japonske, Koreje in Kitajske<\/strong>. Je trpe\u017ena trajnica, ki lahko dose\u017ee vi\u0161ino dveh metrov. Ima gladka vijoli\u010dna stebla, pernato razporejene liste in majhno belo ali zeleno cvetje, ki je zlo\u017eeno v grozdne cvetove. Zdravilen del Dong Quia pa so rumeno-rjave razvejane korenine, katere posu\u0161ijo in nare\u017eejo ter jih uporabljajo <strong>v zdravilne namene<\/strong>. Nekateri deli korenine so si razli\u010dni in zato so tudi njihovi <strong>u\u010dinki razli\u010dni<\/strong>.<\/span><\/p>\n<h2 style=\"text-align: justify;\"><span style=\"color: #000000;\">Katere so pomembne u\u010dinkovine Dong Quaia?<\/span><\/h2>\n<p style=\"text-align: justify;\"><span style=\"color: #000000;\">Dong Quai vsebuje veliko <strong>folne, folinske in nikotinske kisline<\/strong>, obogaten je z <strong>vitaminom B12<\/strong>, hkrati pa vsebuje tudi veliko v<strong>itaminov A in E, karotena, biotina<\/strong> in <strong>pantotenske kisline<\/strong>. <strong>Kobalt<\/strong>, ki ga prav tako najdemo v korenini angelike, v kombinaciji z vitaminom B12 pomaga okrepiti kri.<\/span><\/p>\n<p style=\"text-align: justify;\"><span style=\"color: #000000;\">Najpomembnej\u0161i element za ravnovesje \u017eenskih hormonov je hormon estrogen, ki ga je mogo\u010de nadomestiti s skupino kemikalij, imenovanih<strong> fitoestrogeni<\/strong>. Angelika pa vsebuje veliko fitoestrogeno. Poleg tega \u0161tudije dokazujejo, da Dong Quai deluje kot dvosmerni regulator, saj zavira prekomerno izlo\u010danje estrogena ali spodbuja nezadostno izlo\u010danje estrogena.<\/span><\/p>\n<p style=\"text-align: justify;\"><span style=\"color: #000000;\">Dong Quai je tudi <strong>\u00bblepotni tonik\u00ab<\/strong> za ko\u017eo, saj pospe\u0161uje pretok krvi v ko\u017ei in se uporablja za lepo in sijo\u010do polt.\u00a0<\/span><\/p>\n<h2 style=\"text-align: justify;\"><span style=\"color: #000000;\">Shranjevanje in opozorila<\/span><\/h2>\n<p style=\"text-align: justify;\"><span style=\"color: #000000;\">Shranjujte v suhem in hladnem prostoru pri temperaturi do 25 \u00b0C. Prehransko dopolnilo naj bo nedosegljivo otrokom!<\/span><\/p>\n<p style=\"text-align: justify;\"><span style=\"color: #000000;\">Ne pozabite na pomembnost raznolike prehrane in zdravega na\u010dina \u017eivljenja, prehransko dopolnilo zato ni nadomestilo za uravnote\u017eeno in raznovrstno prehrano.Priporo\u010dene dnevne koli\u010dine oziroma odmerka se ne sme prekora\u010diti. Ko\u017ea lahko postane pretirano ob\u010dutljiva na son\u010dne \u017earke, \u010de dopolnilo zau\u017eijete v ve\u010djih koli\u010dinah.<\/span><\/p>\n<p style=\"text-align: justify;\"><span style=\"color: #000000;\">Nose\u010dnicam in doje\u010dim materam uporabo odsvetujemo. Ravno tako odsvetujemo uporabo osebam, ki jemljejo zdravila proti strjevanju krvi. Priporo\u010dljivo je, da se za ve\u010d informacij ob morebitnih zdravstvenih te\u017eavah posvetujete s svojim zdravnikom.<\/span><\/p>\n<h2 style=\"text-align: justify;\"><span style=\"color: #000000;\">Pakiranje<\/span><\/h2>\n<p style=\"text-align: justify;\"><span style=\"color: #000000;\">Nepredu\u0161na vre\u010dka z zadrgo, kjer izdelek ohrani vso sve\u017eino in aromo. Embala\u017ea \u0161\u010diti pred svetlobo in zrakom, saj je sestavljena iz ve\u010d slojev za\u0161\u010dite, ki ohranjajo lastnosti vsebine.<\/span><\/p>\n<p style=\"text-align: justify;\"><span style=\"color: #000000;\">Embala\u017ea je zelo prakti\u010dna in omogo\u010da recikliranje.<\/span><\/p>\n<h2 style=\"text-align: justify;\"><span style=\"color: #000000;\">Poreklo<\/span><\/h2>\n<p style=\"text-align: justify;\"><span style=\"color: #000000;\">Kitajska<\/span><\/p>\n<p><span style=\"color: #000000;\">Imamo zelo zanesljive dobavitelje, ki nam za vsako serijo po\u0161ljejo podrobno kemijsko analizo \u017eivila. V ve\u010d kot desetih letih nismo imeli \u0161e nobenega odpoklica ali kakr\u0161ne koli druge te\u017eave s tem artiklom, pa tudi z drugimi artikli istega dobavitelja ne.<\/span><\/p>\n<p><span style=\"color: #000000;\">Artikel ima 100 % ekolo\u0161ki certifikat.<\/span><\/p>\n","protected":false},"excerpt":{"rendered":"<p>Prehransko dopolnilo. Dong Quai je starodavno kitajsko zeli\u0161\u010de, katerega poznamo tudi pod imeni Angelica sinensis (kitajska angelika), imenujemo pa ga tudi Dang Gui (izgovori se tang Kuei) in je eno najpomembnej\u0161ih zeli\u0161\u010d v vzhodnem svetu.<\/p>\n","protected":false},"featured_media":4967,"comment_status":"open","ping_status":"closed","template":"","meta":{"_acf_changed":false},"product_brand":[],"product_cat":[195,216],"product_tag":[],"class_list":{"0":"post-4966","1":"product","2":"type-product","3":"status-publish","4":"has-post-thumbnail","6":"product_cat-superhrana","7":"product_cat-vsi-izdelki","9":"first","10":"instock","11":"taxable","12":"shipping-taxable","13":"purchasable","14":"product-type-simple"},"acf":[],"_links":{"self":[{"href":"https:\/\/fengchashop.com\/si\/wp-json\/wp\/v2\/product\/4966","targetHints":{"allow":["GET"]}}],"collection":[{"href":"https:\/\/fengchashop.com\/si\/wp-json\/wp\/v2\/product"}],"about":[{"href":"https:\/\/fengchashop.com\/si\/wp-json\/wp\/v2\/types\/product"}],"replies":[{"embeddable":true,"href":"https:\/\/fengchashop.com\/si\/wp-json\/wp\/v2\/comments?post=4966"}],"wp:featuredmedia":[{"embeddable":true,"href":"https:\/\/fengchashop.com\/si\/wp-json\/wp\/v2\/media\/4967"}],"wp:attachment":[{"href":"https:\/\/fengchashop.com\/si\/wp-json\/wp\/v2\/media?parent=4966"}],"wp:term":[{"taxonomy":"product_brand","embeddable":true,"href":"https:\/\/fengchashop.com\/si\/wp-json\/wp\/v2\/product_brand?post=4966"},{"taxonomy":"product_cat","embeddable":true,"href":"https:\/\/fengchashop.com\/si\/wp-json\/wp\/v2\/product_cat?post=4966"},{"taxonomy":"product_tag","embeddable":true,"href":"https:\/\/fengchashop.com\/si\/wp-json\/wp\/v2\/product_tag?post=4966"}],"curies":[{"name":"wp","href":"https:\/\/api.w.org\/{rel}","templated":true}]}}