{"id":4959,"date":"2022-10-01T08:26:55","date_gmt":"2022-10-01T06:26:55","guid":{"rendered":"https:\/\/test-fengcha.dweb.si\/product\/shilajit-v-prahu-125-g\/"},"modified":"2026-04-29T23:20:19","modified_gmt":"2026-04-29T21:20:19","slug":"shilajit-v-prahu","status":"publish","type":"product","link":"https:\/\/fengchashop.com\/si\/izdelek\/shilajit-v-prahu\/","title":{"rendered":"Shilajit v prahu 125 g"},"content":{"rendered":"<h2 style=\"text-align: justify\"><span style=\"color: #000000\">Shilajit (Mumio)<\/span><\/h2>\n<p style=\"text-align: justify\"><span style=\"color: #000000\">Shijalit je prehransko dopolnilo.<\/span><\/p>\n<p style=\"text-align: justify\"><span style=\"color: #000000\">Shilajit ali tako imenovan\u00a0<strong>Mumio<\/strong>\u00a0je z\u00a0<strong>minerali bogata organska snov<\/strong>, ki se v poletnih mesecih\u00a0<strong>pretaka skozi \u010deri in razpoke med skalovjem visokogorskega sveta<\/strong>\u00a0severovzhodne Indije in drugih delov Azije ter jugovzhodnih delih Himalaje. Shilajit je\u00a0<strong>gorska smola<\/strong>, ki naj bil bi nastala pred ve\u010d kot 50 milijoni leti ob trku Azije z indijskim kontinentom. Znana je tudi kot mineralna smola. V jugovzhodnih predeli Himalaje shilajit prebivalci uporabljajo \u017ee tiso\u010dletja. Gorsko smolo najdemo v ve\u010d razli\u010dnih odtenkih, in sicer zlata, srebra, bakra in v \u010drni barvi, katera ajuverdski medicini najpogosteje uporablja.<\/span><\/p>\n<h2 style=\"text-align: justify\"><span style=\"color: #000000\">Kako se pridobiva shilajit?<\/span><\/h2>\n<p style=\"text-align: justify\"><span style=\"color: #000000\">V ajuverdski medicini se shilajit uporablja <strong>\u017ee ve\u010d kot 3000 let<\/strong>, kot zdravilo za razli\u010dne zdravstvene te\u017eave. Smola shilajit je sestavljena <strong>iz razli\u010dnih smol, usedlin in drugih materialov<\/strong>, ki se zbirajo v gorah na nadmorski vi\u0161ini 3000 m ali celo ve\u010d.<\/span><\/p>\n<p style=\"text-align: justify\"><span style=\"color: #000000\">Postopek pridobivanja shilajita je zelo zahteven, saj ga po nabiranju najprej <strong>o\u010distijo z organskimi procesi<\/strong>, nato z iztiskanjem pridobijo <strong>koncentriran, visokokakovosten izvle\u010dek<\/strong>. Shilajit se pridobiva s posebno metodo, s katero <strong>ohranja naravno sestavo in \u010distost shilajita<\/strong>. Poleg tega se <strong>ohranijo klju\u010dne hranilne snovi<\/strong> in njegova energija se ne izgubi. Smola, uporabljena kot prehransko dopolnilo je ena najbolj\u0161ih vrst, saj gre skozi <strong>strog postopek \u010di\u0161\u010denja, kar zagotavlja, da je primerna za u\u017eivanje<\/strong>.<\/span><\/p>\n<h2 style=\"text-align: justify\"><span style=\"color: #000000\">Shranjevanje in opozorila<\/span><\/h2>\n<p style=\"text-align: justify\"><span style=\"color: #000000\">Shranjujte v suhem in hladnem prostoru pri temperaturi do 25 \u00b0C. Prehransko dopolnilo naj bo nedosegljivo otrokom!<\/span><\/p>\n<p style=\"text-align: justify\"><span style=\"color: #000000\">Ne pozabite na pomembnost raznolike prehrane in zdravega na\u010dina \u017eivljenja, prehransko dopolnilo zato ni nadomestilo za uravnote\u017eeno in raznovrstno prehrano. Priporo\u010dene dnevne koli\u010dine oziroma odmerka se ne sme prekora\u010diti. Nose\u010dnicam in doje\u010dim materam uporabo odsvetujemo.<\/span><\/p>\n<p style=\"text-align: justify\"><span style=\"color: #000000\">U\u017eivanje shilajita zmanj\u0161ajte, \u010de se pojavijo kakr\u0161ni koli negativni stranski u\u010dinki. Pijte ve\u010d vode.<\/span><\/p>\n<p style=\"text-align: justify\"><span style=\"color: #000000\">Shilajit je spojina, obogatena z minerali, zato obstaja nevarnost toksi\u010dne preobremenitve z minerali, kot je \u017eelezo, predvsem \u010de jemljete tudi dopolnila, ki vsebuje nekatere iste minerale. Zato je vedno priporo\u010dljivo, da se za ve\u010d informacij posvetujete s svojim zdravnikom.<\/span><\/p>\n<h2 style=\"text-align: justify\"><span style=\"color: #000000\">Pakiranje<\/span><\/h2>\n<p style=\"text-align: justify\"><span style=\"color: #000000\">Nepredu\u0161na vre\u010dka z zadrgo, kjer izdelek ohrani vso sve\u017eino in aromo. Embala\u017ea \u0161\u010diti pred svetlobo in zrakom, saj je sestavljena iz ve\u010d slojev za\u0161\u010dite, ki ohranjajo lastnosti vsebine.<\/span><\/p>\n<p style=\"text-align: justify\"><span style=\"color: #000000\">Embala\u017ea je zelo prakti\u010dna in omogo\u010da recikliranje.<\/span><\/p>\n<h2 style=\"text-align: justify\"><span style=\"color: #000000\">Poreklo<\/span><\/h2>\n<p style=\"text-align: justify\"><span style=\"color: #000000\">Indija<\/span><\/p>\n","protected":false},"excerpt":{"rendered":"<p style=\"text-align: justify\"><span style=\"color: #000000\">Prehransko dopolnilo. Shilajit ali tako imenovan Mumio je z minerali bogata organska snov, ki se v poletnih mesecih pretaka skozi \u010deri in razpoke med skalovjem visokogorskega sveta severovzhodne Indije in drugih delov Azije ter jugovzhodnih delih Himalaje. Shilajit je gorska smola, ki naj bil bi nastala pred ve\u010d kot 50 milijoni leti ob trku Azije z indijskim kontinentom. Znana je tudi kot mineralna smola. V jugovzhodnih predeli Himalaje shilajit prebivalci uporabljajo \u017ee tiso\u010dletja.<\/span><\/p>\n<p>&nbsp;<\/p>\n","protected":false},"featured_media":4960,"comment_status":"open","ping_status":"closed","template":"","meta":{"_acf_changed":false},"product_brand":[],"product_cat":[15,194,195,216],"product_tag":[],"class_list":{"0":"post-4959","1":"product","2":"type-product","3":"status-publish","4":"has-post-thumbnail","6":"product_cat-uncategorized","7":"product_cat-ajurveda","8":"product_cat-superhrana","9":"product_cat-vsi-izdelki","11":"first","12":"instock","13":"sale","14":"taxable","15":"shipping-taxable","16":"purchasable","17":"product-type-simple"},"acf":[],"_links":{"self":[{"href":"https:\/\/fengchashop.com\/si\/wp-json\/wp\/v2\/product\/4959","targetHints":{"allow":["GET"]}}],"collection":[{"href":"https:\/\/fengchashop.com\/si\/wp-json\/wp\/v2\/product"}],"about":[{"href":"https:\/\/fengchashop.com\/si\/wp-json\/wp\/v2\/types\/product"}],"replies":[{"embeddable":true,"href":"https:\/\/fengchashop.com\/si\/wp-json\/wp\/v2\/comments?post=4959"}],"wp:featuredmedia":[{"embeddable":true,"href":"https:\/\/fengchashop.com\/si\/wp-json\/wp\/v2\/media\/4960"}],"wp:attachment":[{"href":"https:\/\/fengchashop.com\/si\/wp-json\/wp\/v2\/media?parent=4959"}],"wp:term":[{"taxonomy":"product_brand","embeddable":true,"href":"https:\/\/fengchashop.com\/si\/wp-json\/wp\/v2\/product_brand?post=4959"},{"taxonomy":"product_cat","embeddable":true,"href":"https:\/\/fengchashop.com\/si\/wp-json\/wp\/v2\/product_cat?post=4959"},{"taxonomy":"product_tag","embeddable":true,"href":"https:\/\/fengchashop.com\/si\/wp-json\/wp\/v2\/product_tag?post=4959"}],"curies":[{"name":"wp","href":"https:\/\/api.w.org\/{rel}","templated":true}]}}