{"id":4952,"date":"2022-08-19T05:47:44","date_gmt":"2022-08-19T03:47:44","guid":{"rendered":"https:\/\/test-fengcha.dweb.si\/product\/guayusa-bio-100-g\/"},"modified":"2026-04-29T11:59:05","modified_gmt":"2026-04-29T09:59:05","slug":"guayusa-bio","status":"publish","type":"product","link":"https:\/\/fengchashop.com\/si\/izdelek\/guayusa-bio\/","title":{"rendered":"Guayusa BIO 100 g"},"content":{"rendered":"<h2><span style=\"color: #000000\">Guayusa BIO<\/span><\/h2>\n<p><span style=\"color: #000000\">Guayusa, ki se v besedni zvezi izgovarja kot ghwy-you-sa, pomeni &#8220;no\u010dni \u010duvaj&#8221;, saj se ob\u010dasno uporablja za to, da ljudje ne spijo pono\u010di. Tako ljudstvo Kichwa imenuje zimzeleno drevo, katerega\u00a0<strong>listi se uporabljajo za pripravo \u010daja<\/strong>. Drevesa Guayusa imenovana tudi svetlina (Ilex guayusa), so visoka od 6 do 30 metrov in imajo podolgovate, ble\u0161\u010de\u010de zelene liste.<\/span><\/p>\n<p><span style=\"color: #000000\">Najstarej\u0161a odkritja dokazujejo, da so avtohtoni prebivalci Kichwa za\u010deli gojiti Guayusa pred 1000 leti. Guayusa je najverjetneje\u00a0<strong>najbolj kofeinski \u010dajni list na vsem svetu<\/strong>, saj vsebuje do 7,6 odstotka kofeina!<\/span><\/p>\n<p><span style=\"color: #000000\">Guayusa je raz\u0161irjena v amazonski d\u017eungli, najpogosteje pa jo gojijo v Ekvadorju. Njeni listi se\u00a0<strong>tradicionalno nabirajo, su\u0161ijo in uporabljajo za pripravo zeli\u0161\u010dnega \u010daja<\/strong>, ki je cenjen zaradi\u00a0<strong>visoke vsebnosti kofeina in antioksidantov<\/strong>.<\/span><\/p>\n<p><span style=\"color: #000000\">Nekateri menijo, da ima guayusa dodatne prednosti. Ima\u00a0<strong>veliko vitaminov, aminokislin in antioksidantov<\/strong>. Poleg tega ima spojine, kot je\u00a0<strong>teobromin<\/strong>, ki je prisoten tudi v kakavu in je znan po svojih lastnostih, da\u00a0<strong>dvigujejo razpolo\u017eenje<\/strong>.<\/span><\/p>\n<h2><span style=\"color: #000000\">Kaj je guayusa \u010daj<\/span><\/h2>\n<p><span style=\"color: #000000\">Guayusa je zeli\u0161\u010dni napitek, se pogosto ogla\u0161uje kot\u00a0<strong>bolj zdrava spodbuda za energijo kot kava in energijske pija\u010de<\/strong>.<\/span><\/p>\n<p><span style=\"color: #000000\">Domorodno ljudstvo Kichwa, ki govori avtohtoni jezik, zna\u010dilen za amazonski de\u017eevni gozd, \u017ee ve\u010d sto let pije \u010daj guayusa kot del ritualnih lovskih obredov, da bi pridobilo duhovno jasnost in se fizi\u010dno pripravilo na fizi\u010dno zahtevno \u017eivljenje v de\u017eevnem gozdu. Avtohtoni prebivalci Ekvadorja ga uporabljajo zlasti pred spanjem, da bi se povezali z vi\u0161jimi stanji zavesti.<\/span><\/p>\n<p><span style=\"color: #000000\">Prav tako\u00a0<strong>nima grenkobe in ostrega okusa<\/strong>, saj skoraj v celoti nima taninov, kar omogo\u010da tudi\u00a0<strong>ve\u010dkratno namakanje listov<\/strong>. Namesto tega ima\u00a0<strong>hrustljav, sladek okus<\/strong>, ki je \u010dudovit sam po sebi ali v kombinaciji s sojinim, ri\u017eevim ali ore\u0161\u010dkovim mlekom.<\/span><\/p>\n<h2><span style=\"color: #000000\">U\u010dinki guayusa<\/span><\/h2>\n<p><span style=\"color: #000000\">\u010caj Guayusa ima zanimiv u\u010dinek:\u00a0<strong>po eni strani spodbuja<\/strong>\u00a0zaradi visoke vsebnosti kofeina,\u00a0<strong>po drugi strani pa zagotavlja prijetno umirjenost in ravnovesje<\/strong>, verjetno zaradi spremljajo\u010dih spojin, kot sta L-teanin in teobromin.<\/span><\/p>\n<p><span style=\"color: #000000\">Guayusa lahko izbolj\u0161a va\u0161e\u00a0<strong>du\u0161evno stanje in osredoto\u010denost<\/strong>. Vsebuje veliko kofeina, ki je poznan kot stimulans. Prisoten je tudi teobromin, alkaloid, ki je strukturno podoben kofeinu. Poleg tega teobromin vsebujejo \u017eivila, kot sta \u010dokolada in kakav v prahu. Dokazano je, da kombinacija kave in teobromina\u00a0<strong>izbolj\u0161a razpolo\u017eenje, budnost in<\/strong>\u00a0<strong>zbranost<\/strong>, prav tako pa lahko<strong>\u00a0izbolj\u0161a kratkoro\u010dno delovanje mo\u017eganov<\/strong>.<\/span><\/p>\n<p><span style=\"color: #000000\">Guayusa vsebuje\u00a0<strong>\u0161tevilne antioksidante<\/strong>. Z bojem proti prostim radikalom, ki so nestabilne kemikalije v telesu,\u00a0<strong>zmanj\u0161ujejo oksidativni stres<\/strong>. Tako lahko\u00a0<strong>zmanj\u0161ajo tveganje za razvoj \u0161tevilnih kroni\u010dnih bolezni<\/strong>.\u00a0<\/span><\/p>\n<p><span style=\"color: #000000\">Mo\u010dna koncentracija kofeina v Guayusi lahko\u00a0<strong>pomaga pri huj\u0161anju<\/strong>. Naravni stimulansi, kot je kofein, lahko pospe\u0161ijo presnovo in pove\u010dajo koli\u010dino kalorij, ki jih va\u0161e telo pokuri.<\/span><\/p>\n<h2><span style=\"color: #000000\">Shranjevanje in opozorila<\/span><\/h2>\n<p><span style=\"color: #000000\">Shranjujemo v suhem, temnem in hladnem prostoru. Posu\u0161ene liste je treba do uporabe hraniti v nepredu\u0161ni vre\u010dki ali posodi.<\/span><\/p>\n<p><span style=\"color: #000000\">Guayusa vsebuje naravno prisoten kofein.<\/span><\/p>\n<h2><span style=\"color: #000000\">Pakiranje<\/span><\/h2>\n<p><span style=\"color: #000000\">Nepredu\u0161na vre\u010dka z zadrgo, kjer izdelek ohrani vso sve\u017eino in aromo. Embala\u017ea \u0161\u010diti pred svetlobo in zrakom, saj je sestavljena iz ve\u010d slojev za\u0161\u010dite, ki ohranjajo lastnosti vsebine.<\/span><\/p>\n<p><span style=\"color: #000000\">Embala\u017ea je zelo prakti\u010dna in omogo\u010da recikliranje.<\/span><\/p>\n<h2><span style=\"color: #000000\">Poreklo<\/span><\/h2>\n<p><span style=\"color: #000000\">Ekvador<\/span><\/p>\n","protected":false},"excerpt":{"rendered":"<p>Zeli\u0161\u010dni \u010daj s \u0161tevilnimi u\u010dinkovinami <strong>za dolgo, zdravo in vitalno \u017eivljenje<\/strong>. Guayusa, ki se v besedni zvezi izgovarja kot ghwy-you-sa, pomeni &#8220;no\u010dni \u010duvaj&#8221;, saj se ob\u010dasno uporablja za to, da ljudje ne spijo pono\u010di. Je najverjetneje <strong>najbolj kofeinski \u010dajni list<\/strong> na vsem svetu, <strong>saj vsebuje do 7,6 odstotka kofeina<\/strong>!<\/p>\n<p>\ud83d\udc9a Dviguje razpolo\u017eenje.<\/p>\n<p>\ud83d\udc9a Ima veliko vitaminov, aminokislin in antioksidantov.<\/p>\n<p>\ud83d\udc9a Bolj zdrava spodbuda za energijo kot kava in energijske pija\u010de.<\/p>\n<p>\ud83d\udc9a Izbolj\u0161a va\u0161e du\u0161evno stanje in osredoto\u010denost.<\/p>\n","protected":false},"featured_media":4953,"comment_status":"open","ping_status":"closed","template":"","meta":{"_acf_changed":false},"product_brand":[],"product_cat":[15,205,216],"product_tag":[],"class_list":{"0":"post-4952","1":"product","2":"type-product","3":"status-publish","4":"has-post-thumbnail","6":"product_cat-uncategorized","7":"product_cat-caj-hrana-zacimbe","8":"product_cat-vsi-izdelki","10":"first","11":"instock","12":"sale","13":"taxable","14":"shipping-taxable","15":"purchasable","16":"product-type-simple"},"acf":[],"_links":{"self":[{"href":"https:\/\/fengchashop.com\/si\/wp-json\/wp\/v2\/product\/4952","targetHints":{"allow":["GET"]}}],"collection":[{"href":"https:\/\/fengchashop.com\/si\/wp-json\/wp\/v2\/product"}],"about":[{"href":"https:\/\/fengchashop.com\/si\/wp-json\/wp\/v2\/types\/product"}],"replies":[{"embeddable":true,"href":"https:\/\/fengchashop.com\/si\/wp-json\/wp\/v2\/comments?post=4952"}],"wp:featuredmedia":[{"embeddable":true,"href":"https:\/\/fengchashop.com\/si\/wp-json\/wp\/v2\/media\/4953"}],"wp:attachment":[{"href":"https:\/\/fengchashop.com\/si\/wp-json\/wp\/v2\/media?parent=4952"}],"wp:term":[{"taxonomy":"product_brand","embeddable":true,"href":"https:\/\/fengchashop.com\/si\/wp-json\/wp\/v2\/product_brand?post=4952"},{"taxonomy":"product_cat","embeddable":true,"href":"https:\/\/fengchashop.com\/si\/wp-json\/wp\/v2\/product_cat?post=4952"},{"taxonomy":"product_tag","embeddable":true,"href":"https:\/\/fengchashop.com\/si\/wp-json\/wp\/v2\/product_tag?post=4952"}],"curies":[{"name":"wp","href":"https:\/\/api.w.org\/{rel}","templated":true}]}}