{"id":4937,"date":"2022-06-02T22:10:21","date_gmt":"2022-06-02T20:10:21","guid":{"rendered":"https:\/\/test-fengcha.dweb.si\/product\/bachove-kapljice-svetovanje\/"},"modified":"2026-01-21T17:28:27","modified_gmt":"2026-01-21T16:28:27","slug":"bachove-kapljice-svetovanje","status":"publish","type":"product","link":"https:\/\/fengchashop.com\/si\/izdelek\/bachove-kapljice-svetovanje\/","title":{"rendered":"Bachove kapljice svetovanje"},"content":{"rendered":"<h2 style=\"text-align: justify;\"><span style=\"color: #000000;\">Bachove kapljice &#8211; individualno svetovanje<\/span><\/h2>\n<p style=\"text-align: justify;\"><span style=\"color: #000000;\">\u017delite prevzeti nadzor nad svojimi \u010dustvi, najti harmonijo in notranji mir? \u010ce ste vsaj enkrat odgovorili pritrdilno, je terapija z Bachovimi cvetnimi esencami lahko prava re\u0161itev za va\u0161e te\u017eave.\u00a0<\/span><\/p>\n<p style=\"text-align: justify;\"><span style=\"color: #000000;\"><strong>Po\u0161ljite nam kratek opis te\u017eav, ki jih \u017eelite re\u0161iti.<\/strong><\/span><\/p>\n<p style=\"text-align: justify;\"><span style=\"color: #000000;\">Dr. Edvard Bach, zdravnik in homeopat, v 30. letih prej\u0161njega stoletja odkrije 38 cvetnih esenc za posamezna \u010dustvena stanja. Bachove kapljice u\u010dinkovito delujejo proti razli\u010dnim \u010dustvenim stiskam posameznika. So <strong>brez stranskih u\u010dinkov<\/strong> in preproste za uporabo. Pomagajo v razli\u010dnih krizah in te\u017ekih \u017eivljenjskih situacijah.<\/span><\/p>\n<p style=\"text-align: justify;\"><span style=\"color: #000000;\">Primerne so za vse ljudi (nose\u010dnice, starej\u0161e, otroke,&#8230;) ter \u017eivali. Nimajo stranskih u\u010dinkov, ne more se jih predozirati in ne povzro\u010dajo odvisnosti.\u00a0<\/span><\/p>\n<p style=\"text-align: justify;\"><span style=\"color: #000000;\">Prve rezultate lahko opazite po nekaj dneh ali tednih, to je odvisno od vsakega posameznika posebej.<\/span><\/p>\n<p style=\"text-align: justify;\"><span style=\"color: #000000;\">Ne vpliva na druga zdravila.<\/span><\/p>\n<p style=\"text-align: justify;\"><span style=\"color: #000000;\">S pomo\u010djo Bachovih kapljic prevzamemo nadzor nad \u010dustvi, najdemo harmonijo in notranji mir.\u00a0Me\u0161anice Bachovih kapljic pripravljamo v skladu z metodo Dr. Bacha, uporabljamo pa<b>\u00a0izklju\u010dno originalne Bachove esence<\/b>.<\/span><\/p>\n<h2 style=\"text-align: justify;\"><span style=\"color: #000000;\">Izbira kapljic<\/span><\/h2>\n<p style=\"text-align: justify;\"><span style=\"color: #000000;\">Posebno me\u0161anico vam glede na poslani opis pripravi certificirana Bachova svetovalka. Prosimo, da svoj opis te\u017eav in \u010dustvenega stanja vpi\u0161ete v <em data-start=\"286\" data-end=\"303\">polje za opombe<\/em> pri oddaji naro\u010dila na blagajni. Nato dodajte izdelek v ko\u0161arico in zaklju\u010dite nakup. Po prejemu va\u0161ega naro\u010dila vam bomo pripravili va\u0161o personalizirano me\u0161anico.<\/span><br \/>\n<span style=\"color: #000000;\">Kapljice so pripravljene<strong> ro\u010dno in sproti na dan po\u0161iljanja.<\/strong><\/span><\/p>\n<h2 style=\"text-align: justify;\"><span style=\"color: #000000;\">Uporaba<\/span><\/h2>\n<p style=\"text-align: justify;\"><span style=\"color: #000000;\">Bachove kapljice jemljemo 4-krat na dan (zjutraj, opoldne, popoldne, zve\u010der) po 4 kapljice. S prilo\u017eeno kapalko jih lahko nakapamo kar na jezik ali pa jih kanemo v kozarec vode.<\/span><\/p>\n<h2 style=\"text-align: justify;\"><span style=\"color: #000000;\">Sestavine<\/span><\/h2>\n<p style=\"text-align: justify;\"><span style=\"color: #000000;\">Voda, konjak (na va\u0161o \u017eeljo lahko uporabimo tudi kis namesto alkohola), izbrane cvetne esence originalnih Bachovih kapljic.<\/span><\/p>\n<h2 style=\"text-align: justify;\"><span style=\"color: #000000;\">Shranjevanje<\/span><\/h2>\n<p style=\"text-align: justify;\"><span style=\"color: #000000;\">Shranjujemo v suhem in temnem prostoru, na temperaturi do +25 \u00b0C.<\/span><\/p>\n<h2 style=\"text-align: justify;\"><span style=\"color: #000000;\">Koli\u010dina<\/span><\/h2>\n<p style=\"text-align: justify;\"><span style=\"color: #000000;\">30 ml (zadostuje za 30 dni rednega jemanja)<\/span><\/p>\n","protected":false},"excerpt":{"rendered":"<p>Bachove kapljice u\u010dinkovito delujejo proti razli\u010dnim \u010dustvenim stiskam posameznika. Pomagajo v razli\u010dnih krizah in te\u017ekih \u017eivljenjskih situacijah. Z njimi se umirimo in ohranimo mirno glavo. Delujejo na na\u0161e \u010dustveno stanje in ga pomagajo harmonizirati.<\/p>\n<p>\ud83d\udc9a Kapljice so pakirane ro\u010dno, sproti na dan po\u0161iljanja.<br \/>\n\ud83d\udc9a Primerne so za vse ljudi (nose\u010dnice, starej\u0161e, otroke,..) ter \u017eivali.<br \/>\n\ud83d\udc9a Nimajo stranskih u\u010dinkov, ne povzro\u010dajo odvisnosti in ne more se jih predozirati.<br \/>\n\ud83d\udc9a Prve rezultate lahko opazite po nekaj dneh ali tednih, to je odvisno od vsakega posameznika posebej.<br \/>\n\ud83d\udc9a Ne vpliva na druga zdravila.<\/p>\n","protected":false},"featured_media":4915,"comment_status":"open","ping_status":"closed","template":"","meta":{"_acf_changed":false},"product_brand":[],"product_cat":[15,204,216],"product_tag":[],"class_list":{"0":"post-4937","1":"product","2":"type-product","3":"status-publish","4":"has-post-thumbnail","6":"product_cat-uncategorized","7":"product_cat-bachove-kapljice","8":"product_cat-vsi-izdelki","10":"first","11":"instock","12":"taxable","13":"shipping-taxable","14":"purchasable","15":"product-type-simple"},"acf":[],"_links":{"self":[{"href":"https:\/\/fengchashop.com\/si\/wp-json\/wp\/v2\/product\/4937","targetHints":{"allow":["GET"]}}],"collection":[{"href":"https:\/\/fengchashop.com\/si\/wp-json\/wp\/v2\/product"}],"about":[{"href":"https:\/\/fengchashop.com\/si\/wp-json\/wp\/v2\/types\/product"}],"replies":[{"embeddable":true,"href":"https:\/\/fengchashop.com\/si\/wp-json\/wp\/v2\/comments?post=4937"}],"wp:featuredmedia":[{"embeddable":true,"href":"https:\/\/fengchashop.com\/si\/wp-json\/wp\/v2\/media\/4915"}],"wp:attachment":[{"href":"https:\/\/fengchashop.com\/si\/wp-json\/wp\/v2\/media?parent=4937"}],"wp:term":[{"taxonomy":"product_brand","embeddable":true,"href":"https:\/\/fengchashop.com\/si\/wp-json\/wp\/v2\/product_brand?post=4937"},{"taxonomy":"product_cat","embeddable":true,"href":"https:\/\/fengchashop.com\/si\/wp-json\/wp\/v2\/product_cat?post=4937"},{"taxonomy":"product_tag","embeddable":true,"href":"https:\/\/fengchashop.com\/si\/wp-json\/wp\/v2\/product_tag?post=4937"}],"curies":[{"name":"wp","href":"https:\/\/api.w.org\/{rel}","templated":true}]}}