{"id":4923,"date":"2022-06-02T21:05:36","date_gmt":"2022-06-02T19:05:36","guid":{"rendered":"https:\/\/test-fengcha.dweb.si\/product\/bachove-kapljice-menopavza\/"},"modified":"2026-01-28T17:53:09","modified_gmt":"2026-01-28T16:53:09","slug":"bachove-kapljice-menopavza","status":"publish","type":"product","link":"https:\/\/fengchashop.com\/si\/izdelek\/bachove-kapljice-menopavza\/","title":{"rendered":"Bachove kapljice Menopavza"},"content":{"rendered":"<h2 style=\"text-align: justify;\"><span style=\"color: #000000;\">Bachove kapljice za laj\u0161anje simptomov menopavze<\/span><\/h2>\n<p style=\"text-align: justify;\"><span style=\"color: #000000;\">Menopavza je neizogibno obdobje vsake \u017eenske. In \u010deprav se zdi, da jo marsikatera \u017eenska do\u017eivlja neobremenjujo\u010de, ima zagotovo vsaka izmed njih vsaj en simptom, ki je posledica spremenjenega hormonskega stanja, zaradi katerega je menopavza tudi nastopila. Najpogostej\u0161i prvi simptomi prehoda v menopavzo, ko se \u017ee pojavijo motnje menstrualnega cikla, so vro\u010dinski oblivi. Med prve simptome spada tudi no\u010dno znojenje, vrtoglavica, nespe\u010dnost, glavobol, utrujenost, bole\u010dine v \u017eelodcu, manj\u0161a \u017eelja po spolnosti, pa tudi motnje razolo\u017eenja in koncentracije. V tem obdobju je zato izredno pomembno, da si nudimo podporo, ki nam bo omogo\u010dila la\u017eji prehod in soo\u010danje z\u00a0<strong>menopavzo<\/strong>.<\/span><\/p>\n<p style=\"text-align: justify;\"><span style=\"color: #000000;\">Prve rezultate lahko opazite po nekaj dneh ali tednih, to je odvisno od vsakega posameznika posebej. Pripravljena me\u0161anica bo zadostovala za 30 dni, ki si jih enostavno nanesete neposredno v usta ali pa jih kapnete v kozarec vode.\u00a0Ta me\u0161anica, pripravljena posebej za \u017eenske v menopavzi, vam bo pomagala:<\/span><\/p>\n<ul>\n<li><span style=\"color: #000000;\"><i>do bolj\u0161ega spanca in do manj\u0161e splo\u0161ne utrujenosti,<\/i><\/span><\/li>\n<li><span style=\"color: #000000;\"><i>da boste ostali bolj mirni in ne pogosto razdra\u017eljivi,<\/i><\/span><\/li>\n<li><span style=\"color: #000000;\"><i>spodbuditi vitalnost in samozavest,<\/i><\/span><\/li>\n<li><span style=\"color: #000000;\"><i>uravnavati prehranske navade,<\/i><\/span><\/li>\n<li><span style=\"color: #000000;\"><i>dose\u010di manj nihanj razpolo\u017eenja,<\/i><\/span><\/li>\n<li><span style=\"color: #000000;\"><i>u\u017eivati v spolnosti.<\/i><\/span><\/li>\n<\/ul>\n<h2 style=\"text-align: justify;\"><span style=\"color: #000000;\">Delovanje Bachovih kapljic<\/span><\/h2>\n<p style=\"text-align: justify;\"><span style=\"color: #000000;\">Bachove kapljice u\u010dinkovito delujejo proti razli\u010dnim\u00a0<strong>\u010dustvenim stiskam posameznika, kot so tudi ob\u010dutki pri menopavzi<\/strong><strong>, ki nas psihi\u010dno obremenjujejo.<\/strong>\u00a0Pomagajo tudi v razli\u010dnih krizah in te\u017ekih \u017eivljenjskih situacijah. Z njimi se umirimo, ohranimo mirno glavo in dobimo ve\u010d energije. Delujejo na na\u0161e \u010dustveno stanje in ga pomagajo harmonizirati.<\/span><\/p>\n<p style=\"text-align: justify;\"><span style=\"color: #000000;\">Bachova terapija spodbuja samozdravljenje in duhovno spro\u0161\u010danje. Po teoriji dr. Bacha je namre\u010d vzrok za bolezni v neharmoni\u010dnem stanju oz. v pomanjkanju harmonije med telesom in du\u0161o. S pomo\u010djo cvetnih esenc posku\u0161amo bolezen pozdraviti z izkori\u0161\u010danjem\u00a0<b>pozitivnih lastnosti cvetov<\/b>, in sicer tako, da nam pomagajo ponovno vzpostaviti ravnovesje v nas samih.<\/span><\/p>\n<p style=\"text-align: justify;\"><span style=\"color: #000000;\">Me\u0161anice Bachovih kapljic pripravljamo v skladu z metodo Dr. Bacha, uporabljamo pa<b>\u00a0izklju\u010dno originalne Bachove esence<\/b>.<\/span><\/p>\n<p style=\"text-align: justify;\"><span style=\"color: #000000;\">Bachove kapljice jemljete iz stekleni\u010dke s prilo\u017eeno pipeto, kar naredi doziranje izredno enostavno. Dnevno zau\u017eijemo 4-krat po 4 kapljice, ki jih razporedimo \u010dez cel dan. Stekleni\u010dka, ki jo prejmete, zadostuje za 1 mesec terapije.\u00a0<\/span><\/p>\n<p style=\"text-align: justify;\"><span style=\"color: #000000;\">Vsako stekleni\u010dko<b>\u00a0<\/b>izbrane me\u0161anice\u00a0<b>pripravljamo ro\u010dno in sproti<\/b>. Da ostane me\u0161anica dalj \u010dasa sve\u017ea, uporabimo nekaj alkohola (konjaka). Rok uporabe me\u0161anice 1 mesec od dneva nakupa.<\/span><\/p>\n<p style=\"text-align: justify;\"><span style=\"color: #000000;\">Ker Bachove kapljice <strong>nimajo\u00a0<\/strong><b>stranskih u\u010dinkov<\/b>, jih ne moremo predozirati in ne povzro\u010dajo odvisnosti. Primerne so za vse \u2013\u00a0 nose\u010dnice, doje\u010de matere, starej\u0161e osebe, otroke in \u017eivali.<\/span><\/p>\n<p style=\"text-align: justify;\"><span style=\"color: #000000;\">Ne vpliva na druga zdravila.<\/span><\/p>\n<h2 style=\"text-align: justify;\"><span style=\"color: #000000;\">Uporaba<\/span><\/h2>\n<p style=\"text-align: justify;\"><span style=\"color: #000000;\">Bachove kapljice jemljemo 4-krat na dan (zjutraj, opoldne, popoldne, zve\u010der) po 4 kapljice. S prilo\u017eeno kapalko jih lahko nakapamo kar na jezik ali pa jih kanemo v kozarec vode.<\/span><\/p>\n<h2 style=\"text-align: justify;\"><span style=\"color: #000000;\">Sestavine<\/span><\/h2>\n<p style=\"text-align: justify;\"><span style=\"color: #000000;\">Voda, konjak (na va\u0161o \u017eeljo lahko uporabimo tudi kis namesto alkohola), izbrane cvetne esence originalnih Bachovih kapljic.<\/span><\/p>\n<h2 style=\"text-align: justify;\"><span style=\"color: #000000;\">Shranjevanje<\/span><\/h2>\n<p style=\"text-align: justify;\"><span style=\"color: #000000;\">Shranjujemo v suhem in temnem prostoru, na temperaturi do +25 \u00b0C.<\/span><\/p>\n<h2 style=\"text-align: justify;\"><span style=\"color: #000000;\">Koli\u010dina<\/span><\/h2>\n<p style=\"text-align: justify;\"><span style=\"color: #000000;\">30 ml (zadostuje za 30 dni rednega jemanja)\u00a0<\/span><\/p>\n","protected":false},"excerpt":{"rendered":"<p>Bachove kapljice u\u010dinkovito delujejo proti razli\u010dnim \u010dustvenim stiskam posameznika. Pomagajo v razli\u010dnih krizah in te\u017ekih \u017eivljenjskih situacijah. Z njimi se umirimo in ohranimo mirno glavo. Delujejo na na\u0161e \u010dustveno stanje in ga pomagajo harmonizirati.<\/p>\n<p>\ud83d\udc9a Kapljice so pakirane ro\u010dno, sproti na dan po\u0161iljanja.<br \/>\n\ud83d\udc9a Primerne so za vse ljudi (nose\u010dnice, starej\u0161e, otroke,..) ter \u017eivali.<br \/>\n\ud83d\udc9a Nimajo stranskih u\u010dinkov, ne povzro\u010dajo odvisnosti in ne more se jih predozirati.<br \/>\n\ud83d\udc9a Prve rezultate lahko opazite po nekaj dneh ali tednih, to je odvisno od vsakega posameznika posebej.<br \/>\n\ud83d\udc9a Ne vpliva na druga zdravila.<\/p>\n","protected":false},"featured_media":4915,"comment_status":"open","ping_status":"closed","template":"","meta":{"_acf_changed":false},"product_brand":[],"product_cat":[15,204,216],"product_tag":[],"class_list":{"0":"post-4923","1":"product","2":"type-product","3":"status-publish","4":"has-post-thumbnail","6":"product_cat-uncategorized","7":"product_cat-bachove-kapljice","8":"product_cat-vsi-izdelki","10":"first","11":"instock","12":"sale","13":"taxable","14":"shipping-taxable","15":"purchasable","16":"product-type-simple"},"acf":[],"_links":{"self":[{"href":"https:\/\/fengchashop.com\/si\/wp-json\/wp\/v2\/product\/4923","targetHints":{"allow":["GET"]}}],"collection":[{"href":"https:\/\/fengchashop.com\/si\/wp-json\/wp\/v2\/product"}],"about":[{"href":"https:\/\/fengchashop.com\/si\/wp-json\/wp\/v2\/types\/product"}],"replies":[{"embeddable":true,"href":"https:\/\/fengchashop.com\/si\/wp-json\/wp\/v2\/comments?post=4923"}],"wp:featuredmedia":[{"embeddable":true,"href":"https:\/\/fengchashop.com\/si\/wp-json\/wp\/v2\/media\/4915"}],"wp:attachment":[{"href":"https:\/\/fengchashop.com\/si\/wp-json\/wp\/v2\/media?parent=4923"}],"wp:term":[{"taxonomy":"product_brand","embeddable":true,"href":"https:\/\/fengchashop.com\/si\/wp-json\/wp\/v2\/product_brand?post=4923"},{"taxonomy":"product_cat","embeddable":true,"href":"https:\/\/fengchashop.com\/si\/wp-json\/wp\/v2\/product_cat?post=4923"},{"taxonomy":"product_tag","embeddable":true,"href":"https:\/\/fengchashop.com\/si\/wp-json\/wp\/v2\/product_tag?post=4923"}],"curies":[{"name":"wp","href":"https:\/\/api.w.org\/{rel}","templated":true}]}}