{"id":4920,"date":"2022-06-02T20:59:41","date_gmt":"2022-06-02T18:59:41","guid":{"rendered":"https:\/\/test-fengcha.dweb.si\/product\/bachove-kapljice-izpiti\/"},"modified":"2026-01-28T17:53:19","modified_gmt":"2026-01-28T16:53:19","slug":"bachove-kapljice-izpiti","status":"publish","type":"product","link":"https:\/\/fengchashop.com\/si\/izdelek\/bachove-kapljice-izpiti\/","title":{"rendered":"Bachove kapljice Izpiti"},"content":{"rendered":"<h2><span style=\"color: #000000;\">Bachove kapljice za zmanj\u0161anje stresa pred izpiti, testi in spra\u0161evanju<\/span><\/h2>\n<p><span style=\"color: #000000;\">Stres, ki ga do\u017eivljamo pred izpiti, testi in drugimi na\u010dini ocenjevanja, je v prvi vrsti posledica <b>nezaupanja vase<\/b>. Obi\u010dajno ob\u010dutimo ve\u010dji strah, ko smo dobro pripravljeni na ocenjevanje in to\u010dno vemo, kaj znamo in \u010desa ne. Ta napetost je pravzaprav celo zdrava in za\u017eelena. Ovira postane, ko nas je preve\u010d strah in je na\u0161 odziv pretiran, poleg tega pa vpliva na na\u0161 spomin in koncentracijo. Ne spomnimo se ve\u010d, kaj smo se u\u010dili, dvomiti za\u010dnemo v uspeh. Za\u0161\u010ditni mehanizmi, ki nas v strahu branijo pred navidezno ogro\u017eajo\u010do situacijo, nam omogo\u010dajo pripravljenost na fizi\u010dni beg ali boj, vse misli so zato usmerjene le v to. Zato potrebujemo nekaj za zaupanje vase. Bachove kapljice \u00bbIzpiti\u00ab so lahko prava re\u0161itev za vse, ki jim pretirani strah pred ocenjevanjem onemogo\u010di uspeh, ki si ga \u017eelijo. Ta posebna me\u0161anica <b>vam bo pomagala<\/b>:<\/span><\/p>\n<ul>\n<li><span style=\"color: #000000;\"><i>da boste med izpiti in testi bolj mirni,<\/i><\/span><\/li>\n<li><span style=\"color: #000000;\"><i>da boste verjeli v svoje sposobnosti,<\/i><\/span><\/li>\n<li><span style=\"color: #000000;\"><i>da ne boste zaskrbljeni in anksiozni,<\/i><\/span><\/li>\n<li><span style=\"color: #000000;\"><i>da boste bolje spali in ne boste pretirano zaskrbljeni \u017ee ve\u010der pred izpitom ali testom,<\/i><\/span><\/li>\n<li><span style=\"color: #000000;\"><i>da ne izgubite poguma (tudi \u010de nam izpit ni \u0161el dobro),<\/i><\/span><\/li>\n<li><span style=\"color: #000000;\"><i>izbolj\u0161ati koncentracijo.<\/i><\/span><\/li>\n<\/ul>\n<p><span style=\"color: #000000;\">Prve rezultate lahko opazite po nekaj dneh ali tednih, to je odvisno od vsakega posameznika posebej.\u00a0Pripravljena me\u0161anica bo zadostovala za 30 dni, ki si jih enostavno nanesete neposredno v usta ali pa jih kapnete v kozarec vode.\u00a0\u00a0<\/span><\/p>\n<h2><span style=\"color: #000000;\"><b> Delovanje Bachovih kapljic<\/b><\/span><\/h2>\n<p><span style=\"color: #000000;\">Bachove kapljice u\u010dinkovito delujejo proti razli\u010dnim\u00a0<b>\u010dustvenim stiskam posameznika,<\/b><strong> kot je stres pred izpiti ali testi.<\/strong> Bachove kapljice nam pomagajo v razli\u010dnih krizah in te\u017ekih \u017eivljenjskih situacijah, preizku\u0161njah. Z njimi se umirimo in ohranimo mirno glavo, saj delujejo na na\u0161e \u010dustveno stanje in ga pomagajo harmonizirati. S pomo\u010djo Bachovih kapljic prevzamemo\u00a0<b>nadzor nad\u00a0na\u0161imi\u00a0\u010dustvi<\/b>, le-tako pa ustvarimo harmonijo in s tem najdemo svoj notranji mir.<\/span><\/p>\n<p><span style=\"color: #000000;\">Bachova terapija spodbuja samozdravljenje in duhovno spro\u0161\u010danje. Po teoriji dr. Bacha je namre\u010d vzrok za bolezni v neharmoni\u010dnem stanju oz. v pomanjkanju harmonije med telesom in du\u0161o. S pomo\u010djo cvetnih esenc posku\u0161amo bolezen pozdraviti z izkori\u0161\u010danjem\u00a0<b>pozitivnih lastnosti cvetov<\/b>, in sicer tako, da nam pomagajo ponovno vzpostaviti ravnovesje v nas samih.<\/span><\/p>\n<p><span style=\"color: #000000;\">Me\u0161anice Bachovih kapljic pripravljamo v skladu z metodo Dr. Bacha, uporabljamo pa<b>\u00a0izklju\u010dno originalne Bachove esence<\/b>.<\/span><\/p>\n<p><span style=\"color: #000000;\">Bachove kapljice jemljete iz stekleni\u010dke s prilo\u017eeno pipeto, kar naredi doziranje izredno enostavno. Dnevno zau\u017eijemo 4-krat po 4 kapljice, ki jih razporedimo \u010dez cel dan. Stekleni\u010dka, ki jo prejmete, zadostuje za 1 mesec terapije.\u00a0<\/span><\/p>\n<p><span style=\"color: #000000;\">Vsako stekleni\u010dko<b>\u00a0<\/b>izbrane me\u0161anice\u00a0<b>pripravljamo ro\u010dno in sproti<\/b>. Da ostane me\u0161anica dalj \u010dasa sve\u017ea, uporabimo nekaj alkohola (konjaka). Rok uporabe me\u0161anice 1 mesec od dneva nakupa.<\/span><\/p>\n<p><span style=\"color: #000000;\">Ker Bachove kapljice <strong>nimajo<\/strong>\u00a0<b>stranskih u\u010dinkov<\/b>, jih ne moremo predozirati in ne povzro\u010da odvisnosti. So primerne za vse \u2013 nose\u010dnice, doje\u010de matere, starej\u0161e osebe, otroke in \u017eivali.<\/span><\/p>\n<p><span style=\"color: #000000;\">Ne vpliva na druga zdravila.<\/span><\/p>\n<h2><span style=\"color: #000000;\"><b>Uporaba<\/b><\/span><\/h2>\n<p><span style=\"color: #000000;\">Bachove kapljice jemljemo 4-krat na dan (zjutraj, opoldne, popoldne, zve\u010der) po 4 kapljice. S prilo\u017eeno kapalko jih lahko nakapamo kar na jezik ali pa jih kanemo v kozarec vode.<\/span><\/p>\n<h2><span style=\"color: #000000;\"><b>Sestavine<\/b><\/span><\/h2>\n<p><span style=\"color: #000000;\">Voda, konjak (na va\u0161o \u017eeljo lahko uporabimo tudi kis namesto alkohola), izbrane cvetne esence originalnih Bachovih kapljic.<\/span><\/p>\n<h2><span style=\"color: #000000;\"><b>Shranjevanje<\/b><\/span><\/h2>\n<p><span style=\"color: #000000;\">Shranjujemo v suhem in temnem prostoru, na temperaturi do +25 \u00b0C.<\/span><\/p>\n<h2><span style=\"color: #000000;\"><b>Koli\u010dina<\/b><\/span><\/h2>\n<p><span style=\"color: #000000;\">30 ml (zadostuje za 30 dni rednega jemanja)<\/span><\/p>\n","protected":false},"excerpt":{"rendered":"<p>Bachove kapljice u\u010dinkovito delujejo proti razli\u010dnim \u010dustvenim stiskam posameznika. Pomagajo v razli\u010dnih krizah in te\u017ekih \u017eivljenjskih situacijah. Z njimi se umirimo in ohranimo mirno glavo. Delujejo na na\u0161e \u010dustveno stanje in ga pomagajo harmonizirati.<\/p>\n<p>\ud83d\udc9a Kapljice so pakirane ro\u010dno, sproti na dan po\u0161iljanja.<br \/>\n\ud83d\udc9a Primerne so za vse ljudi (nose\u010dnice, starej\u0161e, otroke,..) ter \u017eivali.<br \/>\n\ud83d\udc9a Nimajo stranskih u\u010dinkov, ne povzro\u010dajo odvisnosti in ne more se jih predozirati.<br \/>\n\ud83d\udc9a Prve rezultate lahko opazite po nekaj dneh ali tednih, to je odvisno od vsakega posameznika posebej.<br \/>\n\ud83d\udc9a Ne vpliva na druga zdravila.<\/p>\n","protected":false},"featured_media":4915,"comment_status":"open","ping_status":"closed","template":"","meta":{"_acf_changed":false},"product_brand":[],"product_cat":[15,204,216],"product_tag":[],"class_list":{"0":"post-4920","1":"product","2":"type-product","3":"status-publish","4":"has-post-thumbnail","6":"product_cat-uncategorized","7":"product_cat-bachove-kapljice","8":"product_cat-vsi-izdelki","10":"first","11":"instock","12":"sale","13":"taxable","14":"shipping-taxable","15":"purchasable","16":"product-type-simple"},"acf":[],"_links":{"self":[{"href":"https:\/\/fengchashop.com\/si\/wp-json\/wp\/v2\/product\/4920","targetHints":{"allow":["GET"]}}],"collection":[{"href":"https:\/\/fengchashop.com\/si\/wp-json\/wp\/v2\/product"}],"about":[{"href":"https:\/\/fengchashop.com\/si\/wp-json\/wp\/v2\/types\/product"}],"replies":[{"embeddable":true,"href":"https:\/\/fengchashop.com\/si\/wp-json\/wp\/v2\/comments?post=4920"}],"wp:featuredmedia":[{"embeddable":true,"href":"https:\/\/fengchashop.com\/si\/wp-json\/wp\/v2\/media\/4915"}],"wp:attachment":[{"href":"https:\/\/fengchashop.com\/si\/wp-json\/wp\/v2\/media?parent=4920"}],"wp:term":[{"taxonomy":"product_brand","embeddable":true,"href":"https:\/\/fengchashop.com\/si\/wp-json\/wp\/v2\/product_brand?post=4920"},{"taxonomy":"product_cat","embeddable":true,"href":"https:\/\/fengchashop.com\/si\/wp-json\/wp\/v2\/product_cat?post=4920"},{"taxonomy":"product_tag","embeddable":true,"href":"https:\/\/fengchashop.com\/si\/wp-json\/wp\/v2\/product_tag?post=4920"}],"curies":[{"name":"wp","href":"https:\/\/api.w.org\/{rel}","templated":true}]}}