{"id":4914,"date":"2022-06-02T20:15:15","date_gmt":"2022-06-02T18:15:15","guid":{"rendered":"https:\/\/test-fengcha.dweb.si\/product\/bachove-kapljice\/"},"modified":"2026-01-21T17:30:21","modified_gmt":"2026-01-21T16:30:21","slug":"bachove-kapljice","status":"publish","type":"product","link":"https:\/\/fengchashop.com\/si\/izdelek\/bachove-kapljice\/","title":{"rendered":"Bachove kapljice"},"content":{"rendered":"<h2><span style=\"color: #000000;\">Bachove kapljice &#8211; naredi si sam<\/span><\/h2>\n<p><span style=\"color: #000000;\">\u017delite prevzeti <strong>nadzor nad \u010dustvi, najti harmonijo in notranji mir<\/strong>?<\/span><\/p>\n<p><span style=\"color: #000000;\">Dr. Edvard Bach odkrije 38 cvetnih esenc za posamezna \u010dustvena stanja. Bachove kapljice u\u010dinkovito delujejo proti razli\u010dnim \u010dustvenim stiskam posameznika. Kapljice so brez stranskih u\u010dinkov in preproste za uporabo. Pomagajo v razli\u010dnih krizah in te\u017ekih \u017eivljenjskih situacijah. Z njimi se umirimo in ohranimo mirno glavo. Delujejo na na\u0161e \u010dustveno stanje in ga pomagajo harmonizirati.<\/span><\/p>\n<p><span style=\"color: #000000;\">&#8211; Primerne so za vse ljudi (nose\u010dnice, starej\u0161e, otroke,..) ter \u017eivali.<\/span><\/p>\n<p><span style=\"color: #000000;\">&#8211; Nimajo stranskih u\u010dinkov, ne povzro\u010dajo odvisnosti in ne more se jih predozirati.<\/span><\/p>\n<p><span style=\"color: #000000;\">&#8211; Prve rezultate lahko opazite po nekaj dneh ali tednih, to je odvisno od vsakega posameznika posebej.<\/span><\/p>\n<p><span style=\"color: #000000;\">&#8211; Ne vpliva na druga zdravila.<\/span><\/p>\n<p><span style=\"color: #000000;\">&#8211; Kapljice so pakirane ro\u010dno, sproti na dan po\u0161iljanja.<\/span><\/p>\n<p><span style=\"color: #000000;\">S pomo\u010djo Bachovih kapljic prevzamemo nadzor nad \u010dustvi, najdemo harmonijo in notranji mir. Me\u0161anice Bachovih kapljic pripravljamo v skladu z metodo Dr. Bacha in <strong>z original Bachovimi esencami<\/strong>.<\/span><\/p>\n<p><span style=\"color: #000000;\">\u010ce ne veste katere esence so primerne za vas, izberite storitev <a style=\"color: #000000;\" href=\"https:\/\/fengchashop.com\/si\/product\/bachove-kapljice-svetovanje\/\" target=\"_self\">Bachovo svetovanje<\/a>.<\/span><\/p>\n<h2><span style=\"color: #000000;\">Izbira kapljic<\/span><\/h2>\n<p><span style=\"color: #000000;\">Me\u0161anico Bachovih kapljic si lahko izberete sami glede na va\u0161e trenutna \u010dustvena stanja. Izberite najve\u010d 7 razli\u010dnih esenc iz spodnjega seznama. Prosimo, da jih na\u0161tejete v <em data-start=\"239\" data-end=\"256\">polje za opombe<\/em> pri oddaji naro\u010dila na blagajni. Po prejemu naro\u010dila vam bomo pripravili va\u0161o personalizirano me\u0161anico.<\/span><\/p>\n<h2><span style=\"color: #000000;\">Uporaba<\/span><\/h2>\n<p><span style=\"color: #000000;\">Bachove kapljice se jemlje 4 krat po 4 kapljice na dan direktno na jezik ali pa jih kanete v kozarec vode (zjutraj, opoldne, popoldne, zve\u010der).<\/span><\/p>\n<h2><span style=\"color: #000000;\">Sestavine<\/span><\/h2>\n<p><span style=\"color: #000000;\">Voda, konjak (po \u017eelji je lahko tudi kis namesto alkohola), izbrane cvetne kapljice originalnih Bachovih kapljic.<\/span><\/p>\n<h2><span style=\"color: #000000;\">Koli\u010dina<\/span><\/h2>\n<p><span style=\"color: #000000;\">30 ml (zadostuje za en mesec).<\/span><\/p>\n<h2><span style=\"color: #000000;\">Seznam Bachovih cvetnih esenc<\/span><\/h2>\n<p><span style=\"color: #000000;\"><strong>AGRIMONY (REPIK):<\/strong> napetost in nemir v telesu, igranje nasmeha, maska, ne poka\u017eejo \u010dustev, odvisnosti<\/span><\/p>\n<p><span style=\"color: #000000;\"><strong>ASPEN (TREPETLIKA)<\/strong>: za neznane strahove, zle slutnje, no\u010dne more, plahe osebe, anksioznost in tesnoba<\/span><\/p>\n<p><span style=\"color: #000000;\"><strong>BEECH (BUKEV):<\/strong> pretirana kritika, nestrpnost, arogantnost, predsodki<\/span><\/p>\n<p><span style=\"color: #000000;\"><strong>CENTAURY (TAV\u017dENTRO\u017dA):<\/strong> preve\u010d ustre\u017eljiv, ne zna re\u010di ne, ne zna postaviti mej in se ne zna postaviti zase<\/span><\/p>\n<p><span style=\"color: #000000;\"><strong>CERATO (RO\u017dI\u010c):<\/strong> neodlo\u010dnost, zaradi nezaupanja v svoje mnenje, ves \u010das spra\u0161uje druge za nasvet<\/span><\/p>\n<p><span style=\"color: #000000;\"><strong>CHERRY PLUM (\u010cE\u0160NJELIKA SLIVA):<\/strong> strah pred izgubo kontrole in pred tem, da bo\u0161 sebi ali drugemu kaj naredil, notranja napetost, izpadi jeze in besa<\/span><\/p>\n<p><span style=\"color: #000000;\"><strong>CHESTNUT BUD (KOSTANJEV POPEK):<\/strong> ponavljanje vedno istih napak in navad, nezainetesiranost\u00a0<\/span><\/p>\n<p><span style=\"color: #000000;\"><strong>CHICORY (CIKORIJA):<\/strong> manipuliranje, izsiljevanje, posesivnost, mo\u010dno ljubosumje<\/span><\/p>\n<p><span style=\"color: #000000;\"><strong>CLEMATIS (SROBOT):<\/strong> zasanjanost, zmedenost, nepozornost, miselna raztresenost, te\u017eave s koncentracijo\u00a0<\/span><\/p>\n<p><span style=\"color: #000000;\"><strong>CRAB APPLE (LESNIKA):<\/strong> sram, ob\u010dutek umazanosti, perfekcionizem, kompulzivna potreba po \u010disto\u010di<\/span><\/p>\n<p><span style=\"color: #000000;\"><strong>ELM (BREST):<\/strong> trenuten padec energije ko se iztro\u0161i\u0161, ko dela\u0161 za druge ljudi, stres, preobremenjenost<\/span><\/p>\n<p><span style=\"color: #000000;\"><strong>GENTIAN (ENCIJAN):<\/strong> pesimizem, \u017ealost znanega izvora, blaga depresija<\/span><\/p>\n<p><span style=\"color: #000000;\"><strong>GORSE (ULEKS):<\/strong> obup, ni\u010d nima ve\u010d smisla<\/span><\/p>\n<p><span style=\"color: #000000;\"><strong>HEATHER (JESENSKO RESJE):<\/strong> vedno govori o sebi in o svojih problemih, monologi, samopomilovanje, \u017eeli biti sredi\u0161\u010de pozornosti<\/span><\/p>\n<p><span style=\"color: #000000;\"><strong>HOLLY (BODIKA):<\/strong> ljubosumje, aktivna jeza, jeza, ki se ka\u017ee navzven, nezaupljivost, sovra\u0161tvo<\/span><\/p>\n<p><span style=\"color: #000000;\"><strong>HONEYSUCKLE (KOVA\u010cNIK):<\/strong> \u017eivi\u0161 v preteklosti, oto\u017enost, nostalgija, melanholija<\/span><\/p>\n<p><span style=\"color: #000000;\"><strong>HORNBEAM (GABER):<\/strong> za psihi\u010dno in umsko iz\u010drpanost, mentalna utrujenost, pomanjkanje energije, jutranja utrujenost, dolgo\u010dasnost in rutina<\/span><\/p>\n<p><span style=\"color: #000000;\"><strong>IMPATIENS (NEDOTIKA):<\/strong> nepotrpe\u017eljiv, impulzivnost, nestrpnost, napetost, razdra\u017eenost, netolerantnost<\/span><\/p>\n<p><span style=\"color: #000000;\"><strong>LARCH (MACESEN):<\/strong> nesamozavest, ob\u010dutek manjvrednosti, odpoved pod pritiskom, trema pred izpiti in nastopi<\/span><\/p>\n<p><span style=\"color: #000000;\"><strong>MIMULUS (KRINKAR):<\/strong> za znane strahove, prestra\u0161enost, srame\u017eljivost, preob\u010dutljivost<\/span><\/p>\n<p><span style=\"color: #000000;\"><strong>MUSTARD (GORJU\u0160ICA):<\/strong> depresija neznanega vzroka, obdobja ponavljajo\u010de se \u017ealosti brez vzroka<\/span><\/p>\n<p><span style=\"color: #000000;\"><strong>OAK (HRAST):<\/strong> nikoli se ne ustavi\u0161, ne zna\u0161 se odpo\u010diti, izgorelost, bremena drugih da\u0161 nase, se \u017ertvuje\u0161<\/span><\/p>\n<p><span style=\"color: #000000;\"><strong>OLIVE (OLJKA):<\/strong> psihi\u010dna in fizi\u010dna iz\u010drpanost, utrujenost, preobremenjenost, oslabelost\u00a0<\/span><\/p>\n<p><span style=\"color: #000000;\"><strong>PINE (BOR):<\/strong> ob\u010dutek krivde, se vedno opravi\u010duje in preve\u010dkrat re\u010de hvala, pretirana samokritika<\/span><\/p>\n<p><span style=\"color: #000000;\"><strong>RED CHESTNUT (RDE\u010cI KOSTANJ):<\/strong> zaskrbljenost za bli\u017enje, pretirana vez z bli\u017enjimi osebami<\/span><\/p>\n<p><span style=\"color: #000000;\"><strong>ROCK ROSE (SON\u010cECE):<\/strong> panika, groza, ekstremen strah<\/span><\/p>\n<p><span style=\"color: #000000;\"><strong>ROCK WATER (STUDEN\u010cNICA):<\/strong> napetost, togost, perfekcionizem<\/span><\/p>\n<p><span style=\"color: #000000;\"><strong>SCLERANTHUS (ME\u0160I\u010c):<\/strong> neodlo\u010dnost, nestabilnost, miselna razdvojenost med dvema mo\u017enostima, neprestana menjava mnenj in razpolo\u017eenj<\/span><\/p>\n<p><span style=\"color: #000000;\"><strong>STAR OF BETHLEHEM (BETLEHEMSKA ZVEZDA):<\/strong> za telesne in du\u0161evne pretrese,\u00a0 \u0161oke, pretekle in sedanje travme, pomaga, da se pobere\u0161 po vseh \u017eivljenjskih preizkusih<\/span><\/p>\n<p><span style=\"color: #000000;\"><strong>SWEET CHESTNUT (PRAVI KOSTANJ):<\/strong> huda \u017eivljenjska preizku\u0161nja mimo katere ne moremo, \u017ealovanje<\/span><\/p>\n<p><span style=\"color: #000000;\"><strong>VERVAIN (SPORI\u0160):<\/strong> pretirani navdu\u0161enje, fanatizem, prepri\u010duje ostale, da so njegove ideje najbolj\u0161e<\/span><\/p>\n<p><span style=\"color: #000000;\"><strong>VINE (VINSKA TRTA):<\/strong> vodja, ukazovalnost, tiranija, avtoriteta, strogost<\/span><\/p>\n<p><span style=\"color: #000000;\"><strong>WALNUT (OREH):<\/strong> za nove korake v \u017eivljenju (lo\u010ditev, selitev, upokojitev, puberteta, kriza srednjih let, menopavza&#8230;), za bolj\u0161e spanje, pomaga najti svoj bioritem<\/span><\/p>\n<p><span style=\"color: #000000;\"><strong>WATER VIOLET (MO\u010cVIRSKA GREBENIKA):<\/strong> za vzvi\u0161ene ljudi, ki so radi sami<\/span><\/p>\n<p><span style=\"color: #000000;\"><strong>WHITE CHESTNUT (BELI KOSTANJ):<\/strong> misli, ki se ves \u010das vrtijo v na\u0161ih glavah, problemi s koncentracijo in z nespe\u010dnostjo<\/span><\/p>\n<p><span style=\"color: #000000;\"><strong>WILD OAT (DIVJI OVES):<\/strong> ne najde smisla njegovega \u017eivljenja, nima cilja<\/span><\/p>\n<p><span style=\"color: #000000;\"><strong>WILD ROSE (\u0160IPEK):<\/strong> vdanost v usodo, ravnodu\u0161nost, apatija<\/span><\/p>\n<p><span style=\"color: #000000;\"><strong>WILLOW (VRBA):<\/strong> potla\u010dena jeza, vloga \u017ertve, vedno krivi ostale in ne prevzema odgovornosti za svoja dejanja, so zagrenjeni, u\u017ealjeni, nezadovoljni in zamerljivi<\/span><\/p>\n","protected":false},"excerpt":{"rendered":"<p>Bachove kapljice u\u010dinkovito delujejo proti razli\u010dnim \u010dustvenim stiskam posameznika. Pomagajo v razli\u010dnih krizah in te\u017ekih \u017eivljenjskih situacijah. Z njimi se umirimo in ohranimo mirno glavo. Delujejo na na\u0161e \u010dustveno stanje in ga pomagajo harmonizirati.<\/p>\n<p>\ud83d\udc9a Kapljice so pakirane ro\u010dno, sproti na dan po\u0161iljanja.<br \/>\n\ud83d\udc9a Primerne so za vse ljudi (nose\u010dnice, starej\u0161e, otroke,..) ter \u017eivali.<br \/>\n\ud83d\udc9a Nimajo stranskih u\u010dinkov, ne povzro\u010dajo odvisnosti in ne more se jih predozirati.<br \/>\n\ud83d\udc9a Prve rezultate lahko opazite po nekaj dneh ali tednih, to je odvisno od vsakega posameznika posebej.<br \/>\n\ud83d\udc9a Ne vpliva na druga zdravila.<\/p>\n","protected":false},"featured_media":4915,"comment_status":"open","ping_status":"closed","template":"","meta":{"_acf_changed":false},"product_brand":[],"product_cat":[15,204,216],"product_tag":[],"class_list":{"0":"post-4914","1":"product","2":"type-product","3":"status-publish","4":"has-post-thumbnail","6":"product_cat-uncategorized","7":"product_cat-bachove-kapljice","8":"product_cat-vsi-izdelki","10":"first","11":"instock","12":"taxable","13":"shipping-taxable","14":"purchasable","15":"product-type-simple"},"acf":[],"_links":{"self":[{"href":"https:\/\/fengchashop.com\/si\/wp-json\/wp\/v2\/product\/4914","targetHints":{"allow":["GET"]}}],"collection":[{"href":"https:\/\/fengchashop.com\/si\/wp-json\/wp\/v2\/product"}],"about":[{"href":"https:\/\/fengchashop.com\/si\/wp-json\/wp\/v2\/types\/product"}],"replies":[{"embeddable":true,"href":"https:\/\/fengchashop.com\/si\/wp-json\/wp\/v2\/comments?post=4914"}],"wp:featuredmedia":[{"embeddable":true,"href":"https:\/\/fengchashop.com\/si\/wp-json\/wp\/v2\/media\/4915"}],"wp:attachment":[{"href":"https:\/\/fengchashop.com\/si\/wp-json\/wp\/v2\/media?parent=4914"}],"wp:term":[{"taxonomy":"product_brand","embeddable":true,"href":"https:\/\/fengchashop.com\/si\/wp-json\/wp\/v2\/product_brand?post=4914"},{"taxonomy":"product_cat","embeddable":true,"href":"https:\/\/fengchashop.com\/si\/wp-json\/wp\/v2\/product_cat?post=4914"},{"taxonomy":"product_tag","embeddable":true,"href":"https:\/\/fengchashop.com\/si\/wp-json\/wp\/v2\/product_tag?post=4914"}],"curies":[{"name":"wp","href":"https:\/\/api.w.org\/{rel}","templated":true}]}}