{"id":4869,"date":"2022-06-01T15:30:19","date_gmt":"2022-06-01T13:30:19","guid":{"rendered":"https:\/\/test-fengcha.dweb.si\/product\/matcha-bio-125-g\/"},"modified":"2026-04-29T12:32:02","modified_gmt":"2026-04-29T10:32:02","slug":"matcha-bio","status":"publish","type":"product","link":"https:\/\/fengchashop.com\/si\/izdelek\/matcha-bio\/","title":{"rendered":"Matcha BIO 250 g"},"content":{"rendered":"<h2 style=\"text-align: justify;\"><span style=\"color: #000000;\">Matcha bio\u00a0<\/span><\/h2>\n<p style=\"text-align: justify;\"><span style=\"color: #000000;\">Priljubljena matcha je pravzaprav<strong> zeleni \u010daj v prahu<\/strong>. Na\u0161a razli\u010dica matche je namenjena predvsem za kuhanje in je kot taka visoke kvalitete.<\/span><\/p>\n<p style=\"text-align: justify;\"><span style=\"color: #000000;\">Matcha je <strong>\u010daj najbolj\u0161e kvalitete in mo\u010dnega zna\u010daja<\/strong>. \u010cajevec za matcho gojijo vsaj mesec dni pred obiranjem v senci, \u010dajnim listom pa pred predelavo odstranijo tudi listne \u017eile in stebelca. Tako pridelani \u010dajni listi pa so izredno <strong>bogati s kofeinom in teinom<\/strong>. \u017de vrsto let je znano, da je matcha \u010daj budisti\u010dnih menihov, ki ga pijejo za koncentracijo, osredoto\u010denje in zbistritev misli.<\/span><\/p>\n<p style=\"text-align: justify;\"><span style=\"color: #000000;\">Vsebuje veliko sestavin, ki na na\u0161e telo delujejo <strong>antioksidativno<\/strong>. Kakor je za zeleni \u010daj zna\u010dilno, vsebuje <strong>polifenole<\/strong> in <strong>flavonoide<\/strong>. Bogat je tudi z vitamini A, B, C in E. Zaradi tako imenovanih katehinov, ki jih matcha \u010daj zaradi posebne pridelave v senci ne vsebuje veliko, tudi ni tako grenak, kakor je za nekatere zelene \u010daje zna\u010dilno. Poleg tega nas matcha zaradi visoke vsebnosti teina in kofeina dr\u017ei pokonci, a vseeno ne povzro\u010da zna\u010dilnega nemira, ki ga ve\u010dkrat \u010dutijo tisti, ki spijejo preve\u010d kave.<\/span><\/p>\n<h2 style=\"text-align: justify;\"><span style=\"color: #000000;\">Shranjevanje in opozorila<\/span><\/h2>\n<p style=\"text-align: justify;\"><span style=\"color: #000000;\">Shranjujemo v suhem, temnem in hladnem prostoru.\u00a0Poskrbimo, da je vre\u010dka ali \u0161atulja dobro zaprta. Izdelek lahko hranimo tudi v hladilniku.<\/span><\/p>\n<h2 style=\"text-align: justify;\"><span style=\"color: #000000;\">Pakiranje<\/span><\/h2>\n<p style=\"text-align: justify;\"><span style=\"color: #000000;\">Nepredu\u0161na vre\u010dka z zadrgo, kjer izdelek ohrani vso sve\u017eino in aromo. Embala\u017ea \u0161\u010diti pred svetlobo in zrakom, saj je sestavljena iz ve\u010d slojev za\u0161\u010dite, ki ohranjajo lastnosti vsebine.<\/span><\/p>\n<p style=\"text-align: justify;\"><span style=\"color: #000000;\">Embala\u017ea je zelo prakti\u010dna in omogo\u010da recikliranje.<\/span><\/p>\n<h2 style=\"text-align: justify;\"><span style=\"color: #000000;\">Poreklo<\/span><\/h2>\n<p style=\"text-align: justify;\"><span style=\"color: #000000;\">Kitajska. Imamo zelo zanesljive dobavitelje, ki nam za vsako serijo po\u0161ljejo podrobno kemijsko analizo \u017eivila. V ve\u010d kot desetih letih nismo imeli \u0161e nobenega odpoklica ali kakr\u0161ne koli druge te\u017eave s tem artiklom, pa tudi z drugimi artikli istega dobavitelja ne.\u00a0 Artikel ima 100 % ekolo\u0161ki certifikat.<\/span><\/p>\n","protected":false},"excerpt":{"rendered":"<p>Matcha je zeleni \u010daj najbolj\u0161e kvalitete. Matcha \u010daj je napitek budisti\u010dnih menihov, ki ga pijejo za koncentracijo, osredoto\u010denje in zbistritev misli. Vsebuje veliko sestavin, ki na na\u0161e telo delujejo antioksidativno. Kakor je za zeleni \u010daj zna\u010dilno, vsebuje polifenole in flavonoide. Bogat je tudi z vitamini A, B, C in E.\u00a0 Zaradi tako imenovanih katehinov, ki jih matcha \u010daj zaradi posebne pridelave v senci ne vsebuje veliko, tudi ni tako grenak, kakor je za nekatere zelene \u010daje zna\u010dilno.<\/p>\n<p>\ud83d\udc9a Je polna antioksidantov, aminokislin in drugih blagodejnih u\u010dinkovin.<br \/>\n\ud83d\udc9a Ekolo\u0161ka pridelava.<br \/>\n\ud83d\udc9a Premium kvalitete.<\/p>\n<p>&nbsp;<\/p>\n","protected":false},"featured_media":11035,"comment_status":"open","ping_status":"closed","template":"","meta":{"_acf_changed":false},"product_brand":[],"product_cat":[15,205,216],"product_tag":[],"class_list":{"0":"post-4869","1":"product","2":"type-product","3":"status-publish","4":"has-post-thumbnail","6":"product_cat-uncategorized","7":"product_cat-caj-hrana-zacimbe","8":"product_cat-vsi-izdelki","10":"first","11":"outofstock","12":"sale","13":"taxable","14":"shipping-taxable","15":"purchasable","16":"product-type-simple"},"acf":[],"_links":{"self":[{"href":"https:\/\/fengchashop.com\/si\/wp-json\/wp\/v2\/product\/4869","targetHints":{"allow":["GET"]}}],"collection":[{"href":"https:\/\/fengchashop.com\/si\/wp-json\/wp\/v2\/product"}],"about":[{"href":"https:\/\/fengchashop.com\/si\/wp-json\/wp\/v2\/types\/product"}],"replies":[{"embeddable":true,"href":"https:\/\/fengchashop.com\/si\/wp-json\/wp\/v2\/comments?post=4869"}],"wp:featuredmedia":[{"embeddable":true,"href":"https:\/\/fengchashop.com\/si\/wp-json\/wp\/v2\/media\/11035"}],"wp:attachment":[{"href":"https:\/\/fengchashop.com\/si\/wp-json\/wp\/v2\/media?parent=4869"}],"wp:term":[{"taxonomy":"product_brand","embeddable":true,"href":"https:\/\/fengchashop.com\/si\/wp-json\/wp\/v2\/product_brand?post=4869"},{"taxonomy":"product_cat","embeddable":true,"href":"https:\/\/fengchashop.com\/si\/wp-json\/wp\/v2\/product_cat?post=4869"},{"taxonomy":"product_tag","embeddable":true,"href":"https:\/\/fengchashop.com\/si\/wp-json\/wp\/v2\/product_tag?post=4869"}],"curies":[{"name":"wp","href":"https:\/\/api.w.org\/{rel}","templated":true}]}}