{"id":4855,"date":"2022-06-01T14:30:24","date_gmt":"2022-06-01T12:30:24","guid":{"rendered":"https:\/\/test-fengcha.dweb.si\/product\/dolgi-poper-bio-125-g\/"},"modified":"2025-05-16T16:02:53","modified_gmt":"2025-05-16T14:02:53","slug":"dolgi-poper-bio-125-g","status":"publish","type":"product","link":"https:\/\/fengchashop.com\/si\/izdelek\/dolgi-poper-bio-125-g\/","title":{"rendered":"Dolgi poper BIO 125 g"},"content":{"rendered":"<h2 style=\"text-align: justify;\"><span style=\"color: #000000;\">Dolgi poper BIO<\/span><\/h2>\n<p style=\"text-align: justify;\"><span style=\"color: #000000;\">Dolgi poper je posebna <strong>vrsta popru podobnega sade\u017eu<\/strong>, ki ima prav tako kot poper <strong>poseben peko\u010d okus<\/strong>. \u010ce ga primerjamo z obi\u010dajnim \u010drnim poprom, hitro ugotovimo, da je izredno aromati\u010den, glede na poreklo pa mu lahko dolo\u010damo cel spekter razli\u010dnih vonjav. Po okusu je bistveno mo\u010dnej\u0161i, spremlja pa ga tudi <strong>sladek priokus<\/strong>.<\/span><br \/>\n<span style=\"color: #000000;\">Dolgi poper je nepogre\u0161ljiv v <strong>mediteranski kuhinji<\/strong>, odli\u010dno se poda tudi k vinskim omakam in siru. Najdemo ga tako v <strong>indijski<\/strong> kot <strong>afri\u0161ki<\/strong> <strong>kulinariki<\/strong>. Tradicionalno se uporablja tudi v <strong>ajurvedi<\/strong>.<\/span><\/p>\n<p style=\"text-align: justify;\"><span style=\"color: #000000;\">Po teksturi je dolgi poper izredno trd, zato ga lahko nastrgamo s strgalcem in ne meljemo z obi\u010dajnim mlin\u010dkom za poper. Kakor za vse popre, je tudi za dolgi poper priporo\u010dljivo, da ga nastrgamo ali zmeljemo tik pred uporabo, sicer poper hitro izgubi okus. V zrnju pa lahko ob pravilnem shranjevanju ohranja okus in aromo \u0161e leta.\u00a0<\/span><\/p>\n<h2 style=\"text-align: justify;\"><span style=\"color: #000000;\">Pakiranje<\/span><\/h2>\n<p style=\"text-align: justify;\"><span style=\"color: #000000;\">Nepredu\u0161na vre\u010dka z zadrgo ali \u0161atulja, kjer izdelek ohrani vso sve\u017eino in aromo. Embala\u017ea \u0161\u010diti pred svetlobo in zrakom, saj je sestavljena iz ve\u010d slojev za\u0161\u010dite, ki ohranjajo lastnosti vsebine.<\/span><\/p>\n<p><span style=\"color: #000000;\">Embala\u017ea je zelo prakti\u010dna in omogo\u010da recikliranje.<\/span><\/p>\n<h2><span style=\"color: #000000;\">Poreklo<\/span><\/h2>\n<p><span style=\"color: #000000;\">Kambod\u017ea<\/span><\/p>\n","protected":false},"excerpt":{"rendered":"<p>Dolgi poper je posebna\u00a0<strong>vrsta popru podobnega sade\u017ea<\/strong>, ki ima prav tako kot poper\u00a0<strong>poseben peko\u010d okus<\/strong>. Po okusu je bistveno mo\u010dnej\u0161i, spremlja pa ga tudi <strong>sladek priokus<\/strong>.<br \/>\nUporablja se ga v <strong>mediteranski kuhinji<\/strong>, odli\u010dno se poda tudi k vinskim omakam in siru. Najdemo ga tako v\u00a0<strong>indijski<\/strong>\u00a0kot\u00a0<strong>afri\u0161ki<\/strong>\u00a0<strong>kulinariki<\/strong>. Tradicionalno se uporablja tudi v\u00a0<strong>ajurvedi<\/strong>.<\/p>\n<p>&#x1F49A; Zelo aromati\u010den.<br \/>\n&#x1F49A; Premium kvalitete.<\/p>\n<p>&nbsp;<\/p>\n","protected":false},"featured_media":4856,"comment_status":"open","ping_status":"open","template":"","meta":{"_acf_changed":false},"product_brand":[],"product_cat":[15,205,216],"product_tag":[],"class_list":{"0":"post-4855","1":"product","2":"type-product","3":"status-publish","4":"has-post-thumbnail","6":"product_cat-uncategorized","7":"product_cat-caj-hrana-zacimbe","8":"product_cat-vsi-izdelki","10":"first","11":"outofstock","12":"taxable","13":"shipping-taxable","14":"purchasable","15":"product-type-simple"},"acf":[],"_links":{"self":[{"href":"https:\/\/fengchashop.com\/si\/wp-json\/wp\/v2\/product\/4855","targetHints":{"allow":["GET"]}}],"collection":[{"href":"https:\/\/fengchashop.com\/si\/wp-json\/wp\/v2\/product"}],"about":[{"href":"https:\/\/fengchashop.com\/si\/wp-json\/wp\/v2\/types\/product"}],"replies":[{"embeddable":true,"href":"https:\/\/fengchashop.com\/si\/wp-json\/wp\/v2\/comments?post=4855"}],"wp:featuredmedia":[{"embeddable":true,"href":"https:\/\/fengchashop.com\/si\/wp-json\/wp\/v2\/media\/4856"}],"wp:attachment":[{"href":"https:\/\/fengchashop.com\/si\/wp-json\/wp\/v2\/media?parent=4855"}],"wp:term":[{"taxonomy":"product_brand","embeddable":true,"href":"https:\/\/fengchashop.com\/si\/wp-json\/wp\/v2\/product_brand?post=4855"},{"taxonomy":"product_cat","embeddable":true,"href":"https:\/\/fengchashop.com\/si\/wp-json\/wp\/v2\/product_cat?post=4855"},{"taxonomy":"product_tag","embeddable":true,"href":"https:\/\/fengchashop.com\/si\/wp-json\/wp\/v2\/product_tag?post=4855"}],"curies":[{"name":"wp","href":"https:\/\/api.w.org\/{rel}","templated":true}]}}