{"id":4846,"date":"2022-06-01T13:41:41","date_gmt":"2022-06-01T11:41:41","guid":{"rendered":"https:\/\/test-fengcha.dweb.si\/product\/penja-crni-poper-125-g\/"},"modified":"2025-04-22T17:13:54","modified_gmt":"2025-04-22T15:13:54","slug":"penja-crni-poper-125-g","status":"publish","type":"product","link":"https:\/\/fengchashop.com\/si\/izdelek\/penja-crni-poper-125-g\/","title":{"rendered":"Penja \u010drni poper 125 g"},"content":{"rendered":"<h2 style=\"text-align: justify;\"><span style=\"color: #000000;\">\u00a0\u010crni poper <em>penja<\/em><\/span><\/h2>\n<p style=\"text-align: justify;\"><span style=\"color: #000000;\">Podobno kot beli penja poper tudi \u010drni penja poper <strong>raste na vulkanski zemlji<\/strong>, ki je dokazano polna mineralov. Zemlja tako ponuja idealne pogoje za rast enega <strong>najbolj\u0161ih in svetovno priznanih poprov<\/strong>. Za pridobivanje \u010drnega penja popra je potrebno sade\u017ee obrati \u0161e nedozorele in jih nato posu\u0161iti, zato ga takoj po obiranju 48 ur su\u0161ijo na kamerunskem soncu.<\/span><\/p>\n<p style=\"text-align: justify;\"><span style=\"color: #000000;\">Izbrani \u010drni poper penja najbolje razvije svojo posebno aromo in ostrino v jedeh z rde\u010dim mesom. Njegov okus pa je, kakor je za \u010drni poper zna\u010dilno, bla\u017eji od belega penja popra.<\/span><\/p>\n<p style=\"text-align: justify;\"><span style=\"color: #000000;\">\u010crni poper penja lahko pri nas poizkusite tudi v ob\u010dasno ponujeni posebni me\u0161anici <em>penja poper mix<\/em>.<\/span><\/p>\n<p style=\"text-align: justify;\"><span style=\"color: #000000;\">Zrna popra je najbolje zmleti tik pred uporabo, sicer poper hitro izgubi okus. V zrnju pa lahko ob pravilnem shranjevanju ohranja okus in aromo \u0161e leta.<\/span><\/p>\n<h2 style=\"text-align: justify;\"><span style=\"color: #000000;\">Pakiranje<\/span><\/h2>\n<p style=\"text-align: justify;\"><span style=\"color: #000000;\">Nepredu\u0161na vre\u010dka z zadrgo, kjer izdelek ohrani vso sve\u017eino in aromo. Embala\u017ea \u0161\u010diti pred svetlobo in zrakom, saj je sestavljena iz ve\u010d slojev za\u0161\u010dite, ki ohranjajo lastnosti vsebine.<\/span><\/p>\n<p><span style=\"color: #000000;\">Embala\u017ea je zelo prakti\u010dna in omogo\u010da recikliranje.<\/span><\/p>\n<h2><span style=\"color: #000000;\">Poreklo<\/span><\/h2>\n<p><span style=\"color: #000000;\">Kamerun<\/span><\/p>\n","protected":false},"excerpt":{"rendered":"<p>\u010crni penja poper raste na vulkanski zemlji, ki je dokazano polna mineralov. Zemlja tako ponuja idealne pogoje za rast enega\u00a0najbolj\u0161ih in svetovno priznanih poprov. Za pridobivanje \u010drnega penja popra je potrebno sade\u017ee obrati \u0161e nedozorele in jih nato posu\u0161iti, zato ga takoj po obiranju 48 ur su\u0161ijo na kamerunskem soncu. Njegov okus pa je, kakor je za \u010drni poper zna\u010dilno, bla\u017eji od belega penja popra.<\/p>\n<p>&#x1F49A; Najbolje razvije svojo posebno aromo in ostrino v jedeh z rde\u010dim mesom.<br \/>\n&#x1F49A; Premium kvalitete.<\/p>\n<p>&nbsp;<\/p>\n","protected":false},"featured_media":4847,"comment_status":"open","ping_status":"closed","template":"","meta":{"_acf_changed":false},"product_brand":[],"product_cat":[15,205,216],"product_tag":[],"class_list":{"0":"post-4846","1":"product","2":"type-product","3":"status-publish","4":"has-post-thumbnail","6":"product_cat-uncategorized","7":"product_cat-caj-hrana-zacimbe","8":"product_cat-vsi-izdelki","10":"first","11":"outofstock","12":"taxable","13":"shipping-taxable","14":"purchasable","15":"product-type-simple"},"acf":[],"_links":{"self":[{"href":"https:\/\/fengchashop.com\/si\/wp-json\/wp\/v2\/product\/4846","targetHints":{"allow":["GET"]}}],"collection":[{"href":"https:\/\/fengchashop.com\/si\/wp-json\/wp\/v2\/product"}],"about":[{"href":"https:\/\/fengchashop.com\/si\/wp-json\/wp\/v2\/types\/product"}],"replies":[{"embeddable":true,"href":"https:\/\/fengchashop.com\/si\/wp-json\/wp\/v2\/comments?post=4846"}],"wp:featuredmedia":[{"embeddable":true,"href":"https:\/\/fengchashop.com\/si\/wp-json\/wp\/v2\/media\/4847"}],"wp:attachment":[{"href":"https:\/\/fengchashop.com\/si\/wp-json\/wp\/v2\/media?parent=4846"}],"wp:term":[{"taxonomy":"product_brand","embeddable":true,"href":"https:\/\/fengchashop.com\/si\/wp-json\/wp\/v2\/product_brand?post=4846"},{"taxonomy":"product_cat","embeddable":true,"href":"https:\/\/fengchashop.com\/si\/wp-json\/wp\/v2\/product_cat?post=4846"},{"taxonomy":"product_tag","embeddable":true,"href":"https:\/\/fengchashop.com\/si\/wp-json\/wp\/v2\/product_tag?post=4846"}],"curies":[{"name":"wp","href":"https:\/\/api.w.org\/{rel}","templated":true}]}}