{"id":4827,"date":"2022-06-01T09:59:35","date_gmt":"2022-06-01T07:59:35","guid":{"rendered":"https:\/\/test-fengcha.dweb.si\/product\/koriander-listi-125-g\/"},"modified":"2025-04-22T17:14:22","modified_gmt":"2025-04-22T15:14:22","slug":"koriander-listi-125-g","status":"publish","type":"product","link":"https:\/\/fengchashop.com\/si\/izdelek\/koriander-listi-125-g\/","title":{"rendered":"Koriander listi 125 g"},"content":{"rendered":"<h2 style=\"text-align: justify;\"><span style=\"color: #000000;\">Koriandrovi listi<\/span><\/h2>\n<p style=\"text-align: justify;\"><span style=\"color: #000000;\">Koriander je visoka enoletna rastlina. Imenujemo ga tudi <strong>cilantro<\/strong> ali <strong>kitajski peter\u0161ilj<\/strong>, saj oblika listov spominja na peter\u0161ilj. Del rastline, ki jo uporabljamo kot za\u010dimbo, so <strong>listi in semena<\/strong>. Razlika med obema je velika, zato moramo biti pozorni, kaj potrebujemo. Semena so obi\u010dajno mleta, uporabljajo pa se tudi pri peki peciva. In \u010de okus semen spominja na \u017eajbelj in pomaran\u010dno lupinico, imajo listi poseben <strong>citrusni okus z izrazitim in posebnim vonjem<\/strong>. Je vir vitaminov B1 in B2 ter vitamina C. \u00a0<\/span><\/p>\n<p style=\"text-align: justify;\"><span style=\"color: #000000;\">Koriander je ena izmed najstarej\u0161ih za\u010dimb, ki se jo najpogosteje uporablja na Orientu in v Latinski Ameriki in je tako <strong>ena glavnih sestavin karija<\/strong> in <strong>\u010datnija<\/strong>. Uporabljamo ga lahko kot dodatek k solatam, zelenjavnim jedem, juham, siru, omakam in jajcem.<\/span><\/p>\n<p style=\"text-align: justify;\"><span style=\"color: #000000;\">Prevretek s koriandrom se uporablja za<strong> izpiranje ustne votline<\/strong>, \u0161e posebno pri zobobolih.<\/span><\/p>\n<h2 style=\"text-align: justify;\"><span style=\"color: #000000;\">Shranjevanje<\/span><\/h2>\n<p style=\"text-align: justify;\"><span style=\"color: #000000;\">Shranjujemo v suhem, temnem in hladnem prostoru.<\/span><\/p>\n<h2 style=\"text-align: justify;\"><span style=\"color: #000000;\">Pakiranje<\/span><\/h2>\n<p style=\"text-align: justify;\"><span style=\"color: #000000;\">Nepredu\u0161na vre\u010dka z zadrgo, kjer izdelek ohrani vso sve\u017eino in aromo. Embala\u017ea \u0161\u010diti pred svetlobo in zrakom, saj je sestavljena iz ve\u010d slojev za\u0161\u010dite, ki ohranjajo lastnosti vsebine.<\/span><\/p>\n<p style=\"text-align: justify;\"><span style=\"color: #000000;\">Embala\u017ea je zelo prakti\u010dna in omogo\u010da recikliranje.<\/span><\/p>\n<h2><span style=\"color: #000000;\">Poreklo<\/span><\/h2>\n<p><span style=\"color: #000000;\">Indija ali Nem\u010dija<\/span><\/p>\n","protected":false},"excerpt":{"rendered":"<p>Koriander je ena izmed najstarej\u0161ih za\u010dimb, ki se jo najpogosteje uporablja na Orientu in v Latinski Ameriki in je tako\u00a0<strong>ena glavnih sestavin karija<\/strong>\u00a0in\u00a0<strong>\u010datnija<\/strong>. Uporabljamo ga lahko kot dodatek k solatam, zelenjavnim jedem, juham, siru, omakam in jajcem.<\/p>\n<p>&#x1F49A; Odli\u010den vonj in okus.<br \/>\n&#x1F49A; Premium kvaliteta.<\/p>\n<p>&nbsp;<\/p>\n","protected":false},"featured_media":4828,"comment_status":"open","ping_status":"closed","template":"","meta":{"_acf_changed":false},"product_brand":[],"product_cat":[15,205,216],"product_tag":[],"class_list":{"0":"post-4827","1":"product","2":"type-product","3":"status-publish","4":"has-post-thumbnail","6":"product_cat-uncategorized","7":"product_cat-caj-hrana-zacimbe","8":"product_cat-vsi-izdelki","10":"first","11":"outofstock","12":"taxable","13":"shipping-taxable","14":"purchasable","15":"product-type-simple"},"acf":[],"_links":{"self":[{"href":"https:\/\/fengchashop.com\/si\/wp-json\/wp\/v2\/product\/4827","targetHints":{"allow":["GET"]}}],"collection":[{"href":"https:\/\/fengchashop.com\/si\/wp-json\/wp\/v2\/product"}],"about":[{"href":"https:\/\/fengchashop.com\/si\/wp-json\/wp\/v2\/types\/product"}],"replies":[{"embeddable":true,"href":"https:\/\/fengchashop.com\/si\/wp-json\/wp\/v2\/comments?post=4827"}],"wp:featuredmedia":[{"embeddable":true,"href":"https:\/\/fengchashop.com\/si\/wp-json\/wp\/v2\/media\/4828"}],"wp:attachment":[{"href":"https:\/\/fengchashop.com\/si\/wp-json\/wp\/v2\/media?parent=4827"}],"wp:term":[{"taxonomy":"product_brand","embeddable":true,"href":"https:\/\/fengchashop.com\/si\/wp-json\/wp\/v2\/product_brand?post=4827"},{"taxonomy":"product_cat","embeddable":true,"href":"https:\/\/fengchashop.com\/si\/wp-json\/wp\/v2\/product_cat?post=4827"},{"taxonomy":"product_tag","embeddable":true,"href":"https:\/\/fengchashop.com\/si\/wp-json\/wp\/v2\/product_tag?post=4827"}],"curies":[{"name":"wp","href":"https:\/\/api.w.org\/{rel}","templated":true}]}}