{"id":4803,"date":"2022-05-31T20:09:42","date_gmt":"2022-05-31T18:09:42","guid":{"rendered":"https:\/\/test-fengcha.dweb.si\/product\/zvezdasti-janez-125-g\/"},"modified":"2025-04-22T17:14:22","modified_gmt":"2025-04-22T15:14:22","slug":"zvezdasti-janez-125-g","status":"publish","type":"product","link":"https:\/\/fengchashop.com\/si\/izdelek\/zvezdasti-janez-125-g\/","title":{"rendered":"Zvezdasti jane\u017e 125 g"},"content":{"rendered":"<h2 style=\"text-align: justify;\"><span style=\"color: #000000;\">Zvezdasti jane\u017e<\/span><\/h2>\n<p style=\"text-align: justify;\"><span style=\"color: #000000;\">Zvezdasti jane\u017e imenujemo tudi jane\u017eeva zvezda. Zimzelena rastlina spada v dru\u017eino magnolijevk in je predvsem na Kitajskam <strong>\u017ee 5000 let visoko cenjena<\/strong> zdravilna zel v tradicionalni kitajski medicini. Veliko pozneje so jo za\u010deli uporabljati tudi kot za\u010dimbo. V Evropi je poznana predvsem kot <strong>za\u010dimba za sladke jedi in pija\u010de<\/strong> oziroma vro\u010de napitke. Okus jane\u017ea je sladek in nekoliko spominja na mentol.<\/span><\/p>\n<h2 style=\"text-align: justify;\"><span style=\"color: #000000;\"><b>Uporaba<\/b><\/span><\/h2>\n<p style=\"text-align: justify;\"><span style=\"color: #000000;\">Je ena od petih za\u010dimb priljubljene <strong>kitajske me\u0161anice za\u010dimb<\/strong> (poleg cimeta, klin\u010dkov, se\u010danskega popra in koroma\u010da), ki se uporablja za za\u010dinjanje perutnine, svinjine in drugih mesnih ter zelenjavnih jedi in ri\u017ea.<\/span><\/p>\n<p style=\"text-align: justify;\"><span style=\"color: #000000;\">Uporabljamo lahko celega ali mletega. Zdrobimo ali zmeljemo ga tik pred uporabo. \u010ce ga uporabljamo pri kuhi, ga lahko dodamo \u017ee na za\u010detku kuhanja.<\/span><\/p>\n<p style=\"text-align: justify;\"><span style=\"color: #000000;\">Pri nas je poznan predvsem kot za\u010dimba za bo\u017ei\u010dna peciva, sadni kruh, marmelade in kuhano vino ali bo\u017ei\u010dni pun\u010d. Odli\u010den okus pa da tudi jabol\u010dni \u010de\u017eanam, kompotu in pudingu. Pri odmerjanju bodimo previdni, saj je okus precej intenziven.<\/span><\/p>\n<p style=\"text-align: justify;\"><span style=\"color: #000000;\">Zvezdasti jane\u017e daje jedem la\u017ejo prebavljivost, poparek ali \u010daj pa <strong>bla\u017ei bole\u010dine v trebuhu in \u017eelodcu<\/strong> ter <strong>laj\u0161a izka\u0161ljevanje<\/strong> sluzi, a ni primeren za otroke. Po tradicionalni kitajski medicini mu pripisujejo tudi protiglivi\u010dne lastnosti, predvsem v bojo s kandido, koristen naj bi bil tudi za imunski sistem, urejanje menstrualnega cikla in \u0161e veliko drugega.<\/span><\/p>\n<p style=\"text-align: justify;\"><span style=\"color: #000000;\">Zaradi privla\u010dne oblike se ga lahko uporablja tudi v <strong>dekorativne namene<\/strong>, hkrati pa zvezdasti jane\u017e zaradi anetola tudi zelo <strong>prijeto di\u0161i<\/strong>.<\/span><\/p>\n<p style=\"text-align: justify;\"><span style=\"color: #000000;\">Zvezdasti jane\u017e preizkusite tudi v na\u0161i posebni kitajski za\u010dimbni me\u0161anici <i>Five spices.<\/i><\/span><\/p>\n<h2 style=\"text-align: justify;\"><span style=\"color: #000000;\">Shranjevanje<\/span><\/h2>\n<p style=\"text-align: justify;\"><span style=\"color: #000000;\">Shranjujemo v suhem, temnem in hladnem prostoru. Poskrbimo, da je vre\u010dka ali \u0161atulja dobro zaprta.<\/span><\/p>\n<h2 style=\"text-align: justify;\"><span style=\"color: #000000;\">Pakiranje<\/span><\/h2>\n<p style=\"text-align: justify;\"><span style=\"color: #000000;\">Nepredu\u0161na vre\u010dka z zadrgo, kjer izdelek ohrani vso sve\u017eino in aromo. Embala\u017ea \u0161\u010diti pred svetlobo in zrakom, saj je sestavljena iz ve\u010d slojev za\u0161\u010dite, ki ohranjajo lastnosti vsebine.<\/span><\/p>\n<p style=\"text-align: justify;\"><span style=\"color: #000000;\">Embala\u017ea je zelo prakti\u010dna in omogo\u010da recikliranje.<\/span><\/p>\n<h2><span style=\"color: #000000;\">Poreklo<\/span><\/h2>\n<p><span style=\"color: #000000;\">Kitajska<\/span><\/p>\n","protected":false},"excerpt":{"rendered":"<p>Zvezdasti jane\u017e imenujemo tudi jane\u017eeva zvezda.\u00a0Okus jane\u017ea je sladek in nekoliko spominja na mentol. Zvezdasti jane\u017e daje jedem la\u017ejo prebavljivost, poparek ali \u010daj pa\u00a0bla\u017ei bole\u010dine v trebuhu in \u017eelodcu\u00a0ter\u00a0laj\u0161a izka\u0161ljevanje sluzi, a ni primeren za otroke. Po tradicionalni kitajski medicini mu pripisujejo tudi protiglivi\u010dne lastnosti, predvsem v bojo s kandido, koristen naj bi bil tudi za imunski sistem, urejanje menstrualnega cikla.<\/p>\n<p>&#x1F49A; Premium kvaliteta.<br \/>\n&#x1F49A; Odli\u010den vonj in okus.<\/p>\n<p>&nbsp;<\/p>\n","protected":false},"featured_media":4804,"comment_status":"open","ping_status":"closed","template":"","meta":{"_acf_changed":false},"product_brand":[],"product_cat":[15,205,216],"product_tag":[],"class_list":{"0":"post-4803","1":"product","2":"type-product","3":"status-publish","4":"has-post-thumbnail","6":"product_cat-uncategorized","7":"product_cat-caj-hrana-zacimbe","8":"product_cat-vsi-izdelki","10":"first","11":"outofstock","12":"taxable","13":"shipping-taxable","14":"purchasable","15":"product-type-simple"},"acf":[],"_links":{"self":[{"href":"https:\/\/fengchashop.com\/si\/wp-json\/wp\/v2\/product\/4803","targetHints":{"allow":["GET"]}}],"collection":[{"href":"https:\/\/fengchashop.com\/si\/wp-json\/wp\/v2\/product"}],"about":[{"href":"https:\/\/fengchashop.com\/si\/wp-json\/wp\/v2\/types\/product"}],"replies":[{"embeddable":true,"href":"https:\/\/fengchashop.com\/si\/wp-json\/wp\/v2\/comments?post=4803"}],"wp:featuredmedia":[{"embeddable":true,"href":"https:\/\/fengchashop.com\/si\/wp-json\/wp\/v2\/media\/4804"}],"wp:attachment":[{"href":"https:\/\/fengchashop.com\/si\/wp-json\/wp\/v2\/media?parent=4803"}],"wp:term":[{"taxonomy":"product_brand","embeddable":true,"href":"https:\/\/fengchashop.com\/si\/wp-json\/wp\/v2\/product_brand?post=4803"},{"taxonomy":"product_cat","embeddable":true,"href":"https:\/\/fengchashop.com\/si\/wp-json\/wp\/v2\/product_cat?post=4803"},{"taxonomy":"product_tag","embeddable":true,"href":"https:\/\/fengchashop.com\/si\/wp-json\/wp\/v2\/product_tag?post=4803"}],"curies":[{"name":"wp","href":"https:\/\/api.w.org\/{rel}","templated":true}]}}