{"id":4793,"date":"2022-05-28T22:27:16","date_gmt":"2022-05-28T20:27:16","guid":{"rendered":"https:\/\/test-fengcha.dweb.si\/product\/herbs-de-provence-125-g\/"},"modified":"2025-04-22T17:14:22","modified_gmt":"2025-04-22T15:14:22","slug":"herbs-de-provence-125-g","status":"publish","type":"product","link":"https:\/\/fengchashop.com\/si\/izdelek\/herbs-de-provence-125-g\/","title":{"rendered":"Herbs de Provence 125 g"},"content":{"rendered":"<h2 style=\"text-align: justify;\"><span style=\"color: #000000;\">Herbs de Provence<\/span><\/h2>\n<p style=\"text-align: justify;\"><span style=\"color: #000000;\">Herbs de Provence je francoska <strong>visoko kvalitetna<\/strong> me\u0161anica zeli\u0161\u010d. Gre za me\u0161anico posebnih aromati\u010dnih zeli\u0161\u010d <strong>po starem francoskem receptu iz Provanse<\/strong>. Arome se v tej me\u0161anici <strong>harmoni\u010dno zdru\u017eijo z vonjem cvetov sivke<\/strong>.\u00a0Ker je jugovzhodni del Francije \u2013 Provansa \u2013 bogat z zeli\u0161\u010di in di\u0161avnicami, ima provansalska me\u0161anica lahko ve\u010d razli\u010dic, prepri\u010dani pa smo, da vam bo na\u0161a razli\u010dica \u0161e posebno v\u0161e\u010d.<\/span><\/p>\n<p style=\"text-align: justify;\"><span style=\"color: #000000;\">Me\u0161anico lahko kombinirate z mnogimi jedmi: solatami, zelenjavo, mesom ali ribo. Dodamo jo lahko testeninam ali ri\u017eu, pa tudi juham in pe\u010denemu krompirju. K me\u0161anici se odli\u010dno poda olivno olje.<\/span><\/p>\n<h2 style=\"text-align: justify;\"><span style=\"color: #000000;\">Sestavine<\/span><\/h2>\n<p style=\"text-align: justify;\"><span style=\"color: #000000;\">Bazilika, timijan, majaron, origano, ro\u017emarin, sivka.<\/span><\/p>\n<p style=\"text-align: justify;\"><span style=\"color: #000000;\">Lahko vsebuje sledi <em><strong>zelene<\/strong><\/em> in <em><strong>gor\u010dice<\/strong><\/em>.<\/span><\/p>\n<h2 style=\"text-align: justify;\"><span style=\"color: #000000;\">Shranjevanje<\/span><\/h2>\n<p style=\"text-align: justify;\"><span style=\"color: #000000;\">Shranjujemo v suhem, temnem in hladnem prostoru.<\/span><\/p>\n<h2 style=\"text-align: justify;\"><span style=\"color: #000000;\">Pakiranje<\/span><\/h2>\n<p style=\"text-align: justify;\"><span style=\"color: #000000;\">Nepredu\u0161na vre\u010dka z zadrgo, kjer izdelek ohrani vso sve\u017eino in aromo. Embala\u017ea \u0161\u010diti pred svetlobo in zrakom, saj je sestavljena iz ve\u010d slojev za\u0161\u010dite, ki ohranjajo lastnosti vsebine.<\/span><\/p>\n<p style=\"text-align: justify;\"><span style=\"color: #000000;\">Embala\u017ea je zelo prakti\u010dna in omogo\u010da recikliranje.<\/span><\/p>\n<h2><span style=\"color: #000000;\">Poreklo<\/span><\/h2>\n<p><span style=\"color: #000000;\">EU<\/span><\/p>\n","protected":false},"excerpt":{"rendered":"<p>Herbs de Provence je me\u0161anica posebnih aromati\u010dnih zeli\u0161\u010d po starem francoskem receptu iz Provanse. Arome se v tej me\u0161anici\u00a0harmoni\u010dno zdru\u017eijo z vonjem cvetov sivke. Dodamo jo lahko testeninam ali ri\u017eu, pa tudi juham in pe\u010denemu krompirju. K me\u0161anici se odli\u010dno poda olivno olje.<\/p>\n<p>&#x1F49A; Premium kvaliteta.<br \/>\n&#x1F49A; Dodajamo jo lahko solatam, zelenjavi, mesu ali ribam.<\/p>\n<p>&nbsp;<\/p>\n","protected":false},"featured_media":4794,"comment_status":"open","ping_status":"closed","template":"","meta":{"_acf_changed":false},"product_brand":[],"product_cat":[15,205,216],"product_tag":[],"class_list":{"0":"post-4793","1":"product","2":"type-product","3":"status-publish","4":"has-post-thumbnail","6":"product_cat-uncategorized","7":"product_cat-caj-hrana-zacimbe","8":"product_cat-vsi-izdelki","10":"first","11":"outofstock","12":"taxable","13":"shipping-taxable","14":"purchasable","15":"product-type-simple"},"acf":[],"_links":{"self":[{"href":"https:\/\/fengchashop.com\/si\/wp-json\/wp\/v2\/product\/4793","targetHints":{"allow":["GET"]}}],"collection":[{"href":"https:\/\/fengchashop.com\/si\/wp-json\/wp\/v2\/product"}],"about":[{"href":"https:\/\/fengchashop.com\/si\/wp-json\/wp\/v2\/types\/product"}],"replies":[{"embeddable":true,"href":"https:\/\/fengchashop.com\/si\/wp-json\/wp\/v2\/comments?post=4793"}],"wp:featuredmedia":[{"embeddable":true,"href":"https:\/\/fengchashop.com\/si\/wp-json\/wp\/v2\/media\/4794"}],"wp:attachment":[{"href":"https:\/\/fengchashop.com\/si\/wp-json\/wp\/v2\/media?parent=4793"}],"wp:term":[{"taxonomy":"product_brand","embeddable":true,"href":"https:\/\/fengchashop.com\/si\/wp-json\/wp\/v2\/product_brand?post=4793"},{"taxonomy":"product_cat","embeddable":true,"href":"https:\/\/fengchashop.com\/si\/wp-json\/wp\/v2\/product_cat?post=4793"},{"taxonomy":"product_tag","embeddable":true,"href":"https:\/\/fengchashop.com\/si\/wp-json\/wp\/v2\/product_tag?post=4793"}],"curies":[{"name":"wp","href":"https:\/\/api.w.org\/{rel}","templated":true}]}}