{"id":4789,"date":"2022-05-28T22:12:53","date_gmt":"2022-05-28T20:12:53","guid":{"rendered":"https:\/\/test-fengcha.dweb.si\/product\/ras-al-hanout-125-g\/"},"modified":"2026-03-29T19:58:40","modified_gmt":"2026-03-29T17:58:40","slug":"ras-al-hanout-125-g","status":"publish","type":"product","link":"https:\/\/fengchashop.com\/si\/izdelek\/ras-al-hanout-125-g\/","title":{"rendered":"Ras al hanout 125 g"},"content":{"rendered":"<h2 style=\"text-align: justify;\"><span style=\"color: #000000;\">Ras al hanout<\/span><\/h2>\n<p style=\"text-align: justify;\"><span style=\"color: #000000;\">Ras al Hanout je maro\u0161ka za\u010dimbna me\u0161anica\u00a0najbolj\u0161e kvalitete. Zna\u010dilna predvsem za Maroko, Al\u017eirijo in Tunizijo. V arab\u0161\u010din pomeni <b>nekaj najbolj\u0161ega<\/b>, kar nam lahko prodajalec za\u010dimb ponudi. Je me\u0161anica najbolj priznanih za\u010dimb, ki jih v razli\u010dnem razmerju vsebuje vsaj ducat. Ras al hanout je posebna misti\u010dna me\u0161anica, saj <b>nobena receptura ni enaka<\/b>. Na\u0161a me\u0161anica je pripravljena po tradicionalnem receptu <b>maro\u0161kih kuharskih mojstrov<\/b>.\u00a0V Maroku se uporablja ob posebnih prilo\u017enostih, pri pripravi posebnih jedi.<\/span><\/p>\n<p style=\"text-align: justify;\"><span style=\"color: #000000;\">Po okusu me\u0161anico lahko primerjamo z indijskim karijem ali garam masalo, vendar imajo vse tri me\u0161anice svoje posebnosti, ki jim dajo tipi\u010den okus.<\/span><\/p>\n<p style=\"text-align: justify;\"><span style=\"color: #000000;\">Ta prijetno sladek vonj nageljnovih \u017ebic, topel lesni vonj po cimetu in mo\u010dan vonj po kumini, ki ga okusite na jeziku. Ta posebna me\u0161anica je pravo zapeljevanje.\u00a0<\/span><\/p>\n<h2 style=\"text-align: justify;\"><span style=\"color: #000000;\">Uporaba<\/span><\/h2>\n<p style=\"text-align: justify;\"><span style=\"color: #000000;\">Aromati\u010dno me\u0161anico lahko uporabimo za pripravo razli\u010dnih jedi, kot je na primer kuskus, ri\u017e ali pa\u0161ta, pa za pi\u0161\u010danca in ribo, svinjino in govedino, krompir, stro\u010dnice, sladki krompir, le\u010do, razne juhe in druge jedi na \u017elico.<\/span><\/p>\n<h2 style=\"text-align: justify;\"><span style=\"color: #000000;\">Sestavine<\/span><\/h2>\n<p style=\"text-align: justify;\"><span style=\"color: #000000;\">Koriander, piment, cimet, \u010dili, poper, kardamom, ingver, kumin, koroma\u010d, mu\u0161katni ore\u0161\u010dek, zvezdasti jane\u017e, lupina pomaran\u010de, gr\u0161ko seno, lovor.<\/span><\/p>\n<p style=\"text-align: justify;\"><span style=\"color: #000000;\">Lahko vsebuje sledi <strong>zelene<\/strong> in <strong>gor\u010dice<\/strong>.<\/span><\/p>\n<h2 style=\"text-align: justify;\"><span style=\"color: #000000;\">Shranjevanje<\/span><\/h2>\n<p style=\"text-align: justify;\"><span style=\"color: #000000;\">Shranjujemo v suhem, temnem in hladnem prostoru. Poskrbimo, da je vre\u010dka ali \u0161atulja dobro zaprta.<\/span><\/p>\n<h2 style=\"text-align: justify;\"><span style=\"color: #000000;\">Pakiranje<\/span><\/h2>\n<p style=\"text-align: justify;\"><span style=\"color: #000000;\">Nepredu\u0161na vre\u010dka z zadrgo, kjer izdelek ohrani vso sve\u017eino in aromo. Embala\u017ea \u0161\u010diti pred svetlobo in zrakom, saj je sestavljena iz ve\u010d slojev za\u0161\u010dite, ki ohranjajo lastnosti vsebine.<\/span><\/p>\n<p style=\"text-align: justify;\"><span style=\"color: #000000;\">Embala\u017ea je zelo prakti\u010dna in omogo\u010da recikliranje.<\/span><\/p>\n<h2 style=\"text-align: justify;\"><span style=\"color: #000000;\">Poreklo<\/span><\/h2>\n<p style=\"text-align: justify;\"><span style=\"color: #000000;\">EU<\/span><\/p>\n","protected":false},"excerpt":{"rendered":"<p>Ras al Hanout po okusu me\u0161anico lahko primerjamo z indijskim karijem ali garam masalo, vendar imajo vse tri me\u0161anice svoje posebnosti, ki jim dajo tipi\u010den okus. Ta prijetno sladek vonj nageljnovih \u017ebic, topel lesni vonj po cimetu in mo\u010dan vonj po kumini, ki ga okusite na jeziku. Aromati\u010dno me\u0161anico lahko uporabimo za pripravo razli\u010dnih jedi, kot je na primer kuskus, ri\u017e ali pa\u0161ta, pa za pi\u0161\u010danca in ribo, svinjino in govedino, krompir, stro\u010dnice, sladki krompir, le\u010do, razne juhe in druge jedi na \u017elico.<\/p>\n<p>&#x1F49A; Premium kvaliteta.<\/p>\n<p>&nbsp;<\/p>\n","protected":false},"featured_media":4790,"comment_status":"open","ping_status":"closed","template":"","meta":{"_acf_changed":false},"product_brand":[],"product_cat":[15,205,216],"product_tag":[],"class_list":{"0":"post-4789","1":"product","2":"type-product","3":"status-publish","4":"has-post-thumbnail","6":"product_cat-uncategorized","7":"product_cat-caj-hrana-zacimbe","8":"product_cat-vsi-izdelki","10":"first","11":"outofstock","12":"taxable","13":"shipping-taxable","14":"purchasable","15":"product-type-simple"},"acf":[],"_links":{"self":[{"href":"https:\/\/fengchashop.com\/si\/wp-json\/wp\/v2\/product\/4789","targetHints":{"allow":["GET"]}}],"collection":[{"href":"https:\/\/fengchashop.com\/si\/wp-json\/wp\/v2\/product"}],"about":[{"href":"https:\/\/fengchashop.com\/si\/wp-json\/wp\/v2\/types\/product"}],"replies":[{"embeddable":true,"href":"https:\/\/fengchashop.com\/si\/wp-json\/wp\/v2\/comments?post=4789"}],"wp:featuredmedia":[{"embeddable":true,"href":"https:\/\/fengchashop.com\/si\/wp-json\/wp\/v2\/media\/4790"}],"wp:attachment":[{"href":"https:\/\/fengchashop.com\/si\/wp-json\/wp\/v2\/media?parent=4789"}],"wp:term":[{"taxonomy":"product_brand","embeddable":true,"href":"https:\/\/fengchashop.com\/si\/wp-json\/wp\/v2\/product_brand?post=4789"},{"taxonomy":"product_cat","embeddable":true,"href":"https:\/\/fengchashop.com\/si\/wp-json\/wp\/v2\/product_cat?post=4789"},{"taxonomy":"product_tag","embeddable":true,"href":"https:\/\/fengchashop.com\/si\/wp-json\/wp\/v2\/product_tag?post=4789"}],"curies":[{"name":"wp","href":"https:\/\/api.w.org\/{rel}","templated":true}]}}