{"id":4787,"date":"2022-05-28T22:02:24","date_gmt":"2022-05-28T20:02:24","guid":{"rendered":"https:\/\/test-fengcha.dweb.si\/product\/masala-tandoori-125-g\/"},"modified":"2025-08-20T11:08:03","modified_gmt":"2025-08-20T09:08:03","slug":"masala-tandoori-125-g","status":"publish","type":"product","link":"https:\/\/fengchashop.com\/si\/izdelek\/masala-tandoori-125-g\/","title":{"rendered":"Masala tandoori 125 g"},"content":{"rendered":"<h2 style=\"text-align: justify;\"><span style=\"color: #000000;\">Masala tandoori<\/span><\/h2>\n<p style=\"text-align: justify;\"><span style=\"color: #000000;\">Masala tandoori\u00a0je indijska me\u0161anica za\u010dimb najbolj\u0161e kvalitete. Obi\u010dajno je narejena iz do 17 za\u010dimb. Uporablja se za za\u010dinjanje \u0161tevilnih <b>indijskih jedi<\/b>, ki jim pri\u010dara slan, aromati\u010den in rahlo za\u010dinjen\/peko\u010d okus. Masala Tandoori je zelo podobna garam masali, vendar je obi\u010dajno v primerjavi z njo nekoliko bolj pikantna.<\/span><\/p>\n<h2 style=\"text-align: justify;\"><span style=\"color: #000000;\">Uporaba<\/span><\/h2>\n<p style=\"text-align: justify;\"><span style=\"color: #000000;\">Me\u0161anica za\u010dimb se uporablja za <b>mariniranje \u017eivil<\/b> pred kuhanjem v <b>tandooru<\/b> oz. nekak\u0161ni okrogli kerami\u010dni pe\u010di ali na \u017earu. To je zna\u010dilna indijska me\u0161anica za pripravo <b>pi\u0161\u010danca<\/b>. Uporabite jo lahko tudi za marinado drugih vrst mesa. Preprosto jo lahko tudi zme\u0161ate z olivnim oljem in prema\u017eete pi\u0161\u010danca, ki ga boste pekli <b>v pe\u010dici<\/b>. Obogati ribe, jedi iz ri\u017ea in pe\u010den krompir. Tradicionalno se jo uporablja z jogurtom, ki pri mariniranju \u010dez no\u010d doda mesu orientalski okus in zmeh\u010da meso.<\/span><\/p>\n<h2 style=\"text-align: justify;\"><span style=\"color: #000000;\">Sestavine<\/span><\/h2>\n<p style=\"text-align: justify;\"><span style=\"color: #000000;\">Kumin, koriander, paprika, kurkuma, \u010debula, \u010desen, poper, <b>gor\u010di\u010dna semena<\/b>, ingver, kajenski poper, piment, galangal, mu\u0161katni ore\u0161\u010dek, cimet, koriander listi, klin\u010dki, dolgi poper.<\/span><\/p>\n<p style=\"text-align: justify;\"><span style=\"color: #000000;\">Vsebuje <strong>gor\u010di\u010dna<\/strong> <strong>semena<\/strong>. Lahko vsebuje sledi <strong>zelene<\/strong>.<\/span><\/p>\n<h2 style=\"text-align: justify;\"><span style=\"color: #000000;\">Shranjevanje<\/span><\/h2>\n<p style=\"text-align: justify;\"><span style=\"color: #000000;\">Shranjujemo v suhem, temnem in hladnem prostoru. Poskrbimo, da je vre\u010dka ali \u0161atulja dobro zaprta.<\/span><\/p>\n<h2 style=\"text-align: justify;\"><span style=\"color: #000000;\">Pakiranje<\/span><\/h2>\n<p style=\"text-align: justify;\"><span style=\"color: #000000;\">Nepredu\u0161na vre\u010dka z zadrgo, kjer izdelek ohrani vso sve\u017eino in aromo. Embala\u017ea \u0161\u010diti pred svetlobo in zrakom, saj je sestavljena iz ve\u010d slojev za\u0161\u010dite, ki ohranjajo lastnosti vsebine.<\/span><\/p>\n<p style=\"text-align: justify;\"><span style=\"color: #000000;\">Embala\u017ea je zelo prakti\u010dna in omogo\u010da recikliranje.<\/span><\/p>\n<h2 style=\"text-align: justify;\"><span style=\"color: #000000;\">Poreklo<\/span><\/h2>\n<p style=\"text-align: justify;\"><span style=\"color: #000000;\">EU<\/span><\/p>\n","protected":false},"excerpt":{"rendered":"<p>Masala tandoori\u00a0je indijska me\u0161anica za\u010dimb najbolj\u0161e kvalitete. Obi\u010dajno je narejena iz do 17 za\u010dimb. Uporablja se za za\u010dinjanje \u0161tevilnih\u00a0indijskih jedi, ki jim pri\u010dara slan, aromati\u010den in rahlo za\u010dinjen\/peko\u010d okus. Zna\u010dilna indijska me\u0161anica za pripravo\u00a0pi\u0161\u010danca.<\/p>\n<p>&#x1F49A; Premium kvaliteta.<br \/>\n&#x1F49A; Z njo obogati meso, ribe, jedi iz ri\u017ea in pe\u010den krompir.<\/p>\n<p>&nbsp;<\/p>\n","protected":false},"featured_media":4788,"comment_status":"open","ping_status":"closed","template":"","meta":{"_acf_changed":false},"product_brand":[],"product_cat":[15,205,216],"product_tag":[],"class_list":{"0":"post-4787","1":"product","2":"type-product","3":"status-publish","4":"has-post-thumbnail","6":"product_cat-uncategorized","7":"product_cat-caj-hrana-zacimbe","8":"product_cat-vsi-izdelki","10":"first","11":"outofstock","12":"taxable","13":"shipping-taxable","14":"purchasable","15":"product-type-simple"},"acf":[],"_links":{"self":[{"href":"https:\/\/fengchashop.com\/si\/wp-json\/wp\/v2\/product\/4787","targetHints":{"allow":["GET"]}}],"collection":[{"href":"https:\/\/fengchashop.com\/si\/wp-json\/wp\/v2\/product"}],"about":[{"href":"https:\/\/fengchashop.com\/si\/wp-json\/wp\/v2\/types\/product"}],"replies":[{"embeddable":true,"href":"https:\/\/fengchashop.com\/si\/wp-json\/wp\/v2\/comments?post=4787"}],"wp:featuredmedia":[{"embeddable":true,"href":"https:\/\/fengchashop.com\/si\/wp-json\/wp\/v2\/media\/4788"}],"wp:attachment":[{"href":"https:\/\/fengchashop.com\/si\/wp-json\/wp\/v2\/media?parent=4787"}],"wp:term":[{"taxonomy":"product_brand","embeddable":true,"href":"https:\/\/fengchashop.com\/si\/wp-json\/wp\/v2\/product_brand?post=4787"},{"taxonomy":"product_cat","embeddable":true,"href":"https:\/\/fengchashop.com\/si\/wp-json\/wp\/v2\/product_cat?post=4787"},{"taxonomy":"product_tag","embeddable":true,"href":"https:\/\/fengchashop.com\/si\/wp-json\/wp\/v2\/product_tag?post=4787"}],"curies":[{"name":"wp","href":"https:\/\/api.w.org\/{rel}","templated":true}]}}