{"id":4775,"date":"2022-05-28T21:08:09","date_gmt":"2022-05-28T19:08:09","guid":{"rendered":"https:\/\/test-fengcha.dweb.si\/product\/curry-rdeci-tajska-125-g\/"},"modified":"2025-09-04T15:35:21","modified_gmt":"2025-09-04T13:35:21","slug":"curry-rdeci-tajska-125-g","status":"publish","type":"product","link":"https:\/\/fengchashop.com\/si\/izdelek\/curry-rdeci-tajska-125-g\/","title":{"rendered":"Curry rde\u010di Tajska 125 g"},"content":{"rendered":"<h2 style=\"text-align: justify;\"><span style=\"color: #000000;\">Curry rde\u010di Tajska<\/span><\/h2>\n<p style=\"text-align: justify;\"><span style=\"color: #000000;\">Za\u010dimbna me\u0161anica, zna\u010dilna za Indijo, je svoje posebno mesto dobila tudi v Evropi, kjer postaja vse bolj priljubljena in poznana, \u010deprav se jo pri nas uporablja \u017ee vsaj od 18. stoletja. Ime je dobila po indijski besedi &#8221;kari podi&#8221;, ki pravzaprav ozna\u010duje tipi\u010dne jedi z ri\u017eem.\u00a0<\/span><\/p>\n<p style=\"text-align: justify;\"><span style=\"color: #000000;\">Na\u0161 rde\u010di kari je me\u0161anica za\u010dimb najbolj\u0161e kvalitete.\u00a0<\/span><\/p>\n<h2 style=\"text-align: justify;\"><span style=\"color: #000000;\">Uporaba<\/span><\/h2>\n<p style=\"text-align: justify;\"><span style=\"color: #000000;\">Ta rde\u010di curry se dobro ujema <strong>z vegetarijanskimi <\/strong>in <strong>veganskimi jedmi<\/strong>. Ri\u017eu daje poseben okus. Uporabite pa ga lahko tudi za vse vrste mesnih jedi, rib in juh. Kot \u017ee ime pove, je tajska kuhinja domovina tega karija. Odli\u010dno se poda k vsem jedem, \u010de ga vme\u0161ate in na hitro popra\u017eite na kokosovem olju. Iz me\u0161anice lahko pripravite tudi karijevo pasto, in sicer tako, da ji dodate kokosovo olje in dobro preme\u0161ate.<\/span><\/p>\n<p style=\"text-align: justify;\"><span style=\"color: #000000;\">Tajski rde\u010di kari ima <strong>intenziven<\/strong>, <strong>srednje sladek okus<\/strong>, ki je zna\u010dilen za <strong>tajsko<\/strong> in <strong>ju\u017enoazijsko kuhinjo<\/strong>.<\/span><\/p>\n<p style=\"text-align: justify;\"><span style=\"color: #000000;\">Rde\u010di kari je eden najpogosteje uporabljenih v kuhinji tajske province Phuket. Na\u0161a razli\u010dica je <strong>manj za\u010dinjena<\/strong>, saj smo namenoma uporabili manj \u010dilija, in tako rde\u010di kari pribli\u017eali tudi tistim, ki niso ljubitelji pretirano za\u010dinjene hrane. Seveda lahko me\u0161anici dodate poljubno koli\u010dino vam najljub\u0161ega \u010dilija, pa tudi katere druge tipi\u010dne za\u010dimbe iz na\u0161e ponudbe.<\/span><\/p>\n<h2 style=\"text-align: justify;\"><span style=\"color: #000000;\">Sestavine<\/span><\/h2>\n<p style=\"text-align: justify;\"><span style=\"color: #000000;\">Kurkuma, koriander, paprika, gr\u0161ko seno, cimet, \u010desen, ingver, poper, klin\u010dki, gor\u010di\u010dna semena, kardamom, \u010dili, sol, koroma\u010d, kumin, bazilika, trsni sladkor.\u00a0<\/span><\/p>\n<p style=\"text-align: justify;\"><span style=\"color: #000000;\">Vsebuje <strong>gor\u010di\u010dna<\/strong> <strong>semena<\/strong>. Lahko vsebuje sledi <strong>zelene<\/strong>.<\/span><\/p>\n<h2 style=\"text-align: justify;\"><span style=\"color: #000000;\">Shranjevanje<\/span><\/h2>\n<p style=\"text-align: justify;\"><span style=\"color: #000000;\">Shranjujemo v suhem, temnem in hladnem prostoru. Poskrbimo, da je vre\u010dka ali \u0161atulja dobro zaprta.<\/span><\/p>\n<h2 style=\"text-align: justify;\"><span style=\"color: #000000;\">Pakiranje<\/span><\/h2>\n<p style=\"text-align: justify;\"><span style=\"color: #000000;\">Nepredu\u0161na vre\u010dka z zadrgo, kjer izdelek ohrani vso sve\u017eino in aromo. Embala\u017ea \u0161\u010diti pred svetlobo in zrakom, saj je sestavljena iz ve\u010d slojev za\u0161\u010dite, ki ohranjajo lastnosti vsebine.<\/span><\/p>\n<p style=\"text-align: justify;\"><span style=\"color: #000000;\">Embala\u017ea je zelo prakti\u010dna in omogo\u010da recikliranje.<\/span><\/p>\n<h2><span style=\"color: #000000;\">Poreklo<\/span><\/h2>\n<p><span style=\"color: #000000;\">EU<\/span><\/p>\n","protected":false},"excerpt":{"rendered":"<p>Rde\u010di curry se dobro ujema z vegetarijanskimi\u00a0in\u00a0veganskimi jedmi. Ri\u017eu daje poseben okus. Uporabite pa ga lahko tudi za vse vrste mesnih jedi, rib in juh. Kot \u017ee ime pove, je tajska kuhinja domovina tega karija. Odli\u010dno se poda k vsem jedem, \u010de ga vme\u0161ate in na hitro popra\u017eite na kokosovem olju. Iz me\u0161anice lahko pripravite tudi karijevo pasto, in sicer tako, da ji dodate kokosovo olje in dobro preme\u0161ate.<\/p>\n<p>&#x1F49A; Premium kvaliteta.<br \/>\n&#x1F49A; Ima\u00a0intenziven,\u00a0srednje sladek okus, ki je zna\u010dilen za\u00a0tajsko\u00a0in\u00a0ju\u017enoazijsko kuhinjo.<\/p>\n<p>&nbsp;<\/p>\n","protected":false},"featured_media":4776,"comment_status":"open","ping_status":"closed","template":"","meta":{"_acf_changed":false},"product_brand":[],"product_cat":[15,205,216],"product_tag":[],"class_list":{"0":"post-4775","1":"product","2":"type-product","3":"status-publish","4":"has-post-thumbnail","6":"product_cat-uncategorized","7":"product_cat-caj-hrana-zacimbe","8":"product_cat-vsi-izdelki","10":"first","11":"outofstock","12":"taxable","13":"shipping-taxable","14":"purchasable","15":"product-type-simple"},"acf":[],"_links":{"self":[{"href":"https:\/\/fengchashop.com\/si\/wp-json\/wp\/v2\/product\/4775","targetHints":{"allow":["GET"]}}],"collection":[{"href":"https:\/\/fengchashop.com\/si\/wp-json\/wp\/v2\/product"}],"about":[{"href":"https:\/\/fengchashop.com\/si\/wp-json\/wp\/v2\/types\/product"}],"replies":[{"embeddable":true,"href":"https:\/\/fengchashop.com\/si\/wp-json\/wp\/v2\/comments?post=4775"}],"wp:featuredmedia":[{"embeddable":true,"href":"https:\/\/fengchashop.com\/si\/wp-json\/wp\/v2\/media\/4776"}],"wp:attachment":[{"href":"https:\/\/fengchashop.com\/si\/wp-json\/wp\/v2\/media?parent=4775"}],"wp:term":[{"taxonomy":"product_brand","embeddable":true,"href":"https:\/\/fengchashop.com\/si\/wp-json\/wp\/v2\/product_brand?post=4775"},{"taxonomy":"product_cat","embeddable":true,"href":"https:\/\/fengchashop.com\/si\/wp-json\/wp\/v2\/product_cat?post=4775"},{"taxonomy":"product_tag","embeddable":true,"href":"https:\/\/fengchashop.com\/si\/wp-json\/wp\/v2\/product_tag?post=4775"}],"curies":[{"name":"wp","href":"https:\/\/api.w.org\/{rel}","templated":true}]}}