{"id":4766,"date":"2022-05-28T20:36:49","date_gmt":"2022-05-28T18:36:49","guid":{"rendered":"https:\/\/test-fengcha.dweb.si\/product\/limonska-trava-bio-250-g\/"},"modified":"2026-04-25T09:53:37","modified_gmt":"2026-04-25T07:53:37","slug":"limonska-trava-bio","status":"publish","type":"product","link":"https:\/\/fengchashop.com\/si\/izdelek\/limonska-trava-bio\/","title":{"rendered":"Limonska trava BIO 250 g"},"content":{"rendered":"<h2 style=\"text-align: justify\"><span style=\"color: #000000\">Limonska trava (zeli\u0161\u010dni \u010daj)<\/span><\/h2>\n<p style=\"text-align: justify\"><span style=\"color: #000000\">Limonska trava je tropska trava z zna\u010dilnimi jezi\u010dastimi temno zelenimi listi, ki zraste tudi do 180 cm visoko. Je izrazito aromati\u010dna, predvsem zaradi vsebnosti <strong>citrala<\/strong> in <strong>geraniola<\/strong>, ki dajeta rastlini zna\u010dilen <strong>vonj in okus po citrusih<\/strong>. Kot eteri\u010dno olje je izredno priljubljena tudi v aromaterapiji in kozmeti\u010dnih pripravkih.<\/span><\/p>\n<p style=\"text-align: justify\"><span style=\"color: #000000\">Limonska trava je mo\u010dan <strong>antioksidant<\/strong> in odli\u010den <strong>vir vitamina C<\/strong>.<\/span><\/p>\n<p style=\"text-align: justify\"><span style=\"color: #000000\">Uporablja se lahko posu\u0161ena ali sve\u017ea in je nepogre\u0161ljiva v <strong>azijskih receptih<\/strong> z ribami, pi\u0161\u010dancem in svinjino.<\/span><\/p>\n<p style=\"text-align: justify\"><span style=\"color: #000000\">Zaradi okusa po citrusih se pri nas posu\u0161ene liste uporablja predvsem v <strong>zeli\u0161\u010dnih poparkih ali \u010daju<\/strong>, pripravimo pa lahko tudi raznorazne <strong>osve\u017eilne hladne napitke in ledene \u010daje<\/strong>, ki lepo od\u017eejajo, blagodejno pa vplivajo tudi na po\u010dutje in zmanj\u0161ujejo napetost. Poda se k ingverju, klin\u010dkom, limoni in limeti, meti in melisi.<\/span><\/p>\n<h2 style=\"text-align: justify\"><span style=\"color: #000000\">Pakiranje<\/span><\/h2>\n<p><span style=\"color: #000000\">Nepredu\u0161na vre\u010dka z zadrgo, kjer izdelek ohrani vso sve\u017eino in aromo. Embala\u017ea \u0161\u010diti pred svetlobo in zrakom, saj je sestavljena iz ve\u010d slojev za\u0161\u010dite, ki ohranjajo lastnosti vsebine.<\/span><\/p>\n<p><span style=\"color: #000000\">Embala\u017ea je zelo prakti\u010dna in omogo\u010da recikliranje.<\/span><\/p>\n<h2><span style=\"color: #000000\">Poreklo<\/span><\/h2>\n<p><span style=\"color: #000000\">Tajska ali Indija<\/span><\/p>\n","protected":false},"excerpt":{"rendered":"<p>Limonska trava je mo\u010dan antioksidant in odli\u010den vir vitamina C. Uporablja se lahko posu\u0161ena ali sve\u017ea in je nepogre\u0161ljiva v azijskih receptih z ribami, pi\u0161\u010dancem in svinjino. Poda se k ingverju, klin\u010dkom, limoni in limeti, meti in melisi. Posu\u0161ene liste se uporablja predvsem:<\/p>\n<p>\ud83d\udc9a v zeli\u0161\u010dnih poparkih ali \u010daju, ki uravnava prebavo in laj\u0161a la\u017eje prebavne te\u017eav,<br \/>\n\ud83d\udc9a kot osve\u017eilne hladne napitke in ledene \u010daje.<\/p>\n<p>&nbsp;<\/p>\n","protected":false},"featured_media":4767,"comment_status":"open","ping_status":"closed","template":"","meta":{"_acf_changed":false},"product_brand":[],"product_cat":[15,205,216],"product_tag":[],"class_list":{"0":"post-4766","1":"product","2":"type-product","3":"status-publish","4":"has-post-thumbnail","6":"product_cat-uncategorized","7":"product_cat-caj-hrana-zacimbe","8":"product_cat-vsi-izdelki","10":"first","11":"instock","12":"taxable","13":"shipping-taxable","14":"purchasable","15":"product-type-simple"},"acf":[],"_links":{"self":[{"href":"https:\/\/fengchashop.com\/si\/wp-json\/wp\/v2\/product\/4766","targetHints":{"allow":["GET"]}}],"collection":[{"href":"https:\/\/fengchashop.com\/si\/wp-json\/wp\/v2\/product"}],"about":[{"href":"https:\/\/fengchashop.com\/si\/wp-json\/wp\/v2\/types\/product"}],"replies":[{"embeddable":true,"href":"https:\/\/fengchashop.com\/si\/wp-json\/wp\/v2\/comments?post=4766"}],"wp:featuredmedia":[{"embeddable":true,"href":"https:\/\/fengchashop.com\/si\/wp-json\/wp\/v2\/media\/4767"}],"wp:attachment":[{"href":"https:\/\/fengchashop.com\/si\/wp-json\/wp\/v2\/media?parent=4766"}],"wp:term":[{"taxonomy":"product_brand","embeddable":true,"href":"https:\/\/fengchashop.com\/si\/wp-json\/wp\/v2\/product_brand?post=4766"},{"taxonomy":"product_cat","embeddable":true,"href":"https:\/\/fengchashop.com\/si\/wp-json\/wp\/v2\/product_cat?post=4766"},{"taxonomy":"product_tag","embeddable":true,"href":"https:\/\/fengchashop.com\/si\/wp-json\/wp\/v2\/product_tag?post=4766"}],"curies":[{"name":"wp","href":"https:\/\/api.w.org\/{rel}","templated":true}]}}