{"id":4755,"date":"2025-06-09T10:06:38","date_gmt":"2025-06-09T08:06:38","guid":{"rendered":"https:\/\/test-fengcha.dweb.si\/product\/sladki-koren-125-g\/"},"modified":"2026-04-26T02:48:25","modified_gmt":"2026-04-26T00:48:25","slug":"sladki-koren-likviricija-v-prahu-bio","status":"publish","type":"product","link":"https:\/\/fengchashop.com\/si\/izdelek\/sladki-koren-likviricija-v-prahu-bio\/","title":{"rendered":"Sladki koren (Likviricija) v prahu BIO 250 g"},"content":{"rendered":"<h2><strong>Kaj je Sladki koren?<\/strong><\/h2>\n<p><strong>Sladki koren ali likviricija (<em>Glycyrrhiza glabra<\/em>) <\/strong>je trajnica iz dru\u017eine metuljnic, znana po svojem zna\u010dilno sladkem okusu. Rastlina vsako leto po\u017eene olesenela stebla, ki zrastejo od enega do dveh metrov visoko. Najpogosteje se uporablja njen koren, ki vsebuje \u0161tevilne aktivne sestavine, med katerimi je najbolj znana glicirizin, ki je kar 50-krat slaj\u0161i od saharoze (navadnega sladkorja). Posu\u0161en in zmlet koren se uporablja kot sladki koren v prahu, ki je priljubljen v prehrani, naravnem zdravilstvu in kozmetiki.<\/p>\n<p>V tradicionalni kitajski medicini in ajurvedi se uporablja kot tonik za pomladitev srca in vranice, pa tudi proti razjedam in ko\u017enim te\u017eavam. Ker vla\u017ei suho grlo, ga pogosto uporabljajo kadilci, pevci in govorci.<\/p>\n<p>Pogosto je tudi sestavina v prehranskih dopolnilih in zeli\u0161\u010dnih formulah, kjer deluje kot povezovalec med zeli\u0161\u010di in okrepi njihovo delovanje.<\/p>\n<h2><strong>Shranjevanje in opozorila<\/strong><\/h2>\n<p>Shranjujte v suhem in hladnem prostoru pri temperaturi do 25 \u00b0C. Prehransko dopolnilo naj bo nedosegljivo otrokom!<\/p>\n<p>Ne pozabite na pomembnost raznolike prehrane in zdravega na\u010dina \u017eivljenja, prehransko dopolnilo zato ni nadomestilo za uravnote\u017eeno in raznovrstno prehrano. Priporo\u010dene dnevne koli\u010dine oziroma odmerka se ne sme prekora\u010diti.<\/p>\n<p>U\u017eivanja sladkega korena ne priporo\u010damo nose\u010dnicam, doje\u010dim materam, otrokom, mlaj\u0161im od 12 let, diabetikom, osebam z visokim krvnim tlakom in sr\u010dnim bolnikom.<\/p>\n<p>Sladki koren je koristen \u017ee v majhnih koli\u010dinah. zato ne pretiravajmo z njim. Najve\u010dja dnevna koli\u010dina naj bo od 4 do 8 gramov\u00a0 (to je od 1 do 2 \u010dajni \u017eli\u010dki). Sladki koren ima mo\u010dan fiziolo\u0161ki u\u010dinek (npr. lahko vpliva na krvni tlak), zato se priporo\u010da, da za\u010dnete z ni\u017ejim odmerkom (npr. 1\/2 \u017eli\u010dke) in preverite odziv telesa, nato po potrebi pove\u010dajo \u0161tevilo odmerkov, ne pove\u010dujte pa koli\u010dine naenkrat. 1\/2 \u017eli\u010dke je optimalna koli\u010dina za eno skodelico \u010daja (cca 200\u2013250 ml). Ve\u010dja koli\u010dina bi lahko bila premo\u010dna, gostej\u0161a ali neprijetna za pitje.<\/p>\n<p>Odsvetujemo dolgotrajno jemanje brez premorov. Najbolje, da po 4 do 6 tednih jemanja naredite premor za vsaj dva tedna.<\/p>\n<p>Sladki koren zni\u017euje vsebnost kalija v krvi, zato ga je potrebno pri dalj \u010dasa trajajo\u010dem u\u017eivanju sladkega korena s prehrano nadomestiti (npr, banane, suhe marelice, datlji, \u0161pina\u010da, blitva, fi\u017eol, le\u010da&#8230;).<\/p>\n<h2><strong>Pakiranje<\/strong><\/h2>\n<p>Nepredu\u0161na vre\u010dka z zadrgo, kjer izdelek ohrani vso sve\u017eino in aromo. Embala\u017ea \u0161\u010diti pred svetlobo in zrakom, saj je sestavljena iz ve\u010d slojev za\u0161\u010dite, ki ohranjajo lastnosti vsebine.<\/p>\n<p>Embala\u017ea je zelo prakti\u010dna in omogo\u010da recikliranje.<\/p>\n<h2><strong>Poreklo<\/strong><\/h2>\n<p>Indija<\/p>\n","protected":false},"excerpt":{"rendered":"<p>Prehransko dopolnilo. Posu\u0161en in zmlet <strong>sladki koren<\/strong> se uporablja kot sladki koren v prahu, ki je priljubljen v prehrani, naravnem zdravilstvu in kozmetiki.<\/p>\n","protected":false},"featured_media":5997,"comment_status":"open","ping_status":"closed","template":"","meta":{"_acf_changed":false},"product_brand":[],"product_cat":[15,194,195,216],"product_tag":[],"class_list":{"0":"post-4755","1":"product","2":"type-product","3":"status-publish","4":"has-post-thumbnail","6":"product_cat-uncategorized","7":"product_cat-ajurveda","8":"product_cat-superhrana","9":"product_cat-vsi-izdelki","11":"first","12":"instock","13":"taxable","14":"shipping-taxable","15":"purchasable","16":"product-type-simple"},"acf":[],"_links":{"self":[{"href":"https:\/\/fengchashop.com\/si\/wp-json\/wp\/v2\/product\/4755","targetHints":{"allow":["GET"]}}],"collection":[{"href":"https:\/\/fengchashop.com\/si\/wp-json\/wp\/v2\/product"}],"about":[{"href":"https:\/\/fengchashop.com\/si\/wp-json\/wp\/v2\/types\/product"}],"replies":[{"embeddable":true,"href":"https:\/\/fengchashop.com\/si\/wp-json\/wp\/v2\/comments?post=4755"}],"wp:featuredmedia":[{"embeddable":true,"href":"https:\/\/fengchashop.com\/si\/wp-json\/wp\/v2\/media\/5997"}],"wp:attachment":[{"href":"https:\/\/fengchashop.com\/si\/wp-json\/wp\/v2\/media?parent=4755"}],"wp:term":[{"taxonomy":"product_brand","embeddable":true,"href":"https:\/\/fengchashop.com\/si\/wp-json\/wp\/v2\/product_brand?post=4755"},{"taxonomy":"product_cat","embeddable":true,"href":"https:\/\/fengchashop.com\/si\/wp-json\/wp\/v2\/product_cat?post=4755"},{"taxonomy":"product_tag","embeddable":true,"href":"https:\/\/fengchashop.com\/si\/wp-json\/wp\/v2\/product_tag?post=4755"}],"curies":[{"name":"wp","href":"https:\/\/api.w.org\/{rel}","templated":true}]}}