{"id":4752,"date":"2022-05-28T16:59:52","date_gmt":"2022-05-28T14:59:52","guid":{"rendered":"https:\/\/test-fengcha.dweb.si\/product\/zafran-1a-1-g\/"},"modified":"2026-04-19T16:35:17","modified_gmt":"2026-04-19T14:35:17","slug":"zafran-1a","status":"publish","type":"product","link":"https:\/\/fengchashop.com\/si\/izdelek\/zafran-1a\/","title":{"rendered":"\u017dafran 1A 1 g"},"content":{"rendered":"<h2 style=\"text-align: justify;\"><span style=\"color: #000000;\">\u017dafran\u00a0<\/span><\/h2>\n<p style=\"text-align: justify;\"><span style=\"color: #000000;\">\u017dafran, imenovan tudi \u017eefran ali pravi \u017eafran, je \u017ee <strong>ve\u010d kot 4000 let cenjena za\u010dimba<\/strong> iz Bli\u017enjega vzhoda. Pomen besede za&#8217;f\u00e2n je v arab\u0161\u010dini &#8216;biti rumen&#8217;, saj se je \u017eafran v preteklosti pogosto uporabljalo tudi kot barvilo za blago.<\/span><\/p>\n<p style=\"text-align: justify;\"><span style=\"color: #000000;\">Obirajo ga ro\u010dno, nato previdno lo\u010dijo brazde od cveta in posu\u0161ijo. Med su\u0161enjem dobi prepoznaven in nezamenljiv vonj.<\/span><\/p>\n<p style=\"text-align: justify;\"><span style=\"color: #000000;\">Del rastline, ki se uporablja kot za\u010dimba, so pravzaprav <strong>zgolj cvetne brazde<\/strong>. Zato je \u0161e danes to <strong>najdra\u017eja<\/strong> <strong>za\u010dimba<\/strong>, saj potrebujemo za kilogram posu\u0161enega \u017eafrana tudi do 80.000 cvetov.<\/span><\/p>\n<p style=\"text-align: justify;\"><span style=\"color: #000000;\">\u017dafran obarva jedi z zna\u010dilno zlatorumeno barvo in je nepogre\u0161ljiv v nekaterih tipi\u010dnih orientalskih jedeh, ne sme manjkati pa tudi v nekaterih jedeh sredozemske kuhinje, kot je na primer <em>milanska ri\u017eota<\/em>, <em>francoski bouillabaisse<\/em> ali<em> paelja<\/em>.<\/span><\/p>\n<h2 style=\"text-align: justify;\"><span style=\"color: #000000;\">Shranjevanje<\/span><\/h2>\n<p style=\"text-align: justify;\"><span style=\"color: #000000;\">Shranjujemo v suhem in hladnem prostoru. Poskrbimo, da je embala\u017ea dobro zaprta. Ker je \u017eafran izredno ob\u010dutljiv na svetlobo, poskrbimo, da je le-ta shranjen v temni embala\u017ei in na temnem mestu.<\/span><\/p>\n<h2 style=\"text-align: justify;\"><span style=\"color: #000000;\">Pakiranje<\/span><\/h2>\n<p style=\"text-align: justify;\"><span style=\"color: #000000;\">V stekleni embala\u017ei ali vre\u010dki z zadrgo, kjer izdelek ohrani vso sve\u017eino in aromo.<\/span><br \/>\n<span style=\"color: #000000;\">Embala\u017ea \u0161\u010diti pred svetlobo in zrakom, saj je sestavljena iz ve\u010d slojev za\u0161\u010dite, ki ohranjajo lastnosti vsebine.<\/span><br \/>\n<span style=\"color: #000000;\">Embala\u017ea je zelo prakti\u010dna in omogo\u010da recikliranje.<\/span><\/p>\n<h2><span style=\"color: #000000;\">Poreklo<\/span><\/h2>\n<p><span style=\"color: #000000;\">Evropa ali Azija<\/span><\/p>\n","protected":false},"excerpt":{"rendered":"<p>\u017dafran obarva jedi z zna\u010dilno zlatorumeno barvo in je nepogre\u0161ljiv v nekaterih tipi\u010dnih orientalskih jedeh, ne sme manjkati pa tudi v nekaterih jedeh sredozemske kuhinje, kot je na primer\u00a0<em>milanska ri\u017eota<\/em>,\u00a0<em>francoski bouillabaisse<\/em>\u00a0ali<em>\u00a0paelja<\/em>.<\/p>\n<p>\ud83d\udc9a Na\u0161e \u017eafranove nitke sodijo v\u00a01A kategorijo kakovosti.<br \/>\n\ud83d\udc9a Najdra\u017eja\u00a0za\u010dimba<\/p>\n","protected":false},"featured_media":4753,"comment_status":"open","ping_status":"closed","template":"","meta":{"_acf_changed":false},"product_brand":[],"product_cat":[15,205,216],"product_tag":[],"class_list":{"0":"post-4752","1":"product","2":"type-product","3":"status-publish","4":"has-post-thumbnail","6":"product_cat-uncategorized","7":"product_cat-caj-hrana-zacimbe","8":"product_cat-vsi-izdelki","10":"first","11":"outofstock","12":"sale","13":"taxable","14":"shipping-taxable","15":"purchasable","16":"product-type-simple"},"acf":[],"_links":{"self":[{"href":"https:\/\/fengchashop.com\/si\/wp-json\/wp\/v2\/product\/4752","targetHints":{"allow":["GET"]}}],"collection":[{"href":"https:\/\/fengchashop.com\/si\/wp-json\/wp\/v2\/product"}],"about":[{"href":"https:\/\/fengchashop.com\/si\/wp-json\/wp\/v2\/types\/product"}],"replies":[{"embeddable":true,"href":"https:\/\/fengchashop.com\/si\/wp-json\/wp\/v2\/comments?post=4752"}],"wp:featuredmedia":[{"embeddable":true,"href":"https:\/\/fengchashop.com\/si\/wp-json\/wp\/v2\/media\/4753"}],"wp:attachment":[{"href":"https:\/\/fengchashop.com\/si\/wp-json\/wp\/v2\/media?parent=4752"}],"wp:term":[{"taxonomy":"product_brand","embeddable":true,"href":"https:\/\/fengchashop.com\/si\/wp-json\/wp\/v2\/product_brand?post=4752"},{"taxonomy":"product_cat","embeddable":true,"href":"https:\/\/fengchashop.com\/si\/wp-json\/wp\/v2\/product_cat?post=4752"},{"taxonomy":"product_tag","embeddable":true,"href":"https:\/\/fengchashop.com\/si\/wp-json\/wp\/v2\/product_tag?post=4752"}],"curies":[{"name":"wp","href":"https:\/\/api.w.org\/{rel}","templated":true}]}}