{"id":4716,"date":"2022-05-27T15:00:16","date_gmt":"2022-05-27T13:00:16","guid":{"rendered":"https:\/\/test-fengcha.dweb.si\/product\/zelena-kava-mleta-bio-500-g\/"},"modified":"2026-04-28T06:58:16","modified_gmt":"2026-04-28T04:58:16","slug":"zelena-kava-v-prahu-bio","status":"publish","type":"product","link":"https:\/\/fengchashop.com\/si\/izdelek\/zelena-kava-v-prahu-bio\/","title":{"rendered":"Zelena kava v prahu BIO 500 g"},"content":{"rendered":"<h2 style=\"text-align: justify\"><span style=\"color: #000000\">Kaj je zelena kava?<\/span><\/h2>\n<p style=\"text-align: justify\"><span style=\"color: #000000\">Zelena zrna kave so preprosto nepra\u017eena zrna obi\u010dajnega kavovca. Zato je zelena kava popolnoma naraven produkt. Pripravimo jo kot navaden zeli\u0161\u010dni \u010daj. Tudi okus ima zelo podoben zeli\u0161\u010dnemu \u010daju.<\/span><\/p>\n<p style=\"text-align: justify\"><span style=\"color: #000000\">Kavna zrna so posebej izbrana iz <strong>ekolo\u0161kih planta\u017e<\/strong> in so na poseben na\u010din mleta, da pri pripravi zagotovijo optimalen u\u010dinek in seveda tudi okus.<\/span><\/p>\n<p style=\"text-align: justify\"><span style=\"color: #000000\">Zelena kava dobiva vse ve\u010d privr\u017eencev zaradi pozitivnih u\u010dinkov na <strong>moderne tegobe<\/strong>: prekomerna telesna te\u017ea, stres, pomanjkanje energije in staranje. Ravno zato nas ne \u010dudi, da je po kar nekaj letih \u0161e vedno iskano in dobro prodajano \u017eivilo.<\/span><\/p>\n<p style=\"text-align: justify\"><span style=\"color: #000000\">Na\u0161a zelena kava je certificiran biolo\u0161ki produkt, popolnoma naraven in brez aditivov.<\/span><\/p>\n<h2 style=\"text-align: justify\"><span style=\"color: #000000\">Katere vse sestavine vsebuje zelena kava in kako u\u010dinkujejo?<\/span><\/h2>\n<ul>\n<li><span style=\"color: #000000\"><strong><em>Kofein<\/em> <\/strong>\u2013 zelena kava vsebuje nekoliko manj\u0161o koncentracijo kofeina. Manj\u0161e koli\u010dine kofeina delujejo proti <strong>fizi\u010dni in mentalni utrujenosti<\/strong>. Za ve\u010d energije in bolj\u0161e po\u010dutje.\u00a0<\/span><\/li>\n<li><span style=\"color: #000000\"><em><strong>Klorogenska<\/strong> <strong>kislina<\/strong><\/em> \u2013 pomaga topiti ma\u0161\u010dobe. Zaradi klorogenske kisline zelena kava lahko pripomore k izgubi telesne te\u017ee. S pra\u017eenjem pa ve\u010dino le-te izgubi.<\/span><\/li>\n<li><span style=\"color: #000000\"><em><strong>Antioksidanti<\/strong> <\/em>\u2013 uni\u010dujejo proste radikale in s tem lahko prepre\u010duje nastanek nekaterih bolezni. Poleg tega antioksidanti delujejo tudi proti staranju oz. zavirajo procese, ki vplivajo na staranje.<\/span><\/li>\n<li><span style=\"color: #000000\"><em><strong>Ostale<\/strong> <strong>sestavine<\/strong> <\/em>\u2013 Vitamini B-kompleksa, minerali, polifenoli. Vse kar na\u0161e telo dnevno potrebuje.<\/span><\/li>\n<\/ul>\n<h2 style=\"text-align: justify\"><span style=\"color: #000000\">Ne samo za huj\u0161anje<\/span><\/h2>\n<p style=\"text-align: justify\"><span style=\"color: #000000\">Zelena kava je prijetna izku\u0161nja za vse ljubitelje dobrih zeli\u0161\u010dnih \u010dajev. Okus je zelo prijeten, zanimiv in unikaten. Ve\u010dinoma jo sicer res povezujemo s huj\u0161anjem, toda zeleno kavo lahko u\u017eivamo tudi z drugim namenom, \u010de pa zraven naredimo \u0161e nekaj za bolj\u0161e po\u010dutje, sta to (najmanj) dve muhi na en mah.<\/span><\/p>\n<h2 style=\"text-align: justify\"><span style=\"color: #000000\">Kdaj je priporo\u010deno piti zeleno kavo?<\/span><\/h2>\n<p style=\"text-align: justify\"><span style=\"color: #000000\">Zaradi vsebnosti kofeina jo odsvetujemo pred spanjem, \u0161e posebno \u010de ima kofein velik vpliv na va\u0161o budnost.\u00a0<\/span><\/p>\n<p style=\"text-align: justify\"><span style=\"color: #000000\">Druga\u010de jo seveda lahko pijemo ob poljubnih prilo\u017enostih, kakor obi\u010dajno kavo ali \u010daj. Z zeleno kavo popestrimo izbor napitkov, ki jih u\u017eivamo dnevno. \u0160e posebno dobrodo\u0161la pa je, ko potrebujemo nekaj za <strong>dvig energije in razpolo\u017eenja<\/strong>.\u00a0<\/span><\/p>\n<p style=\"text-align: justify\"><span style=\"color: #000000\">\u010ce pa \u017eelimo s pomo\u010djo zelene kave nadzorovati svojo te\u017eo in izgubiti kak\u0161en kilogram, priporo\u010damo, da jo spijete\u00a0vsaj 15 minut pred\u00a0vsakim glavnim\u00a0obrokom. Le tako bo delovala kot zaviralec apetita. Pomembno je, da je ne pijemo med obrokom ali po njem.<\/span><\/p>\n<h2 style=\"text-align: justify\"><span style=\"color: #000000\">Koliko zelene kave je priporo\u010dljivo spiti?<\/span><\/h2>\n<p style=\"text-align: justify\"><span style=\"color: #000000\">Za doseganje optimalnih u\u010dinkov tega naravnega in zdravega napitka, ki <strong>izbolj\u0161uje splo\u0161no po\u010dutje, daje energijo<\/strong> in nam je lahko v veliko <strong>pomo\u010d pri huj\u0161anju<\/strong> je potrebno popiti vsaj pol litra dnevno. \u010ce je le mogo\u010de, naj bo vedno sve\u017ee pripravljena.<\/span><\/p>\n<h2 style=\"text-align: justify\"><span style=\"color: #000000\">Kako vam zeleno kavo pakiramo in kako jo shranjevati?<\/span><\/h2>\n<p style=\"text-align: justify\"><span style=\"color: #000000\">Zelena kava je pakirana v <strong>nepredu\u0161ni vre\u010dki z zadrgo<\/strong>, kjer ohranja vso sve\u017eino in aromo. Embala\u017ea \u0161\u010diti pred svetlobo in zrakom, saj je sestavljena iz ve\u010d slojev za\u0161\u010dite, ki ohranjajo lastnosti vsebine. Tako pakirano zeleno kavo shranjujemo v suhem, temnem in hladnem prostoru. Poskrbimo, da je vre\u010dka ali \u0161atulja <strong>vedno dobro zaprta<\/strong>.<\/span><\/p>\n<p style=\"text-align: justify\"><span style=\"color: #000000\">Embala\u017ea je zelo prakti\u010dna in omogo\u010da recikliranje.<\/span><\/p>\n<h2 style=\"text-align: justify\"><span style=\"color: #000000\">Poreklo<\/span><\/h2>\n<p style=\"text-align: justify\"><span style=\"color: #000000\">Ju\u017ena Amerika<\/span><\/p>\n","protected":false},"excerpt":{"rendered":"<p>Zelena zrna kave so preprosto nepra\u017eena zrna obi\u010dajnega kavovca. Zato je zelena kava popolnoma naraven produkt. Pripravimo jo kot navaden zeli\u0161\u010dni \u010daj. Tudi okus ima zelo podoben zeli\u0161\u010dnemu \u010daju. Zelena kava vsebuje:<br \/>\n\ud83d\udc9a kofein<br \/>\n\ud83d\udc9a klorogensko kislino<br \/>\n\ud83d\udc9a antioksidante<br \/>\n\ud83d\udc9a ostale sestavine \u2013 vitamini B-kompleksa, minerali, polifenoli. Vse kar na\u0161e telo dnevno potrebuje.<\/p>\n","protected":false},"featured_media":4717,"comment_status":"open","ping_status":"closed","template":"","meta":{"_acf_changed":false},"product_brand":[],"product_cat":[15,205,216],"product_tag":[],"class_list":{"0":"post-4716","1":"product","2":"type-product","3":"status-publish","4":"has-post-thumbnail","6":"product_cat-uncategorized","7":"product_cat-caj-hrana-zacimbe","8":"product_cat-vsi-izdelki","10":"first","11":"instock","12":"taxable","13":"shipping-taxable","14":"purchasable","15":"product-type-simple"},"acf":[],"_links":{"self":[{"href":"https:\/\/fengchashop.com\/si\/wp-json\/wp\/v2\/product\/4716","targetHints":{"allow":["GET"]}}],"collection":[{"href":"https:\/\/fengchashop.com\/si\/wp-json\/wp\/v2\/product"}],"about":[{"href":"https:\/\/fengchashop.com\/si\/wp-json\/wp\/v2\/types\/product"}],"replies":[{"embeddable":true,"href":"https:\/\/fengchashop.com\/si\/wp-json\/wp\/v2\/comments?post=4716"}],"wp:featuredmedia":[{"embeddable":true,"href":"https:\/\/fengchashop.com\/si\/wp-json\/wp\/v2\/media\/4717"}],"wp:attachment":[{"href":"https:\/\/fengchashop.com\/si\/wp-json\/wp\/v2\/media?parent=4716"}],"wp:term":[{"taxonomy":"product_brand","embeddable":true,"href":"https:\/\/fengchashop.com\/si\/wp-json\/wp\/v2\/product_brand?post=4716"},{"taxonomy":"product_cat","embeddable":true,"href":"https:\/\/fengchashop.com\/si\/wp-json\/wp\/v2\/product_cat?post=4716"},{"taxonomy":"product_tag","embeddable":true,"href":"https:\/\/fengchashop.com\/si\/wp-json\/wp\/v2\/product_tag?post=4716"}],"curies":[{"name":"wp","href":"https:\/\/api.w.org\/{rel}","templated":true}]}}