{"id":4682,"date":"2022-05-23T16:36:27","date_gmt":"2022-05-23T14:36:27","guid":{"rendered":"https:\/\/test-fengcha.dweb.si\/product\/kajenski-poper-v-prahu-bio-250-g\/"},"modified":"2026-04-29T21:30:50","modified_gmt":"2026-04-29T19:30:50","slug":"kajenski-poper-v-prahu-bio","status":"publish","type":"product","link":"https:\/\/fengchashop.com\/si\/izdelek\/kajenski-poper-v-prahu-bio\/","title":{"rendered":"Kajenski poper v prahu BIO 250 g"},"content":{"rendered":"<div class=\"std\">\n<h2 style=\"text-align: justify;\"><span style=\"color: #000000;\">Kajenski poper BIO<\/span><\/h2>\n<p style=\"text-align: justify;\"><span style=\"color: #000000;\">Kajenski poper izvira iz Ju\u017ene Amerike. V Evropo so ga prinesli \u0161panski osvajalci, zaradi nezahtevne pridelave pa je postal \u0161e posebno priljubljen v ju\u017eni in jugovzhodni Aziji in se tako globoko zasidral v njihovo kulinariko. \u010ceprav ga poimenujemo kot poper, <strong>nima s poprom ni\u010d skupnega, razen ostrine<\/strong>. Kajenski poper je pravzaprav <strong>me\u0161anica razli\u010dnih vrst plodov \u010dilija<\/strong>, ki jih posu\u0161ijo in zmeljejo v prah. Posu\u0161eni kajenski poper je milej\u0161i od sve\u017eega, vendar se med kuhanjem te razlike bistveno zmanj\u0161ajo. Kajenski poper je tudi pomembna sestavina \u010dilija, tabaska in drugih indijskih za\u010dimbnih me\u0161anic.<\/span><\/p>\n<h2 style=\"text-align: justify;\"><span style=\"color: #000000;\">Stopnja pikantnosti<\/span><\/h2>\n<p><span style=\"color: #000000;\">\u010ceprav kajenskemu popru po Scovillovi lestvici mu pripisujemo <strong>30 000<\/strong> do <strong>50 000<\/strong> enot, je na\u0161 nekoliko bla\u017eji, zato ga na lestvici od 1 do 10 ocenjujemo kot <strong>6\/10<\/strong>.<\/span><\/p>\n<p>&nbsp;<\/p>\n<h2 style=\"text-align: justify;\"><span style=\"color: #000000;\">Pakiranje<\/span><\/h2>\n<p style=\"text-align: justify;\"><span style=\"color: #000000;\">Nepredu\u0161na vre\u010dka z zadrgo, kjer izdelek ohrani vso sve\u017eino in aromo. Embala\u017ea \u0161\u010diti pred svetlobo in zrakom, saj je sestavljena iz ve\u010d slojev za\u0161\u010dite, ki ohranjajo lastnosti vsebine.<\/span><\/p>\n<p style=\"text-align: justify;\"><span style=\"color: #000000;\">Embala\u017ea je zelo prakti\u010dna in omogo\u010da recikliranje.<\/span><\/p>\n<h2><span style=\"color: #000000;\">Poreklo<\/span><\/h2>\n<p><span style=\"color: #000000;\">\u0160panija<\/span><\/p>\n<\/div>\n","protected":false},"excerpt":{"rendered":"<p>Snov, ki povzro\u010da peko\u010d okus se imenuje kapsaicin, ki ima vrsto zdravilnih u\u010dinkov. S \u00a0Scovillovo enoto na lestvici ozna\u010dujemo pikantnost glede na vsebnost kapsaicina, ki je pravzaprav alkaloid, zaradi katerega \u010dili &#8221;pe\u010de&#8221;. Le-ta namre\u010d po\u0161ilja na\u0161im mo\u017eganom enako sporo\u010dilo, ki ga dobimo, ko zau\u017eijemo nekaj vro\u010dega. S kajenskim poprom tako laj\u0161amo in odpravljamo dolo\u010dene te\u017eave. Vsebuje veliko vitamina C.<\/p>\n<p>\ud83d\udc9a Iz ekolo\u0161ke pridelave.<\/p>\n<p>&nbsp;<\/p>\n","protected":false},"featured_media":4683,"comment_status":"open","ping_status":"closed","template":"","meta":{"_acf_changed":false},"product_brand":[],"product_cat":[15,194,205,216],"product_tag":[],"class_list":{"0":"post-4682","1":"product","2":"type-product","3":"status-publish","4":"has-post-thumbnail","6":"product_cat-uncategorized","7":"product_cat-ajurveda","8":"product_cat-caj-hrana-zacimbe","9":"product_cat-vsi-izdelki","11":"first","12":"instock","13":"sale","14":"taxable","15":"shipping-taxable","16":"purchasable","17":"product-type-simple"},"acf":[],"_links":{"self":[{"href":"https:\/\/fengchashop.com\/si\/wp-json\/wp\/v2\/product\/4682","targetHints":{"allow":["GET"]}}],"collection":[{"href":"https:\/\/fengchashop.com\/si\/wp-json\/wp\/v2\/product"}],"about":[{"href":"https:\/\/fengchashop.com\/si\/wp-json\/wp\/v2\/types\/product"}],"replies":[{"embeddable":true,"href":"https:\/\/fengchashop.com\/si\/wp-json\/wp\/v2\/comments?post=4682"}],"wp:featuredmedia":[{"embeddable":true,"href":"https:\/\/fengchashop.com\/si\/wp-json\/wp\/v2\/media\/4683"}],"wp:attachment":[{"href":"https:\/\/fengchashop.com\/si\/wp-json\/wp\/v2\/media?parent=4682"}],"wp:term":[{"taxonomy":"product_brand","embeddable":true,"href":"https:\/\/fengchashop.com\/si\/wp-json\/wp\/v2\/product_brand?post=4682"},{"taxonomy":"product_cat","embeddable":true,"href":"https:\/\/fengchashop.com\/si\/wp-json\/wp\/v2\/product_cat?post=4682"},{"taxonomy":"product_tag","embeddable":true,"href":"https:\/\/fengchashop.com\/si\/wp-json\/wp\/v2\/product_tag?post=4682"}],"curies":[{"name":"wp","href":"https:\/\/api.w.org\/{rel}","templated":true}]}}