{"id":4675,"date":"2022-05-23T16:14:27","date_gmt":"2022-05-23T14:14:27","guid":{"rendered":"https:\/\/test-fengcha.dweb.si\/product\/grsko-seno-fenugreek-bio-500-g\/"},"modified":"2026-04-27T20:21:34","modified_gmt":"2026-04-27T18:21:34","slug":"grsko-seno-fenugreek-bio","status":"publish","type":"product","link":"https:\/\/fengchashop.com\/si\/izdelek\/grsko-seno-fenugreek-bio\/","title":{"rendered":"Gr\u0161ko seno (Triplat) BIO 500 g"},"content":{"rendered":"<h2 style=\"text-align: justify\"><span style=\"color: #000000\">Gr\u0161ko seno ali triplat BIO<\/span><\/h2>\n<p style=\"text-align: justify\"><span style=\"color: #000000\">Gr\u0161ko seno je enoletna rastlina, ki zraste okoli pol metra visoko. Semena, ki se uporabljajo kot za\u010dimba, najdemo <strong>v strokih<\/strong> omenjene rastline. Imenujemo ga tudi triplat ali sabljasti triplat, iz angle\u0161\u010dine pa tudi fenugreek.<\/span><\/p>\n<p style=\"text-align: justify\"><span style=\"color: #000000\">V gr\u0161kem senu je veliko beljakovin, vitaminov (predvsem vitamin D) in mineralov ter fenolne in flavonoidne spojine. Ima oster okus in mo\u010dno aromo. Velja za eno najstarej\u0161ih rastlin, ki se uporabljajo v zdravilstvu in v kuhinji.<\/span><\/p>\n<p style=\"text-align: justify\"><span style=\"color: #000000\">Najpogosteje ga uvr\u0161\u010damo v ju\u017enoazijsko in egip\u010dansko kuhinjo. \u00a0<\/span><\/p>\n<p style=\"text-align: justify\"><span style=\"color: #000000\">Okus semen je sladek in spominja na ore\u0161\u010dke.<\/span><\/p>\n<p style=\"text-align: justify\"><span style=\"color: #000000\">Na\u0161 triplat prihaja iz ekolo\u0161ke pridelave.<\/span><\/p>\n<h2 style=\"text-align: justify\"><span style=\"color: #000000\">Shranjevanje<\/span><\/h2>\n<p style=\"text-align: justify\"><span style=\"color: #000000\">Shranjujemo v suhem, temnem in hladnem prostoru. Poskrbimo, da je vre\u010dka ali \u0161atulja dobro zaprta.<\/span><\/p>\n<h2 style=\"text-align: justify\"><span style=\"color: #000000\">Pakiranje<\/span><\/h2>\n<p style=\"text-align: justify\"><span style=\"color: #000000\">Nepredu\u0161na vre\u010dka z zadrgo, kjer izdelek ohrani vso sve\u017eino in aromo. Embala\u017ea \u0161\u010diti pred svetlobo in zrakom, saj je sestavljena iz ve\u010d slojev za\u0161\u010dite, ki ohranjajo lastnosti vsebine.<\/span><\/p>\n<p style=\"text-align: justify\"><span style=\"color: #000000\">Embala\u017ea je zelo prakti\u010dna in omogo\u010da recikliranje.<\/span><\/p>\n<h2><span style=\"color: #000000\">Poreklo<\/span><\/h2>\n<p><span style=\"color: #000000\">\u0160rilanka ali Indija<\/span><\/p>\n","protected":false},"excerpt":{"rendered":"<p>V gr\u0161kem senu je veliko beljakovin, vitaminov (predvsem vitamin D) in mineralov ter fenolne in flavonoidne spojine. Ima oster okus in mo\u010dno aromo. Velja za eno najstarej\u0161ih rastlin, ki se uporabljajo\u00a0<strong>v zdravilstvu in v kuhinji.<\/strong><\/p>\n","protected":false},"featured_media":4676,"comment_status":"open","ping_status":"closed","template":"","meta":{"_acf_changed":false},"product_brand":[],"product_cat":[15,205,216],"product_tag":[],"class_list":{"0":"post-4675","1":"product","2":"type-product","3":"status-publish","4":"has-post-thumbnail","6":"product_cat-uncategorized","7":"product_cat-caj-hrana-zacimbe","8":"product_cat-vsi-izdelki","10":"first","11":"instock","12":"sale","13":"taxable","14":"shipping-taxable","15":"purchasable","16":"product-type-simple"},"acf":[],"_links":{"self":[{"href":"https:\/\/fengchashop.com\/si\/wp-json\/wp\/v2\/product\/4675","targetHints":{"allow":["GET"]}}],"collection":[{"href":"https:\/\/fengchashop.com\/si\/wp-json\/wp\/v2\/product"}],"about":[{"href":"https:\/\/fengchashop.com\/si\/wp-json\/wp\/v2\/types\/product"}],"replies":[{"embeddable":true,"href":"https:\/\/fengchashop.com\/si\/wp-json\/wp\/v2\/comments?post=4675"}],"wp:featuredmedia":[{"embeddable":true,"href":"https:\/\/fengchashop.com\/si\/wp-json\/wp\/v2\/media\/4676"}],"wp:attachment":[{"href":"https:\/\/fengchashop.com\/si\/wp-json\/wp\/v2\/media?parent=4675"}],"wp:term":[{"taxonomy":"product_brand","embeddable":true,"href":"https:\/\/fengchashop.com\/si\/wp-json\/wp\/v2\/product_brand?post=4675"},{"taxonomy":"product_cat","embeddable":true,"href":"https:\/\/fengchashop.com\/si\/wp-json\/wp\/v2\/product_cat?post=4675"},{"taxonomy":"product_tag","embeddable":true,"href":"https:\/\/fengchashop.com\/si\/wp-json\/wp\/v2\/product_tag?post=4675"}],"curies":[{"name":"wp","href":"https:\/\/api.w.org\/{rel}","templated":true}]}}