{"id":4672,"date":"2022-05-23T15:45:25","date_gmt":"2022-05-23T13:45:25","guid":{"rendered":"https:\/\/test-fengcha.dweb.si\/product\/cimet-cejlonski-v-prahu-bio-250-g\/"},"modified":"2026-04-18T09:51:00","modified_gmt":"2026-04-18T07:51:00","slug":"cimet-cejlonski-v-prahu-bio","status":"publish","type":"product","link":"https:\/\/fengchashop.com\/si\/izdelek\/cimet-cejlonski-v-prahu-bio\/","title":{"rendered":"Cimet cejlonski v prahu BIO 250 g"},"content":{"rendered":"<h2 style=\"text-align: justify\"><span style=\"color: #000000\">Cejlonski cimet v prahu BIO<\/span><\/h2>\n<p style=\"text-align: justify\"><span style=\"color: #000000\">Domovina cejlonskega cimeta je \u0160rilanka (neko\u010d imenovana Cejlon, po katerem je cimet dobil ime). Ta <strong>pravi cimet<\/strong> je v primerjavi s\u00a0<strong>kitajskim cimetom<\/strong> ali kasijo, ki ga ve\u010dina od nas bolj dobro pozna in je na voljo v ve\u010dini trgovin, redkej\u0161i in zato tudi veliko bolj dragocen. Na \u0160rilanki proizvajajo razli\u010dne kvalitete cimetov, pri \u010demer na\u0161 izbrani cejlonski cimet odlikuje prefinjen in ne\u017een vonj. Ima blag sladek okus in se uporablja kot dodatek sladicam, kompotom, pecivu, pitam in pi\u0161kotom, pun\u010du in kuhanemu vinu. Z njim za\u010dinjamo med, \u010dokolado, ore\u0161\u010dke, \u010dili, mle\u010dne izdelke, brusnice, pe\u010dena jabolka in banane. Cimet lahko potresete po sadju (sadnih solatah, du\u0161enem sadju) ter \u017eitaricah, ga dodate v jogurt, mle\u010dni ri\u017e, skuto in v razne mle\u010dno sadne napitke. Dobro se poda tudi k \u010daju in kavi, pa kakavu in vro\u010di \u010dokoladi. Cimet je tudi najbolj priljubljena bo\u017ei\u010dna za\u010dimba. Pravzaprav je cimet ena najbolj<strong> vsestranskih za\u010dimb<\/strong>, ki prija v razli\u010dnih, v\u010dasih tudi nenavadnih kombinacijah, predvsem v orientalski in mehi\u0161ki kuhinji (na primer v kariju). Tradicionalno se uporablja <strong>za izbolj\u0161anje jedi<\/strong>.\u00a0\u00a0<\/span><\/p>\n<p style=\"text-align: justify\"><span style=\"color: #000000\">Na\u0161 cimet je iz ekolo\u0161ke pridelave.<\/span><\/p>\n<h2 style=\"text-align: justify\"><span style=\"color: #000000\">Shranjevanje<\/span><\/h2>\n<p style=\"text-align: justify\"><span style=\"color: #000000\">Shranjujemo v suhem, temnem in hladnem prostoru. Poskrbimo, da je vre\u010dka ali \u0161atulja dobro zaprta.<\/span><\/p>\n<h2 style=\"text-align: justify\"><span style=\"color: #000000\">Pakiranje<\/span><\/h2>\n<p style=\"text-align: justify\"><span style=\"color: #000000\">Nepredu\u0161na vre\u010dka z zadrgo, kjer izdelek ohrani vso sve\u017eino in aromo. Embala\u017ea \u0161\u010diti pred svetlobo in zrakom, saj je sestavljena iz ve\u010d slojev za\u0161\u010dite, ki ohranjajo lastnosti vsebine.<\/span><\/p>\n<p style=\"text-align: justify\"><span style=\"color: #000000\">Embala\u017ea je zelo prakti\u010dna in omogo\u010da recikliranje.<\/span><\/p>\n<h2><span style=\"color: #000000\">Poreklo<\/span><\/h2>\n<p><span style=\"color: #000000\">\u0160rilanka<\/span><\/p>\n","protected":false},"excerpt":{"rendered":"<p>Cimet lahko kombiniramo z vaniljo, koriandrom in mu\u0161katnim ore\u0161\u010dkom, \u0161e posebno okusen in hkrati koristen za na\u0161e zdravje pa je\u00a0v paru s klin\u010dki ali kurkumo. Uporabljamo ga lahko tudi\u00a0v doma\u010di kozmetiki\u00a0in kot\u00a0prehransko dopolnilo, saj vsebuje veliko za \u010dloveka pomembnih in koristnih sestavin, uporabljamo pa ga tudi v\u00a0aromaterapiji in z njim odi\u0161avljamo prostore. Ker cejlonski cimet vsebuje najmanj\u00a0kumarina, ki naj bi slabo vplival na na\u0161a jetra in red\u010dil kri, je veliko bolj primeren za redno u\u017eivanje.<\/p>\n<p>\ud83d\udc9a Mo\u010dan antioksidant.<br \/>\n\ud83d\udc9a Iz ekolo\u0161ke pridelave.<\/p>\n<p>&nbsp;<\/p>\n","protected":false},"featured_media":4673,"comment_status":"open","ping_status":"closed","template":"","meta":{"_acf_changed":false},"product_brand":[],"product_cat":[15,205,224,216],"product_tag":[],"class_list":{"0":"post-4672","1":"product","2":"type-product","3":"status-publish","4":"has-post-thumbnail","6":"product_cat-uncategorized","7":"product_cat-caj-hrana-zacimbe","8":"product_cat-posebna-ponudba","9":"product_cat-vsi-izdelki","11":"first","12":"instock","13":"sale","14":"taxable","15":"shipping-taxable","16":"purchasable","17":"product-type-simple"},"acf":[],"_links":{"self":[{"href":"https:\/\/fengchashop.com\/si\/wp-json\/wp\/v2\/product\/4672","targetHints":{"allow":["GET"]}}],"collection":[{"href":"https:\/\/fengchashop.com\/si\/wp-json\/wp\/v2\/product"}],"about":[{"href":"https:\/\/fengchashop.com\/si\/wp-json\/wp\/v2\/types\/product"}],"replies":[{"embeddable":true,"href":"https:\/\/fengchashop.com\/si\/wp-json\/wp\/v2\/comments?post=4672"}],"wp:featuredmedia":[{"embeddable":true,"href":"https:\/\/fengchashop.com\/si\/wp-json\/wp\/v2\/media\/4673"}],"wp:attachment":[{"href":"https:\/\/fengchashop.com\/si\/wp-json\/wp\/v2\/media?parent=4672"}],"wp:term":[{"taxonomy":"product_brand","embeddable":true,"href":"https:\/\/fengchashop.com\/si\/wp-json\/wp\/v2\/product_brand?post=4672"},{"taxonomy":"product_cat","embeddable":true,"href":"https:\/\/fengchashop.com\/si\/wp-json\/wp\/v2\/product_cat?post=4672"},{"taxonomy":"product_tag","embeddable":true,"href":"https:\/\/fengchashop.com\/si\/wp-json\/wp\/v2\/product_tag?post=4672"}],"curies":[{"name":"wp","href":"https:\/\/api.w.org\/{rel}","templated":true}]}}