{"id":4665,"date":"2022-05-23T14:56:49","date_gmt":"2022-05-23T12:56:49","guid":{"rendered":"https:\/\/test-fengcha.dweb.si\/product\/kurkuma-v-prahu-bio-500-g\/"},"modified":"2026-05-01T13:01:44","modified_gmt":"2026-05-01T11:01:44","slug":"kurkuma-v-prahu-bio","status":"publish","type":"product","link":"https:\/\/fengchashop.com\/si\/izdelek\/kurkuma-v-prahu-bio\/","title":{"rendered":"Kurkuma v prahu BIO 500 g"},"content":{"rendered":"<h2 style=\"text-align: justify\"><span style=\"color: #000000\">Kurkuma BIO<\/span><\/h2>\n<p style=\"text-align: justify\"><span style=\"color: #000000\">Kurkuma je rastlina, ki jo v Evropi poznamo od antike, v domovini pa \u017ee vsaj 4000 let. Prvotno so jo uporabljali kot zdravilno rastlino in barvilo, kot za\u010dimba pa se je uveljavila kasneje. Tako kot ingver je tudi kurkuma za\u010dimba, ki jo pridobivamo iz <strong>podzemnega odebeljenega stebla<\/strong> azijske trajnice.\u00a0 \u010ceprav jo v zahodnem svetu nekateri poznajo zgolj kot za\u010dimbo, se za njo skriva bistveno ve\u010d. Kurkuma namre\u010d poleg mineralov, vitaminov B6 in B3, folne kisline, kalija, \u017eeleza in mangana ter omega 3 ma\u0161\u010dobnih kislin, vsebuje tudi <strong>polifenol kurkumin<\/strong>. <\/span><\/p>\n<h2><span style=\"color: #000000\">Shranjevanje<\/span><\/h2>\n<p style=\"text-align: justify\"><span style=\"color: #000000\">Shranjujemo v suhem, temnem in hladnem prostoru. Poskrbimo, da je vre\u010dka ali \u0161atulja dobro zaprta.<\/span><\/p>\n<h2 style=\"text-align: justify\"><span style=\"color: #000000\">Pakiranje<\/span><\/h2>\n<p style=\"text-align: justify\"><span style=\"color: #000000\">Nepredu\u0161na vre\u010dka z zadrgo, kjer izdelek ohrani vso sve\u017eino in aromo. Embala\u017ea \u0161\u010diti pred svetlobo in zrakom, saj je sestavljena iz ve\u010d slojev za\u0161\u010dite, ki ohranjajo lastnosti vsebine.<\/span><\/p>\n<p style=\"text-align: justify\"><span style=\"color: #000000\">Embala\u017ea je zelo prakti\u010dna in omogo\u010da recikliranje.<\/span><\/p>\n<h2><span style=\"color: #000000\">Poreklo<\/span><\/h2>\n<p><span style=\"color: #000000\">Indija<\/span><\/p>\n","protected":false},"excerpt":{"rendered":"<p>Kurkuma poleg mineralov, vitaminov B6 in B3, folne kisline, kalija, \u017eeleza in mangana ter omega 3 ma\u0161\u010dobnih kislin, vsebuje tudi polifenol kurkumin.<\/p>\n","protected":false},"featured_media":4666,"comment_status":"open","ping_status":"closed","template":"","meta":{"_acf_changed":false},"product_brand":[],"product_cat":[15,194,205,224,216],"product_tag":[],"class_list":{"0":"post-4665","1":"product","2":"type-product","3":"status-publish","4":"has-post-thumbnail","6":"product_cat-uncategorized","7":"product_cat-ajurveda","8":"product_cat-caj-hrana-zacimbe","9":"product_cat-posebna-ponudba","10":"product_cat-vsi-izdelki","12":"first","13":"instock","14":"sale","15":"taxable","16":"shipping-taxable","17":"purchasable","18":"product-type-simple"},"acf":[],"_links":{"self":[{"href":"https:\/\/fengchashop.com\/si\/wp-json\/wp\/v2\/product\/4665","targetHints":{"allow":["GET"]}}],"collection":[{"href":"https:\/\/fengchashop.com\/si\/wp-json\/wp\/v2\/product"}],"about":[{"href":"https:\/\/fengchashop.com\/si\/wp-json\/wp\/v2\/types\/product"}],"replies":[{"embeddable":true,"href":"https:\/\/fengchashop.com\/si\/wp-json\/wp\/v2\/comments?post=4665"}],"wp:featuredmedia":[{"embeddable":true,"href":"https:\/\/fengchashop.com\/si\/wp-json\/wp\/v2\/media\/4666"}],"wp:attachment":[{"href":"https:\/\/fengchashop.com\/si\/wp-json\/wp\/v2\/media?parent=4665"}],"wp:term":[{"taxonomy":"product_brand","embeddable":true,"href":"https:\/\/fengchashop.com\/si\/wp-json\/wp\/v2\/product_brand?post=4665"},{"taxonomy":"product_cat","embeddable":true,"href":"https:\/\/fengchashop.com\/si\/wp-json\/wp\/v2\/product_cat?post=4665"},{"taxonomy":"product_tag","embeddable":true,"href":"https:\/\/fengchashop.com\/si\/wp-json\/wp\/v2\/product_tag?post=4665"}],"curies":[{"name":"wp","href":"https:\/\/api.w.org\/{rel}","templated":true}]}}