{"id":4661,"date":"2022-05-23T14:49:05","date_gmt":"2022-05-23T12:49:05","guid":{"rendered":"https:\/\/test-fengcha.dweb.si\/product\/hibiskus-bio-250-g\/"},"modified":"2026-04-30T02:31:29","modified_gmt":"2026-04-30T00:31:29","slug":"hibiskus-bio","status":"publish","type":"product","link":"https:\/\/fengchashop.com\/si\/izdelek\/hibiskus-bio\/","title":{"rendered":"Hibiskus BIO 250 g"},"content":{"rendered":"<h2 style=\"text-align: justify;\"><span style=\"color: #000000;\">Hibiskus bio<\/span><\/h2>\n<p style=\"text-align: justify;\"><span style=\"color: #000000;\">Hibiskus je rastlina z velikimi rde\u010dimi cvetovi. Hibiskus <strong>je izjemno koristen za zdravje<\/strong>. Vsebuje vitamin A, vitamin C, cink, vitamin B, vlaknine, baker, beljakovine in vitamin B2. Je izredno priljubljen kot <strong>okrasna rastlina<\/strong>, hkrati pa so hibiskusov cvetovi <strong>glavna sestavina<\/strong> ve\u010dine sadnih \u010dajev, ki jih dobimo na prodajnih policah \u017eivilskih trgovin.<\/span><\/p>\n<p style=\"text-align: justify;\"><span style=\"color: #000000;\">\u010ceprav ve\u010dinoma pomislimo le na \u010daj, pa s cvetovi hibiskusa lahko v kuhinji po\u010dnemo \u0161e marsikaj drugega.<\/span><\/p>\n<h2 style=\"text-align: justify;\"><span style=\"color: #000000;\">Shranjevanje<\/span><\/h2>\n<p style=\"text-align: justify;\"><span style=\"color: #000000;\">Shranjujemo v suhem, temnem in hladnem prostoru. Poskrbimo, da je vre\u010dka ali \u0161atulja dobro zaprta.<\/span><\/p>\n<h2 style=\"text-align: justify;\"><span style=\"color: #000000;\">Pakiranje<\/span><\/h2>\n<p><span style=\"color: #000000;\">Nepredu\u0161na vre\u010dka z zadrgo, kjer izdelek ohrani vso sve\u017eino in aromo. Embala\u017ea \u0161\u010diti pred svetlobo in zrakom, saj je sestavljena iz ve\u010d slojev za\u0161\u010dite, ki ohranjajo lastnosti vsebine.<\/span><\/p>\n<p><span style=\"color: #000000;\">Embala\u017ea je zelo prakti\u010dna in omogo\u010da recikliranje.<\/span><\/p>\n<h2><span style=\"color: #000000;\">Poreklo<\/span><\/h2>\n<p><span style=\"color: #000000;\">Niger<\/span><\/p>\n","protected":false},"excerpt":{"rendered":"<p style=\"text-align: justify;\">Hibiskusi cvetovi so glavna sestavina ve\u010dine sadnih \u010dajev. Cvetove hibiskusa pa lahko dodamo tudi raznim alkoholnim in brezalkoholnim pija\u010dam. S hibiskusom lahko pripravimo gin, ki ga hibiskus obarva s \u010dudovito roza barvo in mu doda zna\u010dilen okus.\u00a0 Hibiskus je lahko tudi sestavina za\u010dimbnih me\u0161anic, dodatek solatam, zelenjavnim in mesnim jedem, sladicam, kremam.<\/p>\n","protected":false},"featured_media":4662,"comment_status":"open","ping_status":"closed","template":"","meta":{"_acf_changed":false},"product_brand":[],"product_cat":[15,205,216],"product_tag":[],"class_list":{"0":"post-4661","1":"product","2":"type-product","3":"status-publish","4":"has-post-thumbnail","6":"product_cat-uncategorized","7":"product_cat-caj-hrana-zacimbe","8":"product_cat-vsi-izdelki","10":"first","11":"instock","12":"sale","13":"taxable","14":"shipping-taxable","15":"purchasable","16":"product-type-simple"},"acf":[],"_links":{"self":[{"href":"https:\/\/fengchashop.com\/si\/wp-json\/wp\/v2\/product\/4661","targetHints":{"allow":["GET"]}}],"collection":[{"href":"https:\/\/fengchashop.com\/si\/wp-json\/wp\/v2\/product"}],"about":[{"href":"https:\/\/fengchashop.com\/si\/wp-json\/wp\/v2\/types\/product"}],"replies":[{"embeddable":true,"href":"https:\/\/fengchashop.com\/si\/wp-json\/wp\/v2\/comments?post=4661"}],"wp:featuredmedia":[{"embeddable":true,"href":"https:\/\/fengchashop.com\/si\/wp-json\/wp\/v2\/media\/4662"}],"wp:attachment":[{"href":"https:\/\/fengchashop.com\/si\/wp-json\/wp\/v2\/media?parent=4661"}],"wp:term":[{"taxonomy":"product_brand","embeddable":true,"href":"https:\/\/fengchashop.com\/si\/wp-json\/wp\/v2\/product_brand?post=4661"},{"taxonomy":"product_cat","embeddable":true,"href":"https:\/\/fengchashop.com\/si\/wp-json\/wp\/v2\/product_cat?post=4661"},{"taxonomy":"product_tag","embeddable":true,"href":"https:\/\/fengchashop.com\/si\/wp-json\/wp\/v2\/product_tag?post=4661"}],"curies":[{"name":"wp","href":"https:\/\/api.w.org\/{rel}","templated":true}]}}