{"id":4644,"date":"2022-05-23T13:50:42","date_gmt":"2022-05-23T11:50:42","guid":{"rendered":"https:\/\/test-fengcha.dweb.si\/product\/jiaogulan-caj-100-g\/"},"modified":"2026-04-29T13:49:36","modified_gmt":"2026-04-29T11:49:36","slug":"jiaogulan-caj","status":"publish","type":"product","link":"https:\/\/fengchashop.com\/si\/izdelek\/jiaogulan-caj\/","title":{"rendered":"Jiaogulan \u010daj 100 g"},"content":{"rendered":"<h2 style=\"text-align: justify;\"><span style=\"color: #000000;\">Jiaogulan (zeli\u0161\u010dni \u010daj)<\/span><\/h2>\n<p style=\"text-align: justify;\"><span style=\"color: #000000;\">Jiaogulan je zdravilen zeli\u0161\u010dni \u010daj, poznan tudi kot Jiao Gu Lan ali <strong>Gynostemma<\/strong>. Zeli\u0161\u010dni \u010daj u\u017eiva sloves <strong>\u010daja nesmrtnosti oziroma dolgo\u017eivosti<\/strong>, saj vsebuje \u0161tevilne u\u010dinkovine, pomembne za dolgo \u017eivljenje. Prvi znani zapisi o \u010daju segajo v 14. stoletje pred na\u0161im \u0161tetjem, najdeni pa so bili na Kitajskem, kjer je rastlina v tradicionalni medicini \u0161e danes nepogre\u0161ljiva.<\/span><\/p>\n<h2 style=\"text-align: justify;\"><span style=\"color: #000000;\">Pomaga, da se na\u0161e telo samo postavi v ravnovesje<\/span><\/h2>\n<p style=\"text-align: justify;\"><span style=\"color: #000000;\">Jiaogulan je tudi <strong>adapotgen<\/strong>. Adaptogene rastline pomagajo telesu, da se prilagodi na razli\u010dne negativne dejavnike iz okolja. Imajo sposobnost uravnavanja in nadzora \u017eleznega in hormonskega sistema, \u017eiv\u010dnega in sr\u010dno-\u017eilnega sistema ter mi\u0161ic.<\/span><\/p>\n<h2 style=\"text-align: justify;\"><span style=\"color: #000000;\">Druga imena<\/span><\/h2>\n<p style=\"text-align: justify;\"><span style=\"color: #000000;\"><em>Gynostemma pentalhyllum<\/em>. Zaradi podobnih u\u010dinkov in podobnega okusa kot ginseng, ga v\u010dasih imenujemo tudi <em>ju\u017eni ginseng<\/em>, saj prihaja iz ju\u017enih predelov Kitajske.<\/span><\/p>\n<h2><span style=\"color: #000000;\">Izgled<\/span><\/h2>\n<p style=\"text-align: justify;\"><span style=\"color: #000000;\">Tesno zviti listi\u010di temno zelene barve z majhnimi, drobnimi vejicami.<\/span><\/p>\n<h2 style=\"text-align: justify;\"><span style=\"color: #000000;\">Okus in aroma<\/span><\/h2>\n<p style=\"text-align: justify;\"><span style=\"color: #000000;\">Na\u0161 jiaogulan je nabran iz divjih rasti\u0161\u010d neokrnjene narave. Je zanimivega <strong>sladkastega okusa<\/strong>, zelo podobnega ginsengu. Jiaogulan je vsekakor okusna, predvsem pa zdrava izbira za ljubitelje zeli\u0161\u010dnih \u010dajev.<\/span><\/p>\n<h2 style=\"text-align: justify;\"><span style=\"color: #000000;\">Shranjevanje<\/span><\/h2>\n<p style=\"text-align: justify;\"><span style=\"color: #000000;\">Jiaogulan shranjujemo v suhem, temnem in hladnem prostoru. Embala\u017ea naj bo dobro zaprta.<\/span><\/p>\n<h2 style=\"text-align: justify;\"><span style=\"color: #000000;\">Pakiranje<\/span><\/h2>\n<p style=\"text-align: justify;\"><span style=\"color: #000000;\">Nepredu\u0161na vre\u010dka z zadrgo, kjer izdelek ohrani vso sve\u017eino in aromo. Embala\u017ea \u0161\u010diti pred svetlobo in zrakom, saj je sestavljena iz ve\u010d slojev za\u0161\u010dite, ki ohranjajo lastnosti vsebine.<\/span><\/p>\n<p style=\"text-align: justify;\"><span style=\"color: #000000;\">Embala\u017ea je zelo prakti\u010dna in omogo\u010da recikliranje.<\/span><\/p>\n<h2 style=\"text-align: justify;\"><span style=\"color: #000000;\">Poreklo<\/span><\/h2>\n<p style=\"text-align: justify;\"><span style=\"color: #000000;\">Kitajska. Imamo zelo zanesljive dobavitelje, ki nam za vsako serijo po\u0161ljejo podrobno kemijsko analizo \u017eivila. V ve\u010d kot desetih letih nismo imeli \u0161e nobenega odpoklica ali kakr\u0161ne koli druge te\u017eave s tem artiklom, pa tudi z drugimi artikli istega dobavitelja ne.<\/span><\/p>\n","protected":false},"excerpt":{"rendered":"<p>Znanstveno precej raziskano zeli\u0161\u010de, ki so mu bili pripisani \u0161tevilni pozitivni u\u010dinki. Predvsem <strong>deluje proti vnetjem<\/strong>,\u00a0<strong>razstruplja<\/strong>\u00a0in\u00a0<strong>ima anti-age u\u010dinek<\/strong>.<\/p>\n<p>\ud83d\udc9a Je zdravilen zeli\u0161\u010dni \u010daj.<br \/>\n\ud83d\udc9a \u010caj nesmrtnosti oziroma dolgo\u017eivosti.<br \/>\n\ud83d\udc9a Je adapotgen.<\/p>\n","protected":false},"featured_media":4645,"comment_status":"open","ping_status":"closed","template":"","meta":{"_acf_changed":false},"product_brand":[],"product_cat":[15,223,205,216],"product_tag":[],"class_list":{"0":"post-4644","1":"product","2":"type-product","3":"status-publish","4":"has-post-thumbnail","6":"product_cat-uncategorized","7":"product_cat-caj","8":"product_cat-caj-hrana-zacimbe","9":"product_cat-vsi-izdelki","11":"first","12":"instock","13":"sale","14":"taxable","15":"shipping-taxable","16":"purchasable","17":"product-type-simple"},"acf":[],"_links":{"self":[{"href":"https:\/\/fengchashop.com\/si\/wp-json\/wp\/v2\/product\/4644","targetHints":{"allow":["GET"]}}],"collection":[{"href":"https:\/\/fengchashop.com\/si\/wp-json\/wp\/v2\/product"}],"about":[{"href":"https:\/\/fengchashop.com\/si\/wp-json\/wp\/v2\/types\/product"}],"replies":[{"embeddable":true,"href":"https:\/\/fengchashop.com\/si\/wp-json\/wp\/v2\/comments?post=4644"}],"wp:featuredmedia":[{"embeddable":true,"href":"https:\/\/fengchashop.com\/si\/wp-json\/wp\/v2\/media\/4645"}],"wp:attachment":[{"href":"https:\/\/fengchashop.com\/si\/wp-json\/wp\/v2\/media?parent=4644"}],"wp:term":[{"taxonomy":"product_brand","embeddable":true,"href":"https:\/\/fengchashop.com\/si\/wp-json\/wp\/v2\/product_brand?post=4644"},{"taxonomy":"product_cat","embeddable":true,"href":"https:\/\/fengchashop.com\/si\/wp-json\/wp\/v2\/product_cat?post=4644"},{"taxonomy":"product_tag","embeddable":true,"href":"https:\/\/fengchashop.com\/si\/wp-json\/wp\/v2\/product_tag?post=4644"}],"curies":[{"name":"wp","href":"https:\/\/api.w.org\/{rel}","templated":true}]}}