{"id":4593,"date":"2022-05-21T06:39:55","date_gmt":"2022-05-21T04:39:55","guid":{"rendered":"https:\/\/test-fengcha.dweb.si\/product\/kukicha-bio-100-g\/"},"modified":"2025-07-07T09:24:48","modified_gmt":"2025-07-07T07:24:48","slug":"kukicha-bio","status":"publish","type":"product","link":"https:\/\/fengchashop.com\/si\/izdelek\/kukicha-bio\/","title":{"rendered":"Kukicha BIO 100 g"},"content":{"rendered":"<h2><span style=\"color: #000000;\">Kukicha BIO (zeleni \u010daj)<\/span><\/h2>\n<p><span style=\"color: #000000;\">Kukicha je poseben japonski \u010daj, kjer pome\u0161ajo \u010dajne listi\u010de in \u010dajna stebelca. Pri predelavi ostalih \u010dajev vedno pore\u017eejo odve\u010dna stebelca. Ta se potem uporabijo za \u010daj kukicha. Je zelo dobrega ne\u017enega okusa primerna tudi za pivce, ki jim sicer japonski intenziven zeleni \u010daj ne ustreza. Stebelca dodajo \u010daju druga\u010dno dimenzijo.<\/span><\/p>\n<p><span style=\"color: #000000;\">Ta kukicha prihaja iz ekolo\u0161ke pridelave.<\/span><\/p>\n<h2><span style=\"color: #000000;\">Izgled<\/span><\/h2>\n<p><span style=\"color: #000000;\">Ve\u010dji temno zeleni listi\u010di in svetli ko\u0161\u010dki stebelc.<\/span><\/p>\n<h2><span style=\"color: #000000;\">Okus in aroma<\/span><\/h2>\n<p><span style=\"color: #000000;\">Zelo ne\u017enega okusa s prijetnimi aromami.<\/span><\/p>\n<h2><span style=\"color: #000000;\">Shranjevanje<\/span><\/h2>\n<p><span style=\"color: #000000;\">Kukicho shranjujemo v suhem, temnem in hladnem prostoru.<\/span><\/p>\n<h2><span style=\"color: #000000;\">Pakiranje<\/span><\/h2>\n<p><span style=\"color: #000000;\">Nepredu\u0161na vre\u010dka z zadrgo, kjer izdelek ohrani vso sve\u017eino in aromo. Embala\u017ea \u0161\u010diti pred svetlobo in zrakom. Sestavljena je iz ve\u010d slojev za\u0161\u010dite, ki ohranjajo lastnosti izdelka.<\/span><\/p>\n<p><span style=\"color: #000000;\">Embala\u017ea je zelo prakti\u010dna in omogo\u010da recikliranje.<\/span><\/p>\n<h2><span style=\"color: #000000;\">Poreklo<\/span><\/h2>\n<p><span style=\"color: #000000;\">Japonska<\/span><\/p>\n","protected":false},"excerpt":{"rendered":"<p>Kukicha je poseben japonski \u010daj, kjer pome\u0161ajo \u010dajne listi\u010de in \u010dajna stebelca. Pri predelavi ostalih \u010dajev vedno pore\u017eejo odve\u010dna stebelca. Ta se potem uporabijo za \u010daj kukicha. Je zelo dobrega ne\u017enega okusa primerna tudi za pivce, ki jim sicer japonski intenziven zeleni \u010daj ne ustreza.<\/p>\n<p>\ud83d\udc9a Je iz ekolo\u0161ke pridelave.<\/p>\n<p>&nbsp;<\/p>\n","protected":false},"featured_media":4594,"comment_status":"open","ping_status":"closed","template":"","meta":{"_acf_changed":false},"product_brand":[],"product_cat":[15,223,205,216],"product_tag":[],"class_list":{"0":"post-4593","1":"product","2":"type-product","3":"status-publish","4":"has-post-thumbnail","6":"product_cat-uncategorized","7":"product_cat-caj","8":"product_cat-caj-hrana-zacimbe","9":"product_cat-vsi-izdelki","11":"first","12":"outofstock","13":"taxable","14":"shipping-taxable","15":"purchasable","16":"product-type-simple"},"acf":[],"_links":{"self":[{"href":"https:\/\/fengchashop.com\/si\/wp-json\/wp\/v2\/product\/4593","targetHints":{"allow":["GET"]}}],"collection":[{"href":"https:\/\/fengchashop.com\/si\/wp-json\/wp\/v2\/product"}],"about":[{"href":"https:\/\/fengchashop.com\/si\/wp-json\/wp\/v2\/types\/product"}],"replies":[{"embeddable":true,"href":"https:\/\/fengchashop.com\/si\/wp-json\/wp\/v2\/comments?post=4593"}],"wp:featuredmedia":[{"embeddable":true,"href":"https:\/\/fengchashop.com\/si\/wp-json\/wp\/v2\/media\/4594"}],"wp:attachment":[{"href":"https:\/\/fengchashop.com\/si\/wp-json\/wp\/v2\/media?parent=4593"}],"wp:term":[{"taxonomy":"product_brand","embeddable":true,"href":"https:\/\/fengchashop.com\/si\/wp-json\/wp\/v2\/product_brand?post=4593"},{"taxonomy":"product_cat","embeddable":true,"href":"https:\/\/fengchashop.com\/si\/wp-json\/wp\/v2\/product_cat?post=4593"},{"taxonomy":"product_tag","embeddable":true,"href":"https:\/\/fengchashop.com\/si\/wp-json\/wp\/v2\/product_tag?post=4593"}],"curies":[{"name":"wp","href":"https:\/\/api.w.org\/{rel}","templated":true}]}}