{"id":4567,"date":"2022-05-20T18:33:35","date_gmt":"2022-05-20T16:33:35","guid":{"rendered":"https:\/\/test-fengcha.dweb.si\/product\/dmso-100-ml\/"},"modified":"2026-04-18T20:31:14","modified_gmt":"2026-04-18T18:31:14","slug":"dmso","status":"publish","type":"product","link":"https:\/\/fengchashop.com\/si\/izdelek\/dmso\/","title":{"rendered":"DMSO 100 ml"},"content":{"rendered":"<h2><span style=\"color: #000000;\">DMSO super kvalitete 99,9% Ph.Eur<\/span><\/h2>\n<p><span style=\"color: #000000;\"><strong>Dimetilsulfoksid<\/strong>, znan tudi kot\u00a0<strong>DMSO<\/strong>\u00a0ima svojevrstno zgodovino. Konec 19. stoletja so ta stranski proizvod pri\u00a0<strong>izdelavi papirja<\/strong>\u00a0na\u0161li v Nem\u010diji, uporablja se kot topilo in izhaja iz kemikalije, ki jo najdemo v lesu.<\/span><\/p>\n<p><span style=\"color: #000000;\">Gre za\u00a0<strong>naravni proizvod<\/strong>, ki ga izdelujejo iz\u00a0<strong>lesne celuloze<\/strong>\u00a0in ob pravilni uporabi ne predstavlja tveganja za zdravje. DMSO je\u00a0<strong>organska, brezbarvna, naravna, nesintetizirana teko\u010dina<\/strong>, pridobljena iz lignina, ki je zaslovela zaradi sposobnosti prehajanja biolo\u0161kih membran, kot je ko\u017ea.<\/span><\/p>\n<p><span style=\"color: #000000;\">Znanstveniki so protivnetne u\u010dinke te snovi za\u010deli preu\u010devati sredi 20. stoletja. DMSO je zdravilo na recept, ki ga je\u00a0<strong>FDA<\/strong>\u00a0(Food and Drug Administration\/ Uprava za hrano in zdravila)\u00a0<strong>odobrila za zdravljenje <\/strong><strong>razli\u010dnih drugih zdravstvenih motenj<\/strong>. Na voljo je brez recepta in ga najpogosteje najdete v obliki gela ali kreme.<\/span><\/p>\n<p>&nbsp;<\/p>\n<h2><span style=\"color: #000000;\">Koli\u010dina<\/span><\/h2>\n<p><span style=\"color: #000000;\">100 ml<\/span><\/p>\n<p>&nbsp;<\/p>\n<h2><span style=\"color: #000000;\">Pakiranje<\/span><\/h2>\n<p><span style=\"color: #000000;\">\u00a0V stekleni embala\u017ei s kapalko za la\u017eje doziranje.<\/span><\/p>\n<h2><span style=\"color: #000000;\">Opozorila<\/span><\/h2>\n<p><span style=\"color: #000000;\">Hraniti izven dosega otrok v temnem prostoru. Izogibati se stiku z o\u010dmi in obleko. V primeru, da teko\u010dina zaide v o\u010di takoj sperite z vodo. Hramba na ne bo v neposredni bli\u017eini son\u010dne svetlobe. Nose\u010dnice in doje\u010de matere naj ne uporabljajo izdelka. \u010ce se pojavi alergijska reakcija prenehajte uporabljati.<\/span><\/p>\n<h2><span style=\"color: #000000;\">Poreklo<\/span><\/h2>\n<p><span style=\"color: #000000;\">Nem\u010dija<\/span><\/p>\n","protected":false},"excerpt":{"rendered":"<p>Super kvaliteten DMSO. <span style=\"color: #000000;\">Gre za\u00a0<strong>naravni proizvod<\/strong>, ki ga izdelujejo iz\u00a0<strong>lesne celuloze<\/strong>\u00a0in ob pravilni uporabi ne predstavlja tveganja za zdravje.<\/span><\/p>\n","protected":false},"featured_media":4568,"comment_status":"open","ping_status":"closed","template":"","meta":{"_acf_changed":false},"product_brand":[],"product_cat":[15,208,220,216],"product_tag":[],"class_list":{"0":"post-4567","1":"product","2":"type-product","3":"status-publish","4":"has-post-thumbnail","6":"product_cat-uncategorized","7":"product_cat-ostalo","8":"product_cat-spet-na-zalogi","9":"product_cat-vsi-izdelki","11":"first","12":"instock","13":"taxable","14":"shipping-taxable","15":"purchasable","16":"product-type-simple"},"acf":[],"_links":{"self":[{"href":"https:\/\/fengchashop.com\/si\/wp-json\/wp\/v2\/product\/4567","targetHints":{"allow":["GET"]}}],"collection":[{"href":"https:\/\/fengchashop.com\/si\/wp-json\/wp\/v2\/product"}],"about":[{"href":"https:\/\/fengchashop.com\/si\/wp-json\/wp\/v2\/types\/product"}],"replies":[{"embeddable":true,"href":"https:\/\/fengchashop.com\/si\/wp-json\/wp\/v2\/comments?post=4567"}],"wp:featuredmedia":[{"embeddable":true,"href":"https:\/\/fengchashop.com\/si\/wp-json\/wp\/v2\/media\/4568"}],"wp:attachment":[{"href":"https:\/\/fengchashop.com\/si\/wp-json\/wp\/v2\/media?parent=4567"}],"wp:term":[{"taxonomy":"product_brand","embeddable":true,"href":"https:\/\/fengchashop.com\/si\/wp-json\/wp\/v2\/product_brand?post=4567"},{"taxonomy":"product_cat","embeddable":true,"href":"https:\/\/fengchashop.com\/si\/wp-json\/wp\/v2\/product_cat?post=4567"},{"taxonomy":"product_tag","embeddable":true,"href":"https:\/\/fengchashop.com\/si\/wp-json\/wp\/v2\/product_tag?post=4567"}],"curies":[{"name":"wp","href":"https:\/\/api.w.org\/{rel}","templated":true}]}}