{"id":4564,"date":"2022-05-20T18:28:31","date_gmt":"2022-05-20T16:28:31","guid":{"rendered":"https:\/\/test-fengcha.dweb.si\/product\/lugolova-raztopina-50-ml\/"},"modified":"2026-05-09T09:09:20","modified_gmt":"2026-05-09T07:09:20","slug":"lugolova-raztopina","status":"publish","type":"product","link":"https:\/\/fengchashop.com\/si\/izdelek\/lugolova-raztopina\/","title":{"rendered":"Lugolova raztopina 50 ml"},"content":{"rendered":"<h2><span style=\"color: #000000;\">Lugolova raztopina (super kvalitetne jodove kapljice &#8211; 5%)<\/span><\/h2>\n<p><span style=\"color: #000000;\"><strong>Jod<\/strong>\u00a0(I) in\u00a0<strong>kalijev jodid<\/strong>\u00a0(KI) sta skupaj z\u00a0<strong>destilirano vodo zdru\u017eena v Lugolovo raztopino<\/strong>, pogosto znano kot\u00a0<strong>Lugolov jod<\/strong>. Jean Francois Coindet (1774-1834) je prvi\u010d uporabil jod v\u00a0<strong>terapevtske namene<\/strong>.<\/span><\/p>\n<p><span style=\"color: #000000;\">Francoski zdravnik\u00a0<strong>Jean Guillaume Auguste Lugol<\/strong>\u00a0je Lugolovo raztopino prvi\u010d razvil leta\u00a0<strong>1829<\/strong>. Dr. Lugol je odkril, da kalijev jodid pove\u010da topnost joda v vodi. Lugolova raztopina je me\u0161anica joda in kalijevega jodida v razmerju 1:2. Lugolovo raztopino se \u017ee vrsto let kombinira z drugimi snovmi in se uporablja kot surovina za razli\u010dne stvari.<\/span><\/p>\n<p><span style=\"color: #000000;\">Vsako \u010dlove\u0161ko tkivo in organ vsebuje sledove elementa joda. Najve\u010d joda je v \u0161\u010ditnici, velikih \u017elezah slinavkah, trebu\u0161ni slinavki, solznih \u017elezah, reproduktivnih tkivih, kot so prsi, jaj\u010dniki in prostata, ter v \u017eelod\u010dni sluznici, cerebrospinalni teko\u010dini in \u010dlove\u0161ki ko\u017ei.<\/span><\/p>\n<p><span style=\"color: #000000;\">Je klju\u010dnega pomena\u00a0<strong>za proizvodnjo hormonov \u0161\u010ditnice in uravnavanje presnove<\/strong>, kar vpliva na raven energije in du\u0161evno jasnost.\u00a0<\/span><\/p>\n<h2><span style=\"color: #000000;\">Zanimivosti<\/span><\/h2>\n<p><span style=\"color: #000000;\">V Sloveniji je bilo v preteklosti ugotovljeno hudo pomanjkanje joda pri otrocih in odraslih, saj ve\u010dina obrokov naravno vsebuje le skromno koli\u010dino joda.<\/span><\/p>\n<p><span style=\"color: #000000;\">Po jedrski nesre\u010di v \u010cernobilu so Lugolovo raztopino uporabili tudi za za\u0161\u010dito ljudi pred radioaktivnim sevanjem.<\/span><\/p>\n<p><span style=\"color: #000000;\">Iskanje joda je lahko te\u017eavno, vendar ga veliko \u017eivil vsebuje v naravnih koli\u010dinah. Med drugim so to ribe, svinjina, sir, morske alge ali morski kelp.<\/span><\/p>\n<p><span style=\"color: #000000;\">Danes je pomanjkanje joda pogosta te\u017eava. Jod so pogosto dodajali kruhu in pecivu, zdaj pa ga najdemo le \u0161e v nekaj solatah. Jod izhlapeva iz soli, kar je manj znano, in ni jasno, koliko ga izhlapelega pride v telo. Vsebnost joda v prehrani je omejena zaradi iz\u010drpavanja tal, ki je posledica pretirane in neprimerne rabe tal.<\/span><\/p>\n<h2><span style=\"color: #000000;\">Koli\u010dina<\/span><\/h2>\n<p><span style=\"color: #000000;\">50 ml<\/span><\/p>\n<h2 style=\"text-align: justify;\"><span style=\"color: #000000;\">Pakiranje<\/span><\/h2>\n<p><span style=\"color: #000000;\">\u00a0V stekleni embala\u017ei s kapalko za la\u017eje doziranje.<br \/>\n<\/span><\/p>\n<h2 style=\"text-align: justify;\"><span style=\"color: #000000;\">Opozorila<\/span><\/h2>\n<p style=\"text-align: justify;\"><span style=\"color: #000000;\">Hraniti izven dosega otrok v temnem prostoru. <\/span><\/p>\n<h2 style=\"text-align: justify;\"><span style=\"color: #000000;\">Poreklo<\/span><\/h2>\n<p style=\"text-align: justify;\"><span style=\"color: #000000;\">EU<\/span><\/p>\n","protected":false},"excerpt":{"rendered":"<p>Lugolova raztopina &#8211; 5%. Francoski zdravnik Jean Guillaume Auguste Lugol je Lugolovo raztopino prvi\u010d razvil leta 1829. Dr. Lugol je odkril, da kalijev jodid pove\u010da topnost joda v vodi. Lugolova raztopina je me\u0161anica joda in kalijevega jodida v razmerju 1:2. Jod je mineral, ki ga za pre\u017eivetje potrebujejo vsi sesalci. Je tudi pomemben del \u0161\u010ditni\u010dnih hormonov, ki vplivajo na presnovo, rast in razvoj.<\/p>\n","protected":false},"featured_media":4565,"comment_status":"open","ping_status":"closed","template":"","meta":{"_acf_changed":false},"product_brand":[],"product_cat":[15,208,220,216],"product_tag":[],"class_list":{"0":"post-4564","1":"product","2":"type-product","3":"status-publish","4":"has-post-thumbnail","6":"product_cat-uncategorized","7":"product_cat-ostalo","8":"product_cat-spet-na-zalogi","9":"product_cat-vsi-izdelki","11":"first","12":"instock","13":"sale","14":"taxable","15":"shipping-taxable","16":"purchasable","17":"product-type-simple"},"acf":[],"_links":{"self":[{"href":"https:\/\/fengchashop.com\/si\/wp-json\/wp\/v2\/product\/4564","targetHints":{"allow":["GET"]}}],"collection":[{"href":"https:\/\/fengchashop.com\/si\/wp-json\/wp\/v2\/product"}],"about":[{"href":"https:\/\/fengchashop.com\/si\/wp-json\/wp\/v2\/types\/product"}],"replies":[{"embeddable":true,"href":"https:\/\/fengchashop.com\/si\/wp-json\/wp\/v2\/comments?post=4564"}],"wp:featuredmedia":[{"embeddable":true,"href":"https:\/\/fengchashop.com\/si\/wp-json\/wp\/v2\/media\/4565"}],"wp:attachment":[{"href":"https:\/\/fengchashop.com\/si\/wp-json\/wp\/v2\/media?parent=4564"}],"wp:term":[{"taxonomy":"product_brand","embeddable":true,"href":"https:\/\/fengchashop.com\/si\/wp-json\/wp\/v2\/product_brand?post=4564"},{"taxonomy":"product_cat","embeddable":true,"href":"https:\/\/fengchashop.com\/si\/wp-json\/wp\/v2\/product_cat?post=4564"},{"taxonomy":"product_tag","embeddable":true,"href":"https:\/\/fengchashop.com\/si\/wp-json\/wp\/v2\/product_tag?post=4564"}],"curies":[{"name":"wp","href":"https:\/\/api.w.org\/{rel}","templated":true}]}}