{"id":4559,"date":"2022-05-20T18:14:53","date_gmt":"2022-05-20T16:14:53","guid":{"rendered":"https:\/\/test-fengcha.dweb.si\/product\/indijski-orescki-bio-500-g\/"},"modified":"2026-03-03T16:35:48","modified_gmt":"2026-03-03T15:35:48","slug":"indijski-orescki-bio","status":"publish","type":"product","link":"https:\/\/fengchashop.com\/si\/izdelek\/indijski-orescki-bio\/","title":{"rendered":"Indijski ore\u0161\u010dki BIO 500 g"},"content":{"rendered":"<h2 style=\"text-align: justify;\"><span style=\"color: #000000;\">Indijski ore\u0161\u010dki BIO<\/span><\/h2>\n<p style=\"text-align: justify;\"><span style=\"color: #000000;\">Indijski ore\u0161\u010dki izvirajo iz Brazilije in so <strong>semena zimzelenega drevesa<\/strong>, imenovanega aka\u017euj. Gre za drevo, ki obrodi hru\u0161ki podobne sade\u017ee, le-ti pa imajo zna\u010dilne prirastke v lupini, iz katerih izlu\u0161\u010dimo t. i. indijske ore\u0161\u010dke. Lupino obi\u010dajno odstranijo takoj po obiranju sadja, sej je le-ta obdana z oljnato teko\u010dino, ki povzro\u010da dra\u017eenje ko\u017ee.<\/span><\/p>\n<p style=\"text-align: justify;\"><span style=\"color: #000000;\">Indijske ore\u0161\u010dke pri\u0161tevamo k bolj zdravim ore\u0161\u010dkom zaradi vsebnosti <strong>vitaminov in mineralov<\/strong> \u2013 med njimi kalija, vitaminov B in K, mangana, magnezija, fosforja, cinka, bakra in \u017eeleza. V primerjavi z drugimi ore\u0161\u010dki pa imajo tudi ni\u017ejo vsebnostjo ma\u0161\u010dob (gre za <strong>nenasi\u010deno ma\u0161\u010dobo<\/strong>, ki jo pogosto ozna\u010dujemo kot zdravo ma\u0161\u010dobo) in nekoliko vi\u0161jo vsebnost ogljikovih hidratov. Ponekod veljajo celo za najbolj zdrave ore\u0161\u010dke, ki nam jih ponuja narava.<\/span><\/p>\n<p style=\"text-align: justify;\"><span style=\"color: #000000;\">Indijske ore\u0161\u010dke lahko u\u017eivamo kot <strong>prigrizek<\/strong>, kot dodatek solatam, kosmi\u010dem, sadju ali smutiju. Zaradi kremaste strukture se odli\u010dno obnesejo v <strong>presnih sladicah<\/strong>, slanih in sladkih kremnih namazih, iz njih pa lahko pripravimo tudi okusen in zdrav <strong>rastlinski napitek<\/strong>.<\/span><\/p>\n<p style=\"text-align: justify;\"><span style=\"color: #000000;\">Brez dodanih konzervansov, aditivov in soli.<\/span><\/p>\n<p style=\"text-align: justify;\"><span style=\"color: #000000;\">Lahko vsebuje sledi ostalih ore\u0161\u010dkov, ara\u0161idov in sezama.<\/span><\/p>\n<h2 style=\"text-align: justify;\"><span style=\"color: #000000;\">Shranjevanje<\/span><\/h2>\n<p style=\"text-align: justify;\"><span style=\"color: #000000;\">Odprt izdelek hranite v suhem in temnem prostoru ter ga \u010dimprej porabite.<\/span><\/p>\n<h2 style=\"text-align: justify;\"><span style=\"color: #000000;\">Pakiranje<\/span><\/h2>\n<p style=\"text-align: justify;\"><span style=\"color: #000000;\">Nepredu\u0161na vre\u010dka z zadrgo, kjer izdelek ohrani vso sve\u017eino in aromo. Embala\u017ea \u0161\u010diti pred svetlobo in zrakom, saj je sestavljena iz ve\u010d slojev za\u0161\u010dite, ki ohranjajo lastnosti vsebine.<\/span><\/p>\n<p style=\"text-align: justify;\"><span style=\"color: #000000;\">Embala\u017ea je zelo prakti\u010dna in omogo\u010da recikliranje.<\/span><\/p>\n<h2 style=\"text-align: justify;\"><span style=\"color: #000000;\">Poreklo<\/span><\/h2>\n<p style=\"text-align: justify;\"><span style=\"color: #000000;\">Vietnam<\/span><\/p>\n","protected":false},"excerpt":{"rendered":"<p>Indijske ore\u0161\u010dke pri\u0161tevamo k bolj zdravim ore\u0161\u010dkom zaradi vsebnosti vitaminov in mineralov \u2013 med njimi kalija, vitaminov B in K, mangana, magnezija, fosforja, cinka, bakra in \u017eeleza. V primerjavi z drugimi ore\u0161\u010dki pa imajo tudi ni\u017ejo vsebnostjo ma\u0161\u010dob (gre za nenasi\u010deno ma\u0161\u010dobo, ki jo pogosto ozna\u010dujemo kot zdravo ma\u0161\u010dobo) in nekoliko vi\u0161jo vsebnost ogljikovih hidratov. Ponekod veljajo celo za najbolj zdrave ore\u0161\u010dke, ki nam jih ponuja narava.<\/p>\n<p>\ud83d\udc9a Bogat vir\u00a0antioksidantov.<br \/>\n\ud83d\udc9a Je iz ekolo\u0161ke pridelave.<br \/>\n\ud83d\udc9a Brez dodanih konzervansov, aditivov in soli.<\/p>\n<p>&nbsp;<\/p>\n","protected":false},"featured_media":4560,"comment_status":"open","ping_status":"closed","template":"","meta":{"_acf_changed":false},"product_brand":[],"product_cat":[15,205,216],"product_tag":[],"class_list":{"0":"post-4559","1":"product","2":"type-product","3":"status-publish","4":"has-post-thumbnail","6":"product_cat-uncategorized","7":"product_cat-caj-hrana-zacimbe","8":"product_cat-vsi-izdelki","10":"first","11":"outofstock","12":"taxable","13":"shipping-taxable","14":"purchasable","15":"product-type-simple"},"acf":[],"_links":{"self":[{"href":"https:\/\/fengchashop.com\/si\/wp-json\/wp\/v2\/product\/4559","targetHints":{"allow":["GET"]}}],"collection":[{"href":"https:\/\/fengchashop.com\/si\/wp-json\/wp\/v2\/product"}],"about":[{"href":"https:\/\/fengchashop.com\/si\/wp-json\/wp\/v2\/types\/product"}],"replies":[{"embeddable":true,"href":"https:\/\/fengchashop.com\/si\/wp-json\/wp\/v2\/comments?post=4559"}],"wp:featuredmedia":[{"embeddable":true,"href":"https:\/\/fengchashop.com\/si\/wp-json\/wp\/v2\/media\/4560"}],"wp:attachment":[{"href":"https:\/\/fengchashop.com\/si\/wp-json\/wp\/v2\/media?parent=4559"}],"wp:term":[{"taxonomy":"product_brand","embeddable":true,"href":"https:\/\/fengchashop.com\/si\/wp-json\/wp\/v2\/product_brand?post=4559"},{"taxonomy":"product_cat","embeddable":true,"href":"https:\/\/fengchashop.com\/si\/wp-json\/wp\/v2\/product_cat?post=4559"},{"taxonomy":"product_tag","embeddable":true,"href":"https:\/\/fengchashop.com\/si\/wp-json\/wp\/v2\/product_tag?post=4559"}],"curies":[{"name":"wp","href":"https:\/\/api.w.org\/{rel}","templated":true}]}}