{"id":4556,"date":"2022-05-20T18:04:08","date_gmt":"2022-05-20T16:04:08","guid":{"rendered":"https:\/\/test-fengcha.dweb.si\/product\/brazilski-orescki-bio-500-g\/"},"modified":"2026-03-03T10:18:53","modified_gmt":"2026-03-03T09:18:53","slug":"brazilski-orescki-bio","status":"publish","type":"product","link":"https:\/\/fengchashop.com\/si\/izdelek\/brazilski-orescki-bio\/","title":{"rendered":"Brazilski ore\u0161\u010dki BIO 500 g"},"content":{"rendered":"<h2><span style=\"color: #000000;\">Brazilski ore\u0161\u010dki BIO<\/span><\/h2>\n<p style=\"text-align: justify;\"><span style=\"color: #000000;\">Brazilski ore\u0161\u010dki rastejo na ve\u010d deset metrov visokem drevesu, imenovanem <em>bertolecija<\/em>. Izvirajo iz pragozdov Amazonije in so pravzaprav semena tega mogo\u010dnega drevesa, ki ima tudi 700 let dolgo \u017eivljenjsko dobo. Ve\u010dinoma rastejo v naravi in jih ne pridobivajo na planta\u017eah, najve\u010dja izvoznica tega izredno hranljivega ore\u0161\u010dka pa je Bolivija.<\/span><\/p>\n<p style=\"text-align: justify;\"><span style=\"color: #000000;\">V prvi vrsti je brazilski ore\u0161\u010dek poznan kot zdrav prigrizek, ki vsebuje veliko <strong>zdravih ma\u0161\u010dob<\/strong>, <strong>prehranskih vlaknin<\/strong> in <strong>selena<\/strong>. \u010ce jih dnevno u\u017eivamo v manj\u0161ih koli\u010dinah, nam <strong>zelo hitro zagotavljajo dnevne potrebe po pomembnih vitaminih in mineralih<\/strong> \u2013 dovolj je \u017ee 10 g ore\u0161\u010dkov na dan.<\/span><\/p>\n<p style=\"text-align: justify;\"><span style=\"color: #000000;\">So pa brazilski ore\u0161\u010dki tudi precej <strong>kalori\u010dni<\/strong>, zato je zmernost pri u\u017eivanju vedno zelo pomembna. Ta je pomembna tudi zaradi velike vsebnosti selena, ki v prevelikih koli\u010dinah lahko povzro\u010di nasproten u\u010dinek (\u010de vsak dan u\u017eivamo velike koli\u010dine ore\u0161\u010dkov).<\/span><\/p>\n<h2><span style=\"color: #000000;\">Shranjevanje<\/span><\/h2>\n<p style=\"text-align: justify;\"><span style=\"color: #000000;\">Odprt izdelek hranite v suhem in temnem prostoru ter ga \u010dimprej porabite.<\/span><\/p>\n<h2><span style=\"color: #000000;\">Pakiranje<\/span><\/h2>\n<p style=\"text-align: justify;\"><span style=\"color: #000000;\">Nepredu\u0161na vre\u010dka z zadrgo, kjer izdelek ohrani vso sve\u017eino in aromo. Embala\u017ea \u0161\u010diti pred svetlobo in zrakom, saj je sestavljena iz ve\u010d slojev za\u0161\u010dite, ki ohranjajo lastnosti vsebine.<\/span><\/p>\n<p style=\"text-align: justify;\"><span style=\"color: #000000;\">Embala\u017ea je zelo prakti\u010dna in omogo\u010da recikliranje.<\/span><\/p>\n<h2><span style=\"color: #000000;\">Poreklo<\/span><\/h2>\n<p style=\"text-align: justify;\"><span style=\"color: #000000;\">Brazilija ali Bolivija<\/span><\/p>\n","protected":false},"excerpt":{"rendered":"<p>V prvi vrsti je brazilski ore\u0161\u010dek poznan kot zdrav prigrizek, ki vsebuje veliko zdravih ma\u0161\u010dob, prehranskih vlaknin in selena. \u010ce jih dnevno u\u017eivamo v manj\u0161ih koli\u010dinah, nam zelo hitro zagotavljajo dnevne potrebe po pomembnih vitaminih in mineralih \u2013 dovolj je \u017ee 10 g ore\u0161\u010dkov na dan.<\/p>\n<p>\ud83d\udc9a Zaradi prehranskih vlaknin so dobri za\u00a0prebavo\u00a0in dajejo ob\u010dutek sitosti.<br \/>\n\ud83d\udc9a Je iz ekolo\u0161ke pridelave.<br \/>\n\ud83d\udc9a Zaradi visoke vsebnosti selena pozitivno vplivajo tudi na\u00a0izgled\u00a0ko\u017ee.<\/p>\n<p>&nbsp;<\/p>\n","protected":false},"featured_media":4557,"comment_status":"open","ping_status":"closed","template":"","meta":{"_acf_changed":false},"product_brand":[],"product_cat":[15,205,216],"product_tag":[],"class_list":{"0":"post-4556","1":"product","2":"type-product","3":"status-publish","4":"has-post-thumbnail","6":"product_cat-uncategorized","7":"product_cat-caj-hrana-zacimbe","8":"product_cat-vsi-izdelki","10":"first","11":"outofstock","12":"taxable","13":"shipping-taxable","14":"purchasable","15":"product-type-simple"},"acf":[],"_links":{"self":[{"href":"https:\/\/fengchashop.com\/si\/wp-json\/wp\/v2\/product\/4556","targetHints":{"allow":["GET"]}}],"collection":[{"href":"https:\/\/fengchashop.com\/si\/wp-json\/wp\/v2\/product"}],"about":[{"href":"https:\/\/fengchashop.com\/si\/wp-json\/wp\/v2\/types\/product"}],"replies":[{"embeddable":true,"href":"https:\/\/fengchashop.com\/si\/wp-json\/wp\/v2\/comments?post=4556"}],"wp:featuredmedia":[{"embeddable":true,"href":"https:\/\/fengchashop.com\/si\/wp-json\/wp\/v2\/media\/4557"}],"wp:attachment":[{"href":"https:\/\/fengchashop.com\/si\/wp-json\/wp\/v2\/media?parent=4556"}],"wp:term":[{"taxonomy":"product_brand","embeddable":true,"href":"https:\/\/fengchashop.com\/si\/wp-json\/wp\/v2\/product_brand?post=4556"},{"taxonomy":"product_cat","embeddable":true,"href":"https:\/\/fengchashop.com\/si\/wp-json\/wp\/v2\/product_cat?post=4556"},{"taxonomy":"product_tag","embeddable":true,"href":"https:\/\/fengchashop.com\/si\/wp-json\/wp\/v2\/product_tag?post=4556"}],"curies":[{"name":"wp","href":"https:\/\/api.w.org\/{rel}","templated":true}]}}