{"id":4539,"date":"2022-05-20T16:38:02","date_gmt":"2022-05-20T14:38:02","guid":{"rendered":"https:\/\/test-fengcha.dweb.si\/product\/kakav-zrna-bio-250-g\/"},"modified":"2026-04-28T16:46:18","modified_gmt":"2026-04-28T14:46:18","slug":"kakav-zrna-bio","status":"publish","type":"product","link":"https:\/\/fengchashop.com\/si\/izdelek\/kakav-zrna-bio\/","title":{"rendered":"Kakav zrna BIO 250 g"},"content":{"rendered":"<h2 style=\"text-align: justify;\"><span style=\"color: #000000;\">Kakav zrna criollo BIO<\/span><\/h2>\n<p style=\"text-align: justify;\"><span style=\"color: #000000;\">Kakavova zrna oziroma semena, iz katerih pridobivamo kakav, rastejo v strokih na drevesu, imenovanem <strong>kakavovec<\/strong> oz. <strong>Theobroma cacao<\/strong>. Kakavova zrna so bila v preteklosti tako cenjena, da so jih Maji in Azteki v Srednji in Ju\u017eni Ameriki uporabljali za pla\u010dilno sredstvo poleg zlata. \u00a0<\/span><\/p>\n<p style=\"text-align: justify;\"><span style=\"color: #000000;\">Kakav vsebujejo dale\u010d najve\u010d antioksidantov kot katerokoli drugo \u017eivilo, poleg tega pa tudi \u0161tevilne minerale, kot je kalij, cink, magnezij, \u017eelezo in kalcij. Zaradi vsebnosti cinka so kakavova zrna tudi pomembna <strong>pomo\u010d pri encimskih reakcijah<\/strong>. Hkrati je tudi vir beljakovin in vlaknin. Vsi ti so pomembni za ohranjanje na\u0161ega zdravja. Vsebuje tudi \u0161tevilna hranila, ki delujejo pozitivno na na\u0161 krvo\u017eilni sistem. Hkrati pa zaradi zvi\u0161evanja vrednosti serotonina v mo\u017eganih izbolj\u0161uje razpolo\u017eenje. Pravzaprav vsebuje kar <strong>300 razli\u010dnih spojin<\/strong>, ki lahko vplivajo na dvigovanje na\u0161ega razpolo\u017eenja. Kakavova zrna vsebujejo triptofan, ki je pomemben pri proizvodnji serotonina, imenovanega hormon sre\u010de. Poleg tega so v kakavovih zrnih tudi kemi\u010dne snovi, ki jih telo proizvaja, ko se zaljubimo, zato ni \u010dudno, da kakav <strong>pogosto povezujemo z ljubeznijo.<\/strong><\/span><\/p>\n<p style=\"text-align: justify;\"><span style=\"color: #000000;\">Za kori\u0161\u010denje avseh pozitivnih u\u010dinkovin zadostuje u\u017eivanje \u017ee 25\u201330 gramov kakava dnevno, kar ustreza pribli\u017eno desetim zrnom.<\/span><\/p>\n<p style=\"text-align: justify;\"><span style=\"color: #000000;\">Kakav vrste\u00a0<em><strong>criollo\u00a0<\/strong><\/em>je\u00a0najbolj cenjen kakav na svetu. Ta kakavova zrna so tudi iz\u00a0ekolo\u0161ke pridelave.<\/span><\/p>\n<p style=\"text-align: justify;\"><span style=\"color: #000000;\">Po okusu spominjajo na \u010dokolado, a hkrati na ore\u0161\u010dke.<\/span><\/p>\n<h2 style=\"text-align: justify;\"><span style=\"color: #000000;\">Zakaj kupiti na\u0161a kakavova zrna?<\/span><\/h2>\n<p style=\"text-align: justify;\"><span style=\"color: #000000;\">Preprosto zato, ker:<\/span><\/p>\n<p style=\"text-align: justify;\"><span style=\"color: #000000;\">1. So iz nadzorovane <b>ekolo\u0161ke pridelave<\/b> in zato najbolj\u0161e, kar vam lahko ponudimo.<\/span><\/p>\n<p style=\"text-align: justify;\"><span style=\"color: #000000;\">2. So\u00a0<b>presna<\/b>. <i>Kaj pravzaprav to pomeni? <\/i>Pomeni, da so kakavova zrna oz. semena po obiranju zgolj fermentirana in na nizkih temperaturah posu\u0161ena. Niso pa pra\u017eena ali kakorkoli kemi\u010dno obdelana. Tako ta <i>hrana bogov<\/i>, kot ga pogosto imenujejo, ohranja ve\u010dina svojih hranilnih vrednosti, med njimi tudi antioksidante, ki so za nas tako pomembni.<\/span><\/p>\n<p style=\"text-align: justify;\"><span style=\"color: #000000;\">3. So\u00a0<b>brez dodatkov<\/b> in drugih nepotrebnih sestavin.<\/span><\/p>\n<p style=\"text-align: justify;\"><span style=\"color: #000000;\">4. Kakav <em><strong>criollo<\/strong> <\/em>je najbolj\u0161a in najbolj cenjena sorta kakava na svetu.<\/span><\/p>\n<p style=\"text-align: justify;\"><span style=\"color: #000000;\">Zmagovalna kombinacija, ki zadovolji tudi tiste najbolj zahtevne.<\/span><\/p>\n<p style=\"text-align: justify;\">\n<h2 style=\"text-align: justify;\"><span style=\"color: #000000;\">Pakiranje<\/span><\/h2>\n<p style=\"text-align: justify;\"><span style=\"color: #000000;\">Nepredu\u0161na vre\u010dka z zadrgo, kjer izdelek ohrani vso sve\u017eino in aromo. Embala\u017ea \u0161\u010diti pred svetlobo in zrakom, saj je sestavljena iz ve\u010d slojev za\u0161\u010dite, ki ohranjajo lastnosti vsebine.<\/span><\/p>\n<p style=\"text-align: justify;\"><span style=\"color: #000000;\">Embala\u017ea je zelo prakti\u010dna in omogo\u010da recikliranje.<\/span><\/p>\n<h2 style=\"text-align: justify;\"><span style=\"color: #000000;\">Poreklo<\/span><\/h2>\n<p style=\"text-align: justify;\"><span style=\"color: #000000;\">Peru<\/span><\/p>\n","protected":false},"excerpt":{"rendered":"<p>Kakav vsebujejo dale\u010d najve\u010d antioksidantov kot katerokoli drugo \u017eivilo, poleg tega pa tudi \u0161tevilne minerale, kot je kalij, cink, magnezij, \u017eelezo in kalcij. Zaradi vsebnosti cinka so kakavova zrna tudi pomembna pomo\u010d pri encimskih reakcijah. Hkrati je tudi vir beljakovin in vlaknin. Vsi ti so pomembni za ohranjanje na\u0161ega zdravja. Hkrati pa zaradi zvi\u0161evanja vrednosti serotonina v mo\u017eganih izbolj\u0161uje razpolo\u017eenje. Pravzaprav vsebuje kar 300 razli\u010dnih spojin, ki lahko vplivajo na dvigovanje na\u0161ega razpolo\u017eenja. Kakavova zrna vsebujejo triptofan, ki je pomemben pri proizvodnji serotonina, imenovanega hormon sre\u010de.<\/p>\n<p>\ud83d\udc9a Je iz nadzorovane\u00a0ekolo\u0161ke pridelave.<br \/>\n\ud83d\udc9a So\u00a0brez dodatkov.<br \/>\n\ud83d\udc9a Kakav vrste\u00a0<em>criollo<\/em>\u00a0je\u00a0najbolj cenjen kakav na svetu.<\/p>\n","protected":false},"featured_media":4148,"comment_status":"open","ping_status":"closed","template":"","meta":{"_acf_changed":false},"product_brand":[],"product_cat":[15,205,216],"product_tag":[],"class_list":{"0":"post-4539","1":"product","2":"type-product","3":"status-publish","4":"has-post-thumbnail","6":"product_cat-uncategorized","7":"product_cat-caj-hrana-zacimbe","8":"product_cat-vsi-izdelki","10":"first","11":"instock","12":"sale","13":"taxable","14":"shipping-taxable","15":"purchasable","16":"product-type-simple"},"acf":[],"_links":{"self":[{"href":"https:\/\/fengchashop.com\/si\/wp-json\/wp\/v2\/product\/4539","targetHints":{"allow":["GET"]}}],"collection":[{"href":"https:\/\/fengchashop.com\/si\/wp-json\/wp\/v2\/product"}],"about":[{"href":"https:\/\/fengchashop.com\/si\/wp-json\/wp\/v2\/types\/product"}],"replies":[{"embeddable":true,"href":"https:\/\/fengchashop.com\/si\/wp-json\/wp\/v2\/comments?post=4539"}],"wp:featuredmedia":[{"embeddable":true,"href":"https:\/\/fengchashop.com\/si\/wp-json\/wp\/v2\/media\/4148"}],"wp:attachment":[{"href":"https:\/\/fengchashop.com\/si\/wp-json\/wp\/v2\/media?parent=4539"}],"wp:term":[{"taxonomy":"product_brand","embeddable":true,"href":"https:\/\/fengchashop.com\/si\/wp-json\/wp\/v2\/product_brand?post=4539"},{"taxonomy":"product_cat","embeddable":true,"href":"https:\/\/fengchashop.com\/si\/wp-json\/wp\/v2\/product_cat?post=4539"},{"taxonomy":"product_tag","embeddable":true,"href":"https:\/\/fengchashop.com\/si\/wp-json\/wp\/v2\/product_tag?post=4539"}],"curies":[{"name":"wp","href":"https:\/\/api.w.org\/{rel}","templated":true}]}}