{"id":4536,"date":"2022-05-20T16:26:40","date_gmt":"2022-05-20T14:26:40","guid":{"rendered":"https:\/\/test-fengcha.dweb.si\/product\/kakav-zdrobljena-zrna-bio-250-g\/"},"modified":"2026-04-28T13:33:51","modified_gmt":"2026-04-28T11:33:51","slug":"kakav-zdrobljena-zrna-bio","status":"publish","type":"product","link":"https:\/\/fengchashop.com\/si\/izdelek\/kakav-zdrobljena-zrna-bio\/","title":{"rendered":"Kakav zdrobljena zrna BIO 250 g"},"content":{"rendered":"<h2 style=\"text-align: justify;\"><span style=\"color: #000000;\">Zdrobljena kakavova zrna criollo BIO<\/span><\/h2>\n<p style=\"text-align: justify;\"><span style=\"color: #000000;\">Kakavova zrna oziroma semena, iz katerih pridobivamo kakav, rastejo v strokih na drevesu, imenovanem <strong>kakavovec<\/strong> oz. <strong><i>Theobroma cacao<\/i><\/strong>. Kakavova zdrobljena zrna so bila v preteklosti tako cenjena, da so jih Maji in Azteki v Srednji in Ju\u017eni Ameriki\u00a0<strong>poleg zlata\u00a0<\/strong>uporabljali kot\u00a0<strong>pla\u010dilno sredstvo<\/strong>.<\/span><\/p>\n<p style=\"text-align: justify;\"><span style=\"color: #000000;\">Kakav vsebujejo dale\u010d najve\u010d <strong>antioksidantov<\/strong> kot katerokoli drugo \u017eivilo, poleg tega pa tudi \u0161tevilne <strong>minerale<\/strong>, kot je kalij, cink, magnezij, \u017eelezo in kalcij. Hkrati je tudi bogat vir <strong>beljakovin<\/strong> in <strong>vlaknin<\/strong>. Vsi ti so pomembni za ohranjanje na\u0161ega zdravja. Zaradi zvi\u0161evanja vrednosti serotonina v mo\u017eganih<strong> izbolj\u0161uje razpolo\u017eenje<\/strong>. Pravzaprav vsebuje kar 300 razli\u010dnih spojin, ki lahko vplivajo na dvigovanje na\u0161ega razpolo\u017eenja. Ker je kakav presen (surov), \u00a0je nekoliko bolj grenek, kot smo ga navajeni, vendar pa zato veliko bolj zdrav. Za kori\u0161\u010denje vseh pozitivnih u\u010dinkovin zadostuje u\u017eivanje \u017ee<strong> 25\u201330 gramov kakava dnevno<\/strong>.<\/span><\/p>\n<p style=\"text-align: justify;\"><span style=\"color: #000000;\">Kakav vrste <em>criollo<\/em> je<strong> najbolj cenjen kakav na svetu<\/strong>. Ta kakavova zrna so tudi iz <strong>ekolo\u0161ke pridelave<\/strong>.<\/span><\/p>\n<p style=\"text-align: justify;\"><span style=\"color: #000000;\">Za la\u017eje u\u017eivanje so trda kakavova zrna zdrobljena na manj\u0161e ko\u0161\u010dke.<\/span><\/p>\n<p style=\"text-align: justify;\"><span style=\"color: #000000;\">Po okusu spominjajo na \u010dokolado, a hkrati na ore\u0161\u010dke.<\/span><\/p>\n<h2 style=\"text-align: justify;\"><span style=\"color: #000000;\">Zakaj kupiti na\u0161a zdrobljena zrna kakava?<\/span><\/h2>\n<p style=\"text-align: justify;\"><span style=\"color: #000000;\">Preprosto zato, ker:<\/span><\/p>\n<p style=\"text-align: justify;\"><span style=\"color: #000000;\">1. So iz nadzorovane <b>ekolo\u0161ke pridelave<\/b> in zato najbolj\u0161e, kar vam lahko ponudimo.<\/span><\/p>\n<p style=\"text-align: justify;\"><span style=\"color: #000000;\">2. So iz\u00a0<b>presnih zrn<\/b>. <i>Kaj pravzaprav to pomeni? <\/i>Pomeni, da so kakavova zrna oz. semena po obiranju zgolj fermentirana in na nizkih temperaturah posu\u0161ena. Niso pa pra\u017eena ali kakorkoli kemi\u010dno obdelana. Tako ta <i>hrana bogov<\/i>, kot ga pogosto imenujejo, ohranja ve\u010dina svojih hranilnih vrednosti, med njimi tudi antioksidante, ki so za nas tako pomembni.<\/span><\/p>\n<p style=\"text-align: justify;\"><span style=\"color: #000000;\">3. So\u00a0<b>brez dodatkov<\/b> in drugih nepotrebnih sestavin.<\/span><\/p>\n<p style=\"text-align: justify;\"><span style=\"color: #000000;\">4. Kakav <em><strong>criollo<\/strong> <\/em>je najbolj\u0161a in najbolj cenjena sorta kakava na svetu.<\/span><\/p>\n<p style=\"text-align: justify;\"><span style=\"color: #000000;\">Zmagovalna kombinacija, ki zadovolji tudi tiste najbolj zahtevne.<\/span><\/p>\n<h2 style=\"text-align: justify;\"><span style=\"color: #000000;\">Pakiranje<\/span><\/h2>\n<p style=\"text-align: justify;\"><span style=\"color: #000000;\">Nepredu\u0161na vre\u010dka z zadrgo, kjer izdelek ohrani vso sve\u017eino in aromo. Embala\u017ea \u0161\u010diti pred svetlobo in zrakom, saj je sestavljena iz ve\u010d slojev za\u0161\u010dite, ki ohranjajo lastnosti vsebine.<\/span><\/p>\n<p style=\"text-align: justify;\"><span style=\"color: #000000;\">Embala\u017ea je zelo prakti\u010dna in omogo\u010da recikliranje.<\/span><\/p>\n<h2 style=\"text-align: justify;\"><span style=\"color: #000000;\">Poreklo<\/span><\/h2>\n<p style=\"text-align: justify;\"><span style=\"color: #000000;\">Peru<\/span><\/p>\n","protected":false},"excerpt":{"rendered":"<p>Kakav vsebujejo dale\u010d najve\u010d antioksidantov kot katerokoli drugo \u017eivilo, poleg tega pa tudi \u0161tevilne minerale, kot je kalij, cink, magnezij, \u017eelezo in kalcij. Hkrati je tudi bogat vir beljakovin in vlaknin. Vsi ti so pomembni za ohranjanje na\u0161ega zdravja. Pravzaprav vsebuje kar 300 razli\u010dnih spojin, ki lahko vplivajo na dvigovanje na\u0161ega razpolo\u017eenja. Ker je kakav presen (surov), \u00a0je nekoliko bolj grenek, kot smo ga navajeni, vendar pa zato veliko bolj zdrav. Za kori\u0161\u010denje vseh pozitivnih u\u010dinkovin zadostuje u\u017eivanje \u017ee 25\u201330 gramov kakava dnevno.<\/p>\n<p>\ud83d\udc9a Je iz nadzorovane\u00a0ekolo\u0161ke pridelave.<br \/>\n\ud83d\udc9a So\u00a0brez dodatkov.<br \/>\n\ud83d\udc9a Kakav vrste\u00a0<em>criollo<\/em>\u00a0je\u00a0najbolj cenjen kakav na svetu.<\/p>\n","protected":false},"featured_media":4155,"comment_status":"open","ping_status":"closed","template":"","meta":{"_acf_changed":false},"product_brand":[],"product_cat":[15,205,216],"product_tag":[],"class_list":{"0":"post-4536","1":"product","2":"type-product","3":"status-publish","4":"has-post-thumbnail","6":"product_cat-uncategorized","7":"product_cat-caj-hrana-zacimbe","8":"product_cat-vsi-izdelki","10":"first","11":"instock","12":"sale","13":"taxable","14":"shipping-taxable","15":"purchasable","16":"product-type-simple"},"acf":[],"_links":{"self":[{"href":"https:\/\/fengchashop.com\/si\/wp-json\/wp\/v2\/product\/4536","targetHints":{"allow":["GET"]}}],"collection":[{"href":"https:\/\/fengchashop.com\/si\/wp-json\/wp\/v2\/product"}],"about":[{"href":"https:\/\/fengchashop.com\/si\/wp-json\/wp\/v2\/types\/product"}],"replies":[{"embeddable":true,"href":"https:\/\/fengchashop.com\/si\/wp-json\/wp\/v2\/comments?post=4536"}],"wp:featuredmedia":[{"embeddable":true,"href":"https:\/\/fengchashop.com\/si\/wp-json\/wp\/v2\/media\/4155"}],"wp:attachment":[{"href":"https:\/\/fengchashop.com\/si\/wp-json\/wp\/v2\/media?parent=4536"}],"wp:term":[{"taxonomy":"product_brand","embeddable":true,"href":"https:\/\/fengchashop.com\/si\/wp-json\/wp\/v2\/product_brand?post=4536"},{"taxonomy":"product_cat","embeddable":true,"href":"https:\/\/fengchashop.com\/si\/wp-json\/wp\/v2\/product_cat?post=4536"},{"taxonomy":"product_tag","embeddable":true,"href":"https:\/\/fengchashop.com\/si\/wp-json\/wp\/v2\/product_tag?post=4536"}],"curies":[{"name":"wp","href":"https:\/\/api.w.org\/{rel}","templated":true}]}}