{"id":4530,"date":"2022-05-20T15:37:07","date_gmt":"2022-05-20T13:37:07","guid":{"rendered":"https:\/\/test-fengcha.dweb.si\/product\/kakav-v-prahu-bio-250-g\/"},"modified":"2026-05-07T06:13:37","modified_gmt":"2026-05-07T04:13:37","slug":"kakav-v-prahu-bio","status":"publish","type":"product","link":"https:\/\/fengchashop.com\/si\/izdelek\/kakav-v-prahu-bio\/","title":{"rendered":"Kakav v prahu BIO 250 g"},"content":{"rendered":"<h2 style=\"text-align: justify\"><span style=\"color: #000000\">Kakav v prahu BIO<\/span><\/h2>\n<p style=\"text-align: justify\"><span style=\"color: #000000\">Kakavova zrna oziroma semena, iz katerih pridobivamo kakav, rastejo v strokih na drevesu, imenovanem\u00a0<b>kakavovec<\/b>\u00a0oz.\u00a0<b><i>Theobroma cacao<\/i><\/b>. Kakav je \u017ee tiso\u010dletja priljubljeno \u017eivilo. Avtohtono raste v Ju\u017eni in Srednji Ameriki. Je osnovna surovina za pripravo vseh vrst \u010dokolad.<\/span><\/p>\n<p style=\"text-align: justify\"><span style=\"color: #000000\">Kakav vsebujejo dale\u010d\u00a0<b>najve\u010d antioksidantov<\/b>\u00a0kot katerokoli drugo \u017eivilo. Vsebuje ga trikrat ve\u010d kot zeleni \u010daj. Poleg tega vsebuje tudi \u0161tevilne\u00a0<b>minerale<\/b>, kot je kalij, cink, magnezij, \u017eelezo in kalcij. Hkrati je tudi vir\u00a0<b>beljakovin<\/b>\u00a0in\u00a0<b>vlaknin<\/b>. Vsi ti so pomembni za ohranjanje na\u0161ega zdravja. Zaradi zvi\u0161evanja vrednosti serotonina v mo\u017eganih izbolj\u0161uje razpolo\u017eenje. Pravzaprav vsebuje kar <b>300 razli\u010dnih spojin<\/b>, ki lahko vplivajo na dvigovanje na\u0161ega razpolo\u017eenja.<\/span><\/p>\n<p style=\"text-align: justify\"><span style=\"color: #000000\">Kakavova zrna tega kakava so ro\u010dno obrana. Izbrana zrna najprej fermentirajo, da nekoliko omilijo zna\u010dilno grenkobo. Tako kakavova zrna ohranjajo svojo hranilno vrednost brez dodajanja nepotrebnih aditivov. Za izkoristek vseh pozitivnih u\u010dinkovin zadostuje u\u017eivanje \u017ee 25\u201330 gramov kakava dnevno.<\/span><\/p>\n<h2><span style=\"color: #000000\">Zakaj kupiti ravno to me\u0161anico kakava v prahu?<\/span><\/h2>\n<p style=\"text-align: justify\"><span style=\"color: #000000\">Preprosto zato, ker:<\/span><\/p>\n<p style=\"text-align: justify\"><span style=\"color: #000000\">1. Je iz nadzorovane\u00a0<b>ekolo\u0161ke pridelave<\/b>\u00a0in zato najbolj\u0161e, kar vam lahko ponudimo.<\/span><\/p>\n<p style=\"text-align: justify\"><span style=\"color: #000000\">2. <b>Nagrajen izdelek<\/b> zaradi posebne me\u0161anice mletih kakavovih zrn z razli\u010dnim poreklom.<\/span><\/p>\n<p style=\"text-align: justify\"><span style=\"color: #000000\">3. Je\u00a0<b>brez dodatkov<\/b>\u00a0in drugih nepotrebnih sestavin, kot je na primer sladkor ali druga sladila.<\/span><\/p>\n<p style=\"text-align: justify\"><span style=\"color: #000000\">Zmagovalna kombinacija, ki zadovolji tudi tiste najbolj zahtevne. Po okusu ne presladka in ne pregrenka varianta kakava, ki je nepogre\u0161ljiva pri peki sladic, pa tudi pri kuhanju. Sadni okus dopolnjuje <b>okus po pra\u017eenih kakavovih zrnih<\/b>. Odli\u010den za pripravo kakavovega napitka z obi\u010dajnim mlekoma ali rastlinskimi napitki.\u00a0<\/span><\/p>\n<h2><span style=\"color: #000000\">Shranjevanje<\/span><\/h2>\n<p style=\"text-align: justify\"><span style=\"color: #000000\">Shranjujemo v suhem, temnem in hladnem prostoru. Poskrbimo, da je vre\u010dka dobro zaprta.<\/span><\/p>\n<h2><span style=\"color: #000000\">Pakiranje<\/span><\/h2>\n<p style=\"text-align: justify\"><span style=\"color: #000000\">Nepredu\u0161na vre\u010dka z zadrgo, kjer izdelek ohrani vso sve\u017eino in aromo. Embala\u017ea \u0161\u010diti pred svetlobo in zrakom, saj je sestavljena iz ve\u010d slojev za\u0161\u010dite, ki ohranjajo lastnosti vsebine.<\/span><\/p>\n<p style=\"text-align: justify\"><span style=\"color: #000000\">Embala\u017ea je zelo prakti\u010dna in omogo\u010da recikliranje.<\/span><\/p>\n<h2><span style=\"color: #000000\">Poreklo<\/span><\/h2>\n<p style=\"text-align: justify\"><span style=\"color: #000000\">Afrika<\/span><\/p>\n","protected":false},"excerpt":{"rendered":"<p>Kakav vsebujejo dale\u010d najve\u010d antioksidantov kot katerokoli drugo \u017eivilo. Vsebuje ga trikrat ve\u010d kot zeleni \u010daj. Poleg tega vsebuje tudi \u0161tevilne minerale, kot je kalij, cink, magnezij, \u017eelezo in kalcij. Hkrati je tudi vir beljakovin in vlaknin. Vsi ti so pomembni za ohranjanje na\u0161ega zdravja. Zaradi zvi\u0161evanja vrednosti serotonina v mo\u017eganih izbolj\u0161uje razpolo\u017eenje. Pravzaprav vsebuje kar 300 razli\u010dnih spojin, ki lahko vplivajo na dvigovanje na\u0161ega razpolo\u017eenja.<\/p>\n<p>\ud83d\udc9a Je iz nadzorovane ekolo\u0161ke pridelave.<br \/>\n\ud83d\udc9a Je\u00a0brez dodatkov in drugih nepotrebnih sestavin, kot je na primer sladkor ali druga sladila.<\/p>\n","protected":false},"featured_media":4156,"comment_status":"open","ping_status":"closed","template":"","meta":{"_acf_changed":false},"product_brand":[],"product_cat":[15,205,217,224,216],"product_tag":[],"class_list":{"0":"post-4530","1":"product","2":"type-product","3":"status-publish","4":"has-post-thumbnail","6":"product_cat-uncategorized","7":"product_cat-caj-hrana-zacimbe","8":"product_cat-ponudba","9":"product_cat-posebna-ponudba","10":"product_cat-vsi-izdelki","12":"first","13":"instock","14":"sale","15":"taxable","16":"shipping-taxable","17":"purchasable","18":"product-type-simple"},"acf":[],"_links":{"self":[{"href":"https:\/\/fengchashop.com\/si\/wp-json\/wp\/v2\/product\/4530","targetHints":{"allow":["GET"]}}],"collection":[{"href":"https:\/\/fengchashop.com\/si\/wp-json\/wp\/v2\/product"}],"about":[{"href":"https:\/\/fengchashop.com\/si\/wp-json\/wp\/v2\/types\/product"}],"replies":[{"embeddable":true,"href":"https:\/\/fengchashop.com\/si\/wp-json\/wp\/v2\/comments?post=4530"}],"wp:featuredmedia":[{"embeddable":true,"href":"https:\/\/fengchashop.com\/si\/wp-json\/wp\/v2\/media\/4156"}],"wp:attachment":[{"href":"https:\/\/fengchashop.com\/si\/wp-json\/wp\/v2\/media?parent=4530"}],"wp:term":[{"taxonomy":"product_brand","embeddable":true,"href":"https:\/\/fengchashop.com\/si\/wp-json\/wp\/v2\/product_brand?post=4530"},{"taxonomy":"product_cat","embeddable":true,"href":"https:\/\/fengchashop.com\/si\/wp-json\/wp\/v2\/product_cat?post=4530"},{"taxonomy":"product_tag","embeddable":true,"href":"https:\/\/fengchashop.com\/si\/wp-json\/wp\/v2\/product_tag?post=4530"}],"curies":[{"name":"wp","href":"https:\/\/api.w.org\/{rel}","templated":true}]}}