{"id":4523,"date":"2022-05-20T14:42:32","date_gmt":"2022-05-20T12:42:32","guid":{"rendered":"https:\/\/test-fengcha.dweb.si\/product\/chia-semena-bio-500-g\/"},"modified":"2026-04-19T11:44:06","modified_gmt":"2026-04-19T09:44:06","slug":"chia-semena-bio","status":"publish","type":"product","link":"https:\/\/fengchashop.com\/si\/izdelek\/chia-semena-bio\/","title":{"rendered":"Chia semena BIO 500 g"},"content":{"rendered":"<h2><span style=\"color: #000000;\">Chia semena BIO<\/span><\/h2>\n<p><span style=\"color: #000000;\">Chia semena so u\u017eitna semena rastline\u00a0<i>Salvia hispanica<\/i>, ki ji po slovensko re\u010demo tudi\u00a0<strong>oljna kadulja<\/strong>. Izvirajo iz Srednje in Ju\u017ene Amerike, u\u017eivali pa so jih \u017ee stari bojevniki, da bi imeli ve\u010d energije v bitkah. Tako so jih poznali \u017ee Maji in Azteki, ki so jih redno vklju\u010devali v prehrano, saj so bili prepri\u010dani, da jim dajejo mo\u010d, energijo in vzdr\u017eljivost.\u00a0<\/span><\/p>\n<p><span style=\"color: #000000;\">Chia semena prednja\u010dijo po vsebnosti:<\/span><\/p>\n<p><span style=\"color: #000000;\">\ud83d\udc9a omega 3 ma\u0161\u010dobnih kislin,<\/span><br \/>\n<span style=\"color: #000000;\">\ud83d\udc9a beljakovin,<\/span><br \/>\n<span style=\"color: #000000;\">\ud83d\udc9a ogljikovih hidratov,<\/span><br \/>\n<span style=\"color: #000000;\">\ud83d\udc9a mineralov, kot so \u017eelezo, magnezij, kalij in kalcij,<\/span><br \/>\n<span style=\"color: #000000;\">\ud83d\udc9a prehranskih vlaknin,<\/span><br \/>\n<span style=\"color: #000000;\">\ud83d\udc9a antioksidantov.<\/span><\/p>\n<p><span style=\"color: #000000;\">Na\u0161a chia semena prihajajo iz\u00a0<strong>ekolo\u0161ke pridelave<\/strong>.<\/span><\/p>\n<h2><span style=\"color: #000000;\">Zakaj so chia semena dobra?<\/span><\/h2>\n<p><span style=\"color: #000000;\">Poleg bogate vsebnosti omega 3 ma\u0161\u010dobnih kislin, ki so za \u010dloveka esencialne kisline, a jih telo samo ne more proizvajati, so semena\u00a0<strong>bogata z vitamini, minerali, beljakovinami in prehranskimi vlakninami<\/strong>. \u017de 20 g chia semen dnevno zadosti skoraj 30 % potreb po prehranskih vlakninah. Nase ve\u017eejo vodo in s tem upo\u010dasnijo prebavo v \u017eelodcu.\u00a0<\/span><\/p>\n<h2><span style=\"color: #000000;\">Shranjevanje<\/span><\/h2>\n<p><span style=\"color: #000000;\">Odprt izdelek hranite v suhem in temnem prostoru ter ga \u010dimprej porabite. Poskrbite, da je vre\u010dka dobro zaprta.<\/span><\/p>\n<h2><span style=\"color: #000000;\">Pakiranje<\/span><\/h2>\n<p><span style=\"color: #000000;\">Nepredu\u0161na vre\u010dka z zadrgo, kjer izdelek ohrani vso sve\u017eino in aromo. Embala\u017ea \u0161\u010diti pred svetlobo in zrakom, saj je sestavljena iz ve\u010d slojev za\u0161\u010dite, ki ohranjajo lastnosti vsebine.<\/span><\/p>\n<p><span style=\"color: #000000;\">Embala\u017ea je zelo prakti\u010dna in omogo\u010da recikliranje.<\/span><\/p>\n<h2><span style=\"color: #000000;\">Poreklo<\/span><\/h2>\n<p><span style=\"color: #000000;\">Ju\u017ena Amerika<\/span><\/p>\n","protected":false},"excerpt":{"rendered":"<p>Poleg bogate vsebnosti omega 3 ma\u0161\u010dobnih kislin, ki so za \u010dloveka esencialne kisline, a jih telo samo ne more proizvajati, so semena\u00a0<strong>bogata z vitamini, minerali, beljakovinami in prehranskimi vlakninami<\/strong>. \u017de 20 g chia semen dnevno zadosti skoraj 30 % potreb po prehranskih vlakninah. Nase ve\u017eejo vodo in s tem upo\u010dasnijo prebavo v \u017eelodcu.<\/p>\n<p>&nbsp;<\/p>\n<p>&nbsp;<\/p>\n","protected":false},"featured_media":4166,"comment_status":"open","ping_status":"closed","template":"","meta":{"_acf_changed":false},"product_brand":[],"product_cat":[15,205,195,216],"product_tag":[],"class_list":{"0":"post-4523","1":"product","2":"type-product","3":"status-publish","4":"has-post-thumbnail","6":"product_cat-uncategorized","7":"product_cat-caj-hrana-zacimbe","8":"product_cat-superhrana","9":"product_cat-vsi-izdelki","11":"first","12":"instock","13":"taxable","14":"shipping-taxable","15":"purchasable","16":"product-type-simple"},"acf":[],"_links":{"self":[{"href":"https:\/\/fengchashop.com\/si\/wp-json\/wp\/v2\/product\/4523","targetHints":{"allow":["GET"]}}],"collection":[{"href":"https:\/\/fengchashop.com\/si\/wp-json\/wp\/v2\/product"}],"about":[{"href":"https:\/\/fengchashop.com\/si\/wp-json\/wp\/v2\/types\/product"}],"replies":[{"embeddable":true,"href":"https:\/\/fengchashop.com\/si\/wp-json\/wp\/v2\/comments?post=4523"}],"wp:featuredmedia":[{"embeddable":true,"href":"https:\/\/fengchashop.com\/si\/wp-json\/wp\/v2\/media\/4166"}],"wp:attachment":[{"href":"https:\/\/fengchashop.com\/si\/wp-json\/wp\/v2\/media?parent=4523"}],"wp:term":[{"taxonomy":"product_brand","embeddable":true,"href":"https:\/\/fengchashop.com\/si\/wp-json\/wp\/v2\/product_brand?post=4523"},{"taxonomy":"product_cat","embeddable":true,"href":"https:\/\/fengchashop.com\/si\/wp-json\/wp\/v2\/product_cat?post=4523"},{"taxonomy":"product_tag","embeddable":true,"href":"https:\/\/fengchashop.com\/si\/wp-json\/wp\/v2\/product_tag?post=4523"}],"curies":[{"name":"wp","href":"https:\/\/api.w.org\/{rel}","templated":true}]}}