{"id":4506,"date":"2022-03-15T18:45:33","date_gmt":"2022-03-15T17:45:33","guid":{"rendered":"https:\/\/test-fengcha.dweb.si\/product\/stevia125-g\/"},"modified":"2026-03-26T17:45:56","modified_gmt":"2026-03-26T16:45:56","slug":"stevia","status":"publish","type":"product","link":"https:\/\/fengchashop.com\/si\/izdelek\/stevia\/","title":{"rendered":"Stevia 125 g"},"content":{"rendered":"<h2><span style=\"color: #000000;\">Stevia v prahu<\/span><\/h2>\n<p><span style=\"color: #000000;\">Ju\u017enoameri\u0161ki grmi\u010dek stevia, ki lahko pre\u017eivi v te\u017ekih razmerah, imenujemo tudi sladka zel. Njeni listi so veliko bolj sladki od obi\u010dajnega sladkorja. Tradicionalno so jo na doma\u010dih tleh (Paragvaj) uporabljali za slajenje grenkega mate \u010daja.\u00a0Vsebuje vitamin C, beta-karoten, krom, kobalt, rastlinske ma\u0161\u010dobe, vlaknine in beljakovine. Vsebuje pa tudi \u017eelezo, selen, silicij, natrij, tiamin, vodo, cink magnezij, mangan, niacin, fosfor in kalij.<\/span><\/p>\n<p><span style=\"color: #000000;\">Stevia je naravno sladilo, ki <strong>ne vsebuje ogljikovih hidratov in kalorij.<\/strong> Razli\u010dne \u0161tudije so pokazale, da stevia nima nikakr\u0161nih slabih u\u010dinkov, niti v bistveno vi\u0161jih odmerkih od obi\u010dajnih. Nudi pa nam ve\u010d koristi:<\/span><\/p>\n<p><span style=\"color: #000000;\">\ud83d\udc9a je<strong> zdrav nadomestek sladkorju,<\/strong><\/span><br \/>\n<span style=\"color: #000000;\">\ud83d\udc9a ima glikemi\u010dni indeks 0, zato je stevia <strong>primerna tudi za diabetike,<\/strong><\/span><br \/>\n<span style=\"color: #000000;\">\ud83d\udc9a <strong>zmanj\u0161a \u017eeljo po sladki in mastni hrani,<\/strong><\/span><br \/>\n<span style=\"color: #000000;\">\ud83d\udc9a ker <strong>ne vsebuje kalorij<\/strong> in hitreje povzro\u010di ob\u010dutek sitosti, lahko z njeno uporabo izgubite kak\u0161en odve\u010den kilogram.<\/span><\/p>\n<h2><span style=\"color: #000000;\">Zakaj je stevia dober nadomestek sladkorju?<\/span><\/h2>\n<p><span style=\"color: #000000;\">Stevia je narejena iz sladkih listov grmi\u010devja stevia, iz katerih pripravijo sladki izvle\u010dek in ga uporabijo za sladkanje jedi in pija\u010de. Ekstrakti stevie so obi\u010dajno bele ali bledo rumene barve. Le-ta je lahko razli\u010dno sladek, tudi zaradi razli\u010dnega odstotka vsebnosti sladila, ki ga ekstrahirajo iz stevie.<\/span><\/p>\n<p><span style=\"color: #000000;\">Na\u0161a stevia pa je zgolj <strong>posu\u0161ena in zmleta v fin prah zelene barve<\/strong>. Njena sladkost je odvisna tudi od sorte in \u010dasa obiranja.<\/span><\/p>\n<p><span style=\"color: #000000;\">Ker ima glikemi\u010dni indeks 0 (to pomeni, da glukoza v krvi ob zau\u017eitju ne posko\u010di),<strong> je primerna tudi za diabetike<\/strong>.\u00a0<\/span><\/p>\n<p><span style=\"color: #000000;\">V primerjavi z obi\u010dajnim sladkorjem ne karamelizira in ne fermentira v alkohol.<\/span><\/p>\n<h2><span style=\"color: #000000;\">Pakiranje<\/span><\/h2>\n<p><span style=\"color: #000000;\">Nepredu\u0161na vre\u010dka z zadrgo, kjer izdelek ohrani vso sve\u017eino in aromo. Embala\u017ea \u0161\u010diti pred svetlobo in zrakom, saj je sestavljena iz ve\u010d slojev za\u0161\u010dite, ki ohranjajo lastnosti vsebine.<\/span><\/p>\n<p><span style=\"color: #000000;\">Embala\u017ea je zelo prakti\u010dna in omogo\u010da recikliranje.<\/span><\/p>\n<h2><span style=\"color: #000000;\">Shranjevanje in opozorila<\/span><\/h2>\n<p><span style=\"color: #000000;\">Shranjujte v suhem, temnem in hladnem prostoru. Poskrbimo, da je vre\u010dka dobro zaprta. Shranjujte nedosegljivo otrokom.<\/span><\/p>\n<p><span style=\"color: #000000;\">Ne pozabite na pomembnost raznolike prehrane in zdravega na\u010dina \u017eivljenja, prehransko dopolnilo zato ni nadomestilo za uravnote\u017eeno in raznovrstno prehrano. Priporo\u010dene dnevne koli\u010dine oziroma odmerka se ne sme prekora\u010diti. Nose\u010dnicam in doje\u010dim materam pred uporabo vedno svetujemo posvet z zdravnikom.<\/span><\/p>\n<h2><span style=\"color: #000000;\">Poreklo<\/span><\/h2>\n<p><span style=\"color: #000000;\">Indija, Kitajska ali Ju\u017ena Amerika<\/span><\/p>\n","protected":false},"excerpt":{"rendered":"<p>Stevia je naravno sladilo, ki ne vsebuje ogljikovih hidratov in kalorij. Razli\u010dne \u0161tudije so pokazale, da stevia nima nikakr\u0161nih slabih u\u010dinkov, niti v bistveno vi\u0161jih odmerkih od obi\u010dajnih. Nudi pa nam ve\u010d koristi:<\/p>\n<p>\ud83d\udc9a je zdrav nadomestek sladkorju,<br \/>\n\ud83d\udc9a ima glikemi\u010dni indeks 0, zato je stevia primerna tudi za diabetike,<br \/>\n\ud83d\udc9a zmanj\u0161a \u017eeljo po sladki in mastni hrani,<br \/>\n\ud83d\udc9a ker ne vsebuje kalorij in hitreje povzro\u010di ob\u010dutek sitosti, lahko z njeno uporabo izgubite kak\u0161en odve\u010den kilogram.<\/p>\n","protected":false},"featured_media":4304,"comment_status":"open","ping_status":"closed","template":"","meta":{"_acf_changed":false},"product_brand":[],"product_cat":[15,205,216],"product_tag":[],"class_list":{"0":"post-4506","1":"product","2":"type-product","3":"status-publish","4":"has-post-thumbnail","6":"product_cat-uncategorized","7":"product_cat-caj-hrana-zacimbe","8":"product_cat-vsi-izdelki","10":"first","11":"outofstock","12":"sale","13":"taxable","14":"shipping-taxable","15":"purchasable","16":"product-type-simple"},"acf":[],"_links":{"self":[{"href":"https:\/\/fengchashop.com\/si\/wp-json\/wp\/v2\/product\/4506","targetHints":{"allow":["GET"]}}],"collection":[{"href":"https:\/\/fengchashop.com\/si\/wp-json\/wp\/v2\/product"}],"about":[{"href":"https:\/\/fengchashop.com\/si\/wp-json\/wp\/v2\/types\/product"}],"replies":[{"embeddable":true,"href":"https:\/\/fengchashop.com\/si\/wp-json\/wp\/v2\/comments?post=4506"}],"wp:featuredmedia":[{"embeddable":true,"href":"https:\/\/fengchashop.com\/si\/wp-json\/wp\/v2\/media\/4304"}],"wp:attachment":[{"href":"https:\/\/fengchashop.com\/si\/wp-json\/wp\/v2\/media?parent=4506"}],"wp:term":[{"taxonomy":"product_brand","embeddable":true,"href":"https:\/\/fengchashop.com\/si\/wp-json\/wp\/v2\/product_brand?post=4506"},{"taxonomy":"product_cat","embeddable":true,"href":"https:\/\/fengchashop.com\/si\/wp-json\/wp\/v2\/product_cat?post=4506"},{"taxonomy":"product_tag","embeddable":true,"href":"https:\/\/fengchashop.com\/si\/wp-json\/wp\/v2\/product_tag?post=4506"}],"curies":[{"name":"wp","href":"https:\/\/api.w.org\/{rel}","templated":true}]}}