{"id":4504,"date":"2022-03-15T11:18:31","date_gmt":"2022-03-15T10:18:31","guid":{"rendered":"https:\/\/test-fengcha.dweb.si\/product\/kurkuma-v-kapsulah-bio-240-kapsul\/"},"modified":"2026-04-29T14:46:10","modified_gmt":"2026-04-29T12:46:10","slug":"kurkuma-v-kapsulah-bio","status":"publish","type":"product","link":"https:\/\/fengchashop.com\/si\/izdelek\/kurkuma-v-kapsulah-bio\/","title":{"rendered":"Kurkuma v kapsulah BIO 240 kapsul"},"content":{"rendered":"<h2><span style=\"color: #000000\">Kurkuma v kapsulah BIO<\/span><\/h2>\n<p><span style=\"color: #000000\">Kurkuma je rastlina, ki jo v Evropi poznamo od antike, v domovini pa jo poznajo \u017ee vsaj 4000 let. Prvotno so jo uporabljali kot zdravilno rastlino in barvilo, kot za\u010dimba pa se je uveljavila kasneje. Tako kot ingver je tudi kurkuma za\u010dimba, ki jo pridobivamo iz podzemnega odebeljenega stebla azijske trajnice. \u010ceprav jo danes nekateri poznajo zgolj kot za\u010dimbo, se za njo skriva bistveno ve\u010d. Kurkuma namre\u010d poleg mineralov, vitaminov B6 in B3, folne kisline, kalija, \u017eeleza in mangana, pa omega 3 ma\u0161\u010dobnih kislin, vsebuje tudi <strong>polifenol kurkumin<\/strong><\/span><\/p>\n<h2><span style=\"color: #000000\">Shranjevanje in opozorila<\/span><\/h2>\n<p><span style=\"color: #000000\">Shranjujte v suhem in hladnem prostoru pri temperaturi do 25 \u00b0C. Prehransko dopolnilo naj bo nedosegljivo otrokom!<\/span><\/p>\n<p><span style=\"color: #000000\">Ne pozabite na pomembnost raznolike prehrane in zdravega na\u010dina \u017eivljenja, prehransko dopolnilo zato ni nadomestilo za uravnote\u017eeno in raznovrstno prehrano. Priporo\u010dene dnevne koli\u010dine oziroma odmerka se ne sme prekora\u010diti. Nose\u010dnicam in doje\u010dim materam pred uporabo vedno svetujemo posvet z zdravnikom.<\/span><\/p>\n<h2><span style=\"color: #000000\">Pakiranje<\/span><\/h2>\n<p><span style=\"color: #000000\">Izdelek je pakiran v li\u010dni stekleni embala\u017ei s slojem \u010drne folije, ki ne prepu\u0161\u010da svetlobe. Pokrov\u010dek omogo\u010da neprodu\u0161no zapiranje, kar posledi\u010dno pomeni, da zunanji vonji ne morejo vplivati na vsebino stekleni\u010dke. Sicer je pa tudi samo steklo neprepustno, se ne navdaja vonja in z ni\u010demer ne vpliva na okus vsebine. Tak\u0161na embala\u017ea tudi ne vsebuje za okolje obremenjujo\u010de plastike in je bolj ekolo\u0161ka ter trajnostno usmerjena. Pravzaprav je idealna embala\u017ea, narejena iz naravnih in trajnostnih sestavin, ki simbolizira vrhunsko kakovost.<\/span><\/p>\n<p><span style=\"color: #000000\">Pri ve\u010djih pakiranjih (rinfuza) pa je izdelek v nepredu\u0161ni vre\u010dki z zadrgo, kjer ohrani vso sve\u017eino in aromo. Embala\u017ea \u0161\u010diti pred svetlobo in zrakom, saj je sestavljena iz ve\u010d slojev za\u0161\u010dite, ki ohranjajo lastnosti vsebine.<\/span><\/p>\n<p><span style=\"color: #000000\">Obe embala\u017ei \u0161\u010ditita vsebino pred svetlobo in zrakom, sta zelo prakti\u010dni in omogo\u010data recikliranje.<\/span><\/p>\n<h2><span style=\"color: #000000\">Poreklo<\/span><\/h2>\n<p><span style=\"color: #000000\">Indija<\/span><\/p>\n","protected":false},"excerpt":{"rendered":"<p align=\"JUSTIFY\">Kurkuma je rastlina, ki jo v Evropi poznamo od antike, v domovini pa jo poznajo \u017ee vsaj 4000 let. Kurkuma namre\u010d poleg mineralov, vitaminov B6 in B3, folne kisline, kalija, \u017eeleza in mangana, pa omega 3 ma\u0161\u010dobnih kislin, vsebuje tudi polifenol kurkumin.<\/p>\n<p align=\"JUSTIFY\">\n","protected":false},"featured_media":4505,"comment_status":"open","ping_status":"closed","template":"","meta":{"_acf_changed":false},"product_brand":[],"product_cat":[15,194,205,216],"product_tag":[],"class_list":{"0":"post-4504","1":"product","2":"type-product","3":"status-publish","4":"has-post-thumbnail","6":"product_cat-uncategorized","7":"product_cat-ajurveda","8":"product_cat-caj-hrana-zacimbe","9":"product_cat-vsi-izdelki","11":"first","12":"instock","13":"sale","14":"taxable","15":"shipping-taxable","16":"purchasable","17":"product-type-simple"},"acf":[],"_links":{"self":[{"href":"https:\/\/fengchashop.com\/si\/wp-json\/wp\/v2\/product\/4504","targetHints":{"allow":["GET"]}}],"collection":[{"href":"https:\/\/fengchashop.com\/si\/wp-json\/wp\/v2\/product"}],"about":[{"href":"https:\/\/fengchashop.com\/si\/wp-json\/wp\/v2\/types\/product"}],"replies":[{"embeddable":true,"href":"https:\/\/fengchashop.com\/si\/wp-json\/wp\/v2\/comments?post=4504"}],"wp:featuredmedia":[{"embeddable":true,"href":"https:\/\/fengchashop.com\/si\/wp-json\/wp\/v2\/media\/4505"}],"wp:attachment":[{"href":"https:\/\/fengchashop.com\/si\/wp-json\/wp\/v2\/media?parent=4504"}],"wp:term":[{"taxonomy":"product_brand","embeddable":true,"href":"https:\/\/fengchashop.com\/si\/wp-json\/wp\/v2\/product_brand?post=4504"},{"taxonomy":"product_cat","embeddable":true,"href":"https:\/\/fengchashop.com\/si\/wp-json\/wp\/v2\/product_cat?post=4504"},{"taxonomy":"product_tag","embeddable":true,"href":"https:\/\/fengchashop.com\/si\/wp-json\/wp\/v2\/product_tag?post=4504"}],"curies":[{"name":"wp","href":"https:\/\/api.w.org\/{rel}","templated":true}]}}