{"id":4498,"date":"2022-03-15T08:57:14","date_gmt":"2022-03-15T07:57:14","guid":{"rendered":"https:\/\/test-fengcha.dweb.si\/product\/eritritol-500-g\/"},"modified":"2026-03-19T20:19:43","modified_gmt":"2026-03-19T19:19:43","slug":"eritritol","status":"publish","type":"product","link":"https:\/\/fengchashop.com\/si\/izdelek\/eritritol\/","title":{"rendered":"Eritritol bio 500 g"},"content":{"rendered":"<h2><span style=\"color: #000000;\">Eritritol BIO<\/span><\/h2>\n<p><span style=\"color: #000000;\">Eritritol je podobno kot ksilitol (xylitol) naravno sladilo, namenjeno vsem, ki v poplavi umetnih sladil i\u0161\u010dejo naravno alternativo. Eritritol je alkoholni sladkor, ki ga pridobivajo s postopkom fermentacije, najdemo pa ga predvsem v nekaterih vrstah sadja. V primerjavi z obi\u010dajnim belim rafiniranim ali rjavim trsnim sladkorjem je sladilo eritritol povsem<strong> brez energijske vrednosti,<\/strong> <strong>njegov glikemi\u010dni indeks pa je ni\u010d (GI=0).<\/strong> Nizek glikemi\u010dni indeks je dobra lastnost sladila za vse tiste, ki ohranjate svojo idealno telesno te\u017eo s pomo\u010djo GI diete, prav tako pa tudi za sladkorne bolnike, saj GI \u017eivila vpliva na dvig sladkorja v krvi. Poleg tega je eritritol tudi brez glutena, kar je lahko za marsikoga dobra novica.<\/span><\/p>\n<p><span style=\"color: #000000;\">Po obliki je eritritol podoben belemu sladkorju, beli kristal\u010dki pa so <strong>brez posebnega okusa<\/strong> in zato primerni za splo\u0161no uporabo. Lahko ga uporabljate v toplih in hladnih jedeh in pija\u010dah. Z njim lahko kuhate in pe\u010dete svoje najljub\u0161e jedi, ne da bi pri tem delali kompromisov glede okusa, saj ima eritritol od vseh popularnih (naravnih) sladil najbolj nevtralen okus. Z eritritolom se pravzaprav resni\u010dno lahko posladkate brez slabe vesti in kompromisov.<\/span><\/p>\n<h2><span style=\"color: #000000;\">Zakaj je eritritol dober nadomestek za obi\u010dajni sladkor?<\/span><\/h2>\n<p><span style=\"color: #000000;\">Eritritol je pravzaprav skoraj popolno naravno sladilo. \u010ce ga zamenjamo z obi\u010dajnim belim sladkorjem, pa lahko pri tem \u0161e pridobimo, saj je:<\/span><\/p>\n<p><span style=\"color: #000000;\">\ud83d\udc9a njegov <strong>glikemi\u010dni indeks 0<\/strong>, zaradi \u010desar se absorbira po\u010dasi in onemogo\u010da nenaden poskok sladkorja v krvi,<\/span><br \/>\n<span style=\"color: #000000;\">\ud83d\udc9a primeren za tiste, ki sledijo GI dieti, in tiste, ki bi radi omejili ali popolnoma opustili uporabo navadnega sladkorja,<\/span><br \/>\n<span style=\"color: #000000;\">\ud83d\udc9a odli\u010den za<strong> pomo\u010d pri nadzoru nad telesno te\u017eo,<\/strong><\/span><br \/>\n<span style=\"color: #000000;\">\ud83d\udc9a primeren<strong> za diabetike,<\/strong><\/span><br \/>\n<span style=\"color: #000000;\">\ud83d\udc9a sladilo<strong> brez kaloriji,<\/strong><\/span><br \/>\n<span style=\"color: #000000;\">\ud83d\udc9a brez <strong>priokusa,<\/strong><\/span><br \/>\n<span style=\"color: #000000;\">\ud83d\udc9a po strukturi podoben belemu sladkorju, kar omogo\u010da enostaven prehod,<\/span><br \/>\n<span style=\"color: #000000;\">\ud83d\udc9a uporaben za hladne ter tople jedi in pija\u010de, lahko se uporablja pri kuhi in peki.<\/span><\/p>\n<p><span style=\"color: #000000;\">Eritritol vzdr\u017euje sladkorno ravnovesje, ki ga obi\u010dajni sladkor le ru\u0161i. Navdu\u0161uje zaradi nevtralnega okusa, ni\u010dnega \u0161tevila kalorij in ker nima stranskih u\u010dinkov na zdravje \u010dloveka.<\/span><\/p>\n<p>&nbsp;<\/p>\n<h2><span style=\"color: #000000;\">Shranjevanje<\/span><\/h2>\n<p><span style=\"color: #000000;\">Shranjujemo v suhem, temnem in hladnem prostoru. Poskrbimo, da je vre\u010dka dobro zaprta.<\/span><\/p>\n<h2><span style=\"color: #000000;\">Pakiranje<\/span><\/h2>\n<p><span style=\"color: #000000;\">Nepredu\u0161na vre\u010dka z zadrgo, kjer izdelek ohrani vso sve\u017eino in aromo. Embala\u017ea \u0161\u010diti pred svetlobo in zrakom, saj je sestavljena iz ve\u010d slojev za\u0161\u010dite, ki ohranjajo lastnosti vsebine.<\/span><\/p>\n<p><span style=\"color: #000000;\">Embala\u017ea je zelo prakti\u010dna in omogo\u010da recikliranje.<\/span><\/p>\n<h2><span style=\"color: #000000;\">Poreklo<\/span><\/h2>\n<p><span style=\"color: #000000;\">Francija<\/span><\/p>\n","protected":false},"excerpt":{"rendered":"<p>Eritritol je alkoholni sladkor, ki ga pridobivajo s postopkom fermentacije, najdemo pa ga predvsem v nekaterih vrstah sadja. \u00a0\u010ce ga zamenjamo z obi\u010dajnim belim sladkorjem, pa lahko pri tem \u0161e pridobimo, saj je:<\/p>\n<p>\ud83d\udc9a njegov glikemi\u010dni indeks 0, zaradi \u010desar se absorbira po\u010dasi in onemogo\u010da nenaden poskok sladkorja v krvi,<br \/>\n\ud83d\udc9a primeren za tiste, ki sledijo GI dieti, in tiste, ki bi radi omejili ali popolnoma opustili uporabo navadnega sladkorja,<br \/>\n\ud83d\udc9a odli\u010den za pomo\u010d pri nadzoru nad telesno te\u017eo,<br \/>\n\ud83d\udc9a primeren za diabetike,<br \/>\n\ud83d\udc9a sladilo brez kaloriji,<br \/>\n\ud83d\udc9a brez priokusa.<\/p>\n<p>&nbsp;<\/p>\n","protected":false},"featured_media":4173,"comment_status":"open","ping_status":"closed","template":"","meta":{"_acf_changed":false},"product_brand":[],"product_cat":[15,205,216],"product_tag":[],"class_list":{"0":"post-4498","1":"product","2":"type-product","3":"status-publish","4":"has-post-thumbnail","6":"product_cat-uncategorized","7":"product_cat-caj-hrana-zacimbe","8":"product_cat-vsi-izdelki","10":"first","11":"outofstock","12":"taxable","13":"shipping-taxable","14":"purchasable","15":"product-type-simple"},"acf":[],"_links":{"self":[{"href":"https:\/\/fengchashop.com\/si\/wp-json\/wp\/v2\/product\/4498","targetHints":{"allow":["GET"]}}],"collection":[{"href":"https:\/\/fengchashop.com\/si\/wp-json\/wp\/v2\/product"}],"about":[{"href":"https:\/\/fengchashop.com\/si\/wp-json\/wp\/v2\/types\/product"}],"replies":[{"embeddable":true,"href":"https:\/\/fengchashop.com\/si\/wp-json\/wp\/v2\/comments?post=4498"}],"wp:featuredmedia":[{"embeddable":true,"href":"https:\/\/fengchashop.com\/si\/wp-json\/wp\/v2\/media\/4173"}],"wp:attachment":[{"href":"https:\/\/fengchashop.com\/si\/wp-json\/wp\/v2\/media?parent=4498"}],"wp:term":[{"taxonomy":"product_brand","embeddable":true,"href":"https:\/\/fengchashop.com\/si\/wp-json\/wp\/v2\/product_brand?post=4498"},{"taxonomy":"product_cat","embeddable":true,"href":"https:\/\/fengchashop.com\/si\/wp-json\/wp\/v2\/product_cat?post=4498"},{"taxonomy":"product_tag","embeddable":true,"href":"https:\/\/fengchashop.com\/si\/wp-json\/wp\/v2\/product_tag?post=4498"}],"curies":[{"name":"wp","href":"https:\/\/api.w.org\/{rel}","templated":true}]}}