{"id":4489,"date":"2022-03-11T19:29:12","date_gmt":"2022-03-11T18:29:12","guid":{"rendered":"https:\/\/test-fengcha.dweb.si\/product\/omega-3-mascobne-kisline-v-kapsulah-180-kapsul\/"},"modified":"2026-04-10T09:57:59","modified_gmt":"2026-04-10T07:57:59","slug":"omega-3-mascobne-kisline-v-kapsulah","status":"publish","type":"product","link":"https:\/\/fengchashop.com\/si\/izdelek\/omega-3-mascobne-kisline-v-kapsulah\/","title":{"rendered":"Omega 3 ma\u0161\u010dobne kisline v kapsulah 180 kapsul"},"content":{"rendered":"<h2><span style=\"color: #000000\">Omega 3 ma\u0161\u010dobne kisline<\/span><\/h2>\n<p><span style=\"color: #000000\">Omega 3 ma\u0161\u010dobne kisline so za \u010dloveka<strong> esencialne kisline<\/strong>, ki pa jih telo samo ne more proizvajati. Ker so nujno potrebna<strong> za pravilno delovanje ve\u010d procesov v organizmu<\/strong>, jih je potrebno u\u017eivati s primerno prehrano, bogato s temi dragocenimi ma\u0161\u010dobami. \u010ce pa s prehrano ne zau\u017eijemo dovolj omega 3 ma\u0161\u010dobnih kislin, je eden od najbolj u\u010dinkovitih in hkrati preprostih na\u010dinov jemanje prehranskega dopolnila. Pri tem se moramo zavedati, da je na trgu izjemno veliko ponudbe, ni pa vsako prehransko dopolnilo z ribjim oljem (ali iz rastlinskih virov) dovolj dobro. Predvsem moramo biti pozorni, \u010de nameravamo prehransko dopolnilo jemati dalj\u0161e \u010dasovno obdobje. Ne\u010disto\u010de in nepotrebni, lahko celo \u0161kodljivi dodatki, lahko naredijo ve\u010d \u0161kode kot koristi.<\/span><\/p>\n<p><span style=\"color: #000000\">Na\u0161e kapsule omega 3 ma\u0161\u010dobnih kislin <strong>so iz naj\u010distej\u0161iega ribjega olja.<\/strong> Iz rib iz divjih voda, primerno predelane in ujete v softgel kapsule, ki so manj\u0161e, hkrati pa oblikovane za la\u017eje po\u017eiranje. So vrhunsko prehransko dopolnilo iz najbolj\u0161ih sestavin. <strong>Ne povzro\u010dajo spahovanja in nimajo mote\u010dega okusa po ribah.<\/strong><\/span><\/p>\n<h2><span style=\"color: #000000\">Kak\u0161ne so koristi jemanja omega 3 ma\u0161\u010dobnih kislin?<\/span><\/h2>\n<p><span style=\"color: #000000\">Omega 3 ma\u0161\u010dobne kisline imajo vsaj dve pomembni vlogi v na\u0161em telesu. Raziskave so namre\u010d pokazale, da vplivajo na<strong> pravilno delovanje kardiovaskularnega sistema<\/strong> in <strong>zmanj\u0161ujejo vnetja<\/strong>. \u010ce strnemo torej nekaj u\u010dinkov, ki jih ima u\u017eivanje omega 3 ma\u0161\u010dobnih kislin, ugotovimo, da:<\/span><\/p>\n<p><span style=\"color: #000000\">\ud83d\udc9a Prispevajo k <em>normalnemu delovanju srca in sr\u010dno-\u017eilnega sistema<\/em>, vklju\u010dno z uravnavanjem bitja srca in kot<strong> pomo\u010d pri uravnavanju krvnega pritiska in holesterola.<\/strong><\/span><br \/>\n<span style=\"color: #000000\">\ud83d\udc9a Prispevajo <strong>k vzdr\u017eevanju normalnega vida.<\/strong><\/span><br \/>\n<span style=\"color: #000000\">\ud83d\udc9a Prispevajo k<strong> ohranjanju normalnega delovanja mo\u017eganov,<\/strong> vklju\u010dno z delovanjem spomina in uravnavanjem razpolo\u017eenja in \u010dustvenega ravnovesja.<\/span><br \/>\n<span style=\"color: #000000\">\ud83d\udc9a Prispevajo k vzdr\u017eevanju<strong> normalne ravni trigliceridov v krvi.<\/strong><\/span><br \/>\n<span style=\"color: #000000\">\ud83d\udc9a Spodbujajo <strong>pravilno delovanje imunskega sistema.<\/strong><\/span><br \/>\n<span style=\"color: #000000\">\ud83d\udc9a Uravnavajo razpolo\u017eenje in kognitivne (vedenjske) funkcije.<\/span><br \/>\n<span style=\"color: #000000\">\ud83d\udc9a So izredno<strong> pomembne za zdravo nose\u010dnost in zdrav razvoj \u0161e nerojenega in dojenega otroka.<\/strong> Za spodbujanje mo\u010dnej\u0161ih intelektualnih, motori\u010dnih in vizualnih sposobnosti otroka, za bolj\u0161i spomin in pozornost ter za prepre\u010devanje vedenjskih motenj in prepre\u010devanje razvoja alergij na hrano.<\/span><br \/>\n<span style=\"color: #000000\">\ud83d\udc9a <strong>Pomagajo izbolj\u0161ati simptome avtoimunskih bolezni<\/strong> in ADHD pri otrocih.<\/span><br \/>\n<span style=\"color: #000000\">\ud83d\udc9a Naravno hidrirajo na\u0161o ko\u017eo in lase ter jim dajejo zdrav videz.<\/span><br \/>\n<span style=\"color: #000000\">\ud83d\udc9a <strong>Zmanj\u0161ujejo vnetja;<\/strong> zaradi le-tega laj\u0161a tudi te\u017eava s ko\u017eo, kot je na primer ekcem, akne, rozacea in psoriaza.<\/span><br \/>\n<span style=\"color: #000000\">\ud83d\udc9a <strong>Omogo\u010dajo hitrej\u0161o regeneracijo mi\u0161ic<\/strong> po napornih \u0161portnih treningih ali drugih fizi\u010dnih aktivnostih; prepre\u010duje tudi izgubo mi\u0161ic in hkrati pove\u010duje izgubo ma\u0161\u010dobnih zalog.<\/span><\/p>\n<h2><span style=\"color: #000000\">Zakaj izbrati ravno na\u0161e Omega 3 kapsule?<\/span><\/h2>\n<p><span style=\"color: #000000\">U\u017eivanje omega 3 ma\u0161\u010dobnih kislin je \u017ee samo po sebi dobra investicija za na\u0161e telesno in mentalno zdravje. Z izbiro \u010distega in \u010dimbolj naravnega dopolnila, kakr\u0161en je tudi na\u0161, pa lahko koristimo \u0161e druge prednosti, saj:<\/span><\/p>\n<p><span style=\"color: #000000\">\ud83d\udc9a Prehransko dopolnilo <strong>ni narejeno s koncentriranjem ribjega olja<\/strong> in dodajanjem umetnih sestavin. Na\u0161e prehransko dopolnilo je namre\u010d minimalno predelano, veliko bolj naravno, na\u0161e telo pa zato la\u017eje izkoristi njegove prednosti.<\/span><br \/>\n<span style=\"color: #000000\">\ud83d\udc9a <strong>So kapsule brez zna\u010dilnega okusa in vonja<\/strong>. Po njih pa se nam ne bo spahovalo.<\/span><br \/>\n<span style=\"color: #000000\">\ud83d\udc9a Manj\u0161<strong>e softgel kapsule<\/strong> omogo\u010dajo la\u017eje po\u017eiranje.<\/span><br \/>\n<span style=\"color: #000000\">\ud83d\udc9a Vsebujejo minimalno <strong>90 % naravnih trigliceridov<\/strong>, brez etil estrov, ki jih sicer uporabljajo pri proizvodnji koncentriranega ribjega olja \u2013 za zagotavljanje vi\u0161jih vrednosti DHA in EPA od vrednosti, ki so zna\u010dilne za obi\u010dajno ribje olje. Tak\u0161no prehransko dopolnilo je umetno izbolj\u0161ano in zato te\u017eje prebavljivo, manj naravno in pri dolgotrajnem jemanju za na\u0161e telo lahko celo obremenjujo\u010de.<\/span><br \/>\n<span style=\"color: #000000\">\ud83d\udc9a Olje je posebno<strong> \u010disto,<\/strong> narejeno po posebnem postopku filtracije, destilacije in rafinacije.<\/span><br \/>\n<span style=\"color: #000000\">\ud83d\udc9a Vsebujejo minimalno<strong> 65 % dokozaheksaenojske (DHA) in eikozapentaenojske kisline (EPA).<\/strong><\/span><br \/>\n<span style=\"color: #000000\">\ud83d\udc9a Za bolj\u0161o obstojnost je izdelku dodan naravni antioksidant v obliki tokoferola (vitamina E).<\/span><br \/>\n<span style=\"color: #000000\">\ud83d\udc9a Poleg tega so ribe ulovljene po na\u010delih trajnostnega ribolova. Vsako dobaviteljevo pakiranje pa je opremljeno tudi s \u0161tevilko za sledljivost. Zagotovljena je tudi stalna dobava olj najvi\u0161je kakovosti. Le-ta so dosledno \u010dista, varna in brez te\u017eav. Zavezanost \u010distosti, kakovosti in inovativnosti izdelka zagotavlja, da izdelki ustrezajo najvi\u0161jim industrijskim standardom glede varnosti, sledljivosti in trajnosti. Z najni\u017ejimi mejnimi vrednostmi specifikacij je zagotovljeno, da izdelki ustrezajo ali presegajo vse znane svetovne standarde \u010distosti. Brezpogojno jam\u010dimo za doslednost, varnost in \u010distost vsakega izdelka.<\/span><\/p>\n<h2><span style=\"color: #000000\">Shranjevanje in opozorila<\/span><\/h2>\n<p><span style=\"color: #000000\">Shranjujte v suhem in hladnem prostoru pri temperaturi do 25 \u00b0C. Prehransko dopolnilo naj bo nedosegljivo otrokom!<\/span><\/p>\n<p><span style=\"color: #000000\">Ne pozabite na pomembnost raznolike prehrane in zdravega na\u010dina \u017eivljenja, prehransko dopolnilo zato ni nadomestilo za uravnote\u017eeno in raznovrstno prehrano. Priporo\u010dene dnevne koli\u010dine oziroma odmerka se ne sme prekora\u010diti.<\/span><\/p>\n<h2>Pakiranje<\/h2>\n<p>Nepredu\u0161na vre\u010dka z zadrgo, kjer izdelek ohrani vso sve\u017eino in aromo. Embala\u017ea \u0161\u010diti pred svetlobo in zrakom, saj je sestavljena iz ve\u010d slojev za\u0161\u010dite, ki ohranjajo lastnosti vsebine.<\/p>\n<p>Embala\u017ea je zelo prakti\u010dna in omogo\u010da recikliranje.<\/p>\n<h2><span style=\"color: #000000\">Poreklo<\/span><\/h2>\n<p><span style=\"color: #000000\">Norve\u0161ka<\/span><\/p>\n","protected":false},"excerpt":{"rendered":"<p>Omega 3 ma\u0161\u010dobne kisline imajo vsaj dve pomembni vlogi v na\u0161em telesu. Raziskave so namre\u010d pokazale, da vplivajo na pravilno delovanje kardiovaskularnega sistema in zmanj\u0161ujejo vnetja. Omega 3 ma\u0161\u010dobnih kislin:<\/p>\n<p>\ud83d\udc9a prispevajo k normalnemu delovanju srca in sr\u010dno-\u017eilnega sistema, vklju\u010dno z uravnavanjem bitja srca in kot pomo\u010d pri uravnavanju krvnega pritiska in holesterola,<br \/>\n\ud83d\udc9a prispevajo k ohranjanju normalnega delovanja mo\u017eganov, vklju\u010dno z delovanjem spomina in uravnavanjem razpolo\u017eenja in \u010dustvenega ravnovesja,<br \/>\n\ud83d\udc9a prispevajo k vzdr\u017eevanju normalne ravni trigliceridov v krvi,<br \/>\n\ud83d\udc9a spodbujajo pravilno delovanje imunskega sistema,<br \/>\n\ud83d\udc9a zmanj\u0161ujejo vnetja.<\/p>\n","protected":false},"featured_media":4490,"comment_status":"open","ping_status":"closed","template":"","meta":{"_acf_changed":false},"product_brand":[],"product_cat":[15,203,216],"product_tag":[],"class_list":{"0":"post-4489","1":"product","2":"type-product","3":"status-publish","4":"has-post-thumbnail","6":"product_cat-uncategorized","7":"product_cat-minerali-vitamini","8":"product_cat-vsi-izdelki","10":"first","11":"instock","12":"taxable","13":"shipping-taxable","14":"purchasable","15":"product-type-simple"},"acf":[],"_links":{"self":[{"href":"https:\/\/fengchashop.com\/si\/wp-json\/wp\/v2\/product\/4489","targetHints":{"allow":["GET"]}}],"collection":[{"href":"https:\/\/fengchashop.com\/si\/wp-json\/wp\/v2\/product"}],"about":[{"href":"https:\/\/fengchashop.com\/si\/wp-json\/wp\/v2\/types\/product"}],"replies":[{"embeddable":true,"href":"https:\/\/fengchashop.com\/si\/wp-json\/wp\/v2\/comments?post=4489"}],"wp:featuredmedia":[{"embeddable":true,"href":"https:\/\/fengchashop.com\/si\/wp-json\/wp\/v2\/media\/4490"}],"wp:attachment":[{"href":"https:\/\/fengchashop.com\/si\/wp-json\/wp\/v2\/media?parent=4489"}],"wp:term":[{"taxonomy":"product_brand","embeddable":true,"href":"https:\/\/fengchashop.com\/si\/wp-json\/wp\/v2\/product_brand?post=4489"},{"taxonomy":"product_cat","embeddable":true,"href":"https:\/\/fengchashop.com\/si\/wp-json\/wp\/v2\/product_cat?post=4489"},{"taxonomy":"product_tag","embeddable":true,"href":"https:\/\/fengchashop.com\/si\/wp-json\/wp\/v2\/product_tag?post=4489"}],"curies":[{"name":"wp","href":"https:\/\/api.w.org\/{rel}","templated":true}]}}