{"id":4482,"date":"2022-03-11T09:18:33","date_gmt":"2022-03-11T08:18:33","guid":{"rendered":"https:\/\/test-fengcha.dweb.si\/product\/magnezijev-kompleks-v-prahu-500-g\/"},"modified":"2026-04-28T13:29:07","modified_gmt":"2026-04-28T11:29:07","slug":"magnezijev-kompleks-v-prahu","status":"publish","type":"product","link":"https:\/\/fengchashop.com\/si\/izdelek\/magnezijev-kompleks-v-prahu\/","title":{"rendered":"Magnezijev kompleks v prahu 200 g"},"content":{"rendered":"<h2 style=\"text-align: justify\"><span style=\"color: #000000\"><b>Magnezijev kompleks v prahu <\/b><\/span><\/h2>\n<p style=\"text-align: justify\"><span style=\"color: #000000\">Magnezij je izjemno pomemben mineral, ki v \u010dlove\u0161kem telesu sodeluje pri ve\u010d kot 300 presnovnih procesih. Pogosto ga imenujejo kar &#8220;<b>kralj mineralov<\/b>&#8220;, saj ima <b>klju\u010dno vlogo pri delovanju mi\u0161ic, \u017eiv\u010dnega sistema in ohranjanju zdravih kosti<\/b>. Pomaga prepre\u010devati mi\u0161i\u010dne kr\u010de, zmanj\u0161uje utrujenost in iz\u010drpanost ter prispeva k normalnemu psihi\u010dnemu delovanju. Zaradi hitrega tempa sodobnega \u017eivljenja \u2013 stresa, neustrezne prehrane in pomanjkanja spanja \u2013 mnogi posegajo po prehranskih dopolnilih z magnezijem.<\/span><\/p>\n<p style=\"text-align: justify\"><span style=\"color: #000000\">\u010ceprav se magnezij naravno nahaja v \u0161tevilnih \u017eivilih, kot so zelena listnata zelenjava, ore\u0161\u010dki, semena, ribe in polnozrnata \u017eita, ga pogosto porabimo ve\u010d, kot ga vnesemo s hrano. Pove\u010dane potrebe po magneziju imajo \u0161portniki, nose\u010dnice, starej\u0161i ljudje in posamezniki pod ve\u010djim telesnim ali du\u0161evnim stresom.<\/span><\/p>\n<p style=\"text-align: justify\"><span style=\"color: #000000\">Z magnezijevim kompleksom boste telesu zagotovili optimalno podporo za bolj\u0161e po\u010dutje, ve\u010d energije in zdravo delovanje mi\u0161ic, kosti ter \u017eiv\u010dnega sistema.<\/span><\/p>\n<h2 style=\"text-align: justify\"><span style=\"color: #000000\"><b>Zakaj magnezijev kompleks?<\/b><\/span><\/h2>\n<p style=\"text-align: justify\"><span style=\"color: #000000\">Magnezijev kompleks zdru\u017euje<strong> \u0161tiri visokokakovostne oblike magnezija \u2013 magnezijev bisglicinat, magnezijev citrat, magnezijev malat in magnezijev taurat<\/strong>. Vsaka od teh oblik ima svoje specifi\u010dne lastnosti in koristi, zato njihova kombinacija omogo\u010da optimalno absorpcijo in u\u010dinkovitost.<\/span><\/p>\n<h2 style=\"text-align: justify\"><span style=\"color: #000000\"><b>Prednosti magnezijevega kompleksa<\/b><\/span><\/h2>\n<p style=\"text-align: justify\"><span style=\"color: #000000\"><b>\ud83d\udc9a Magnezij:<\/b><\/span><\/p>\n<ul style=\"text-align: justify\">\n<li><span style=\"color: #000000\">prispeva k zmanj\u0161evanju utrujenosti in iz\u010drpanosti<\/span><\/li>\n<li><span style=\"color: #000000\">prispeva k ravnote\u017eju elektrolitov<\/span><\/li>\n<li><span style=\"color: #000000\">prispeva k spro\u0161\u010danju energije pri presnovi<\/span><\/li>\n<li><span style=\"color: #000000\">prispeva k delovanju \u017eiv\u010dnega sistema<\/span><\/li>\n<li><span style=\"color: #000000\">prispeva k delovanju mi\u0161ic<\/span><\/li>\n<li><span style=\"color: #000000\">ima vlogo pri sintezi beljakovin<\/span><\/li>\n<li><span style=\"color: #000000\">prispeva k normalnemu psiholo\u0161kemu delovanju<\/span><\/li>\n<li><span style=\"color: #000000\">prispeva k ohranjanju zdravih kosti in zob<\/span><\/li>\n<li><span style=\"color: #000000\">ima vlogo pri delitvi celic<\/span><\/li>\n<\/ul>\n<p>&nbsp;<\/p>\n<p style=\"text-align: justify\"><span style=\"color: #000000\"><b>\ud83d\udc9a Vitamin B6:<\/b><\/span><\/p>\n<ul style=\"text-align: justify\">\n<li><span style=\"color: #000000\">ma vlogo pri sintezi cisteina<\/span><\/li>\n<li><span style=\"color: #000000\">prispeva k spro\u0161\u010danju energije pri presnovi<\/span><\/li>\n<li><span style=\"color: #000000\">prispeva k delovanju \u017eiv\u010dnega sistema<\/span><\/li>\n<li><span style=\"color: #000000\">prispeva k presnovi homocisteina<\/span><\/li>\n<li><span style=\"color: #000000\">ima vlogo pri presnovi beljakovin in glikogena<\/span><\/li>\n<li><span style=\"color: #000000\">prispeva k normalnemu psiholo\u0161kemu delovanju<\/span><\/li>\n<li><span style=\"color: #000000\">ima vlogo pri nastajanju rde\u010dih krvni\u010dk<\/span><\/li>\n<li><span style=\"color: #000000\">ima vlogo pri delovanju imunskega sistema<\/span><\/li>\n<li><span style=\"color: #000000\">prispeva k zmanj\u0161evanju utrujenosti in iz\u010drpanosti<\/span><\/li>\n<li><span style=\"color: #000000\">ima vlogo pri uravnavanju delovanja hormonov<\/span><\/li>\n<\/ul>\n<p style=\"text-align: justify\"><span style=\"color: #000000\">Zadosten vnos magnezija lahko pomembno vpliva na prepre\u010devanje teh te\u017eav ter izbolj\u0161a splo\u0161no po\u010dutje in zdravje.<\/span><\/p>\n<h2 style=\"text-align: justify\"><span style=\"color: #000000\"><b>Shranjevanje in opozorila<\/b><\/span><\/h2>\n<p style=\"text-align: justify\"><span style=\"color: #000000\">Shranjujemo v suhem prostoru pri temperaturi do 25 \u00b0C, za\u0161\u010diteno pred vlago in svetlobo. Poskrbimo, da je vre\u010dka ali \u0161atulja dobro zaprta.<\/span><\/p>\n<p style=\"text-align: justify\"><span style=\"color: #000000\">Izdelek ni primeren za otroke, mladino, nose\u010de in doje\u010de matere. Diabetiki, osebe z glukozno intoleranco, osebe, ki se zdravijo s kumarinskimi antikoagulanti ter osebe z znanimi\u00a0 ardiovaskularnimi boleznimi ter astmatiki, naj se zaradi previdnosti, o uporabi izdelka posvetujejo z zdravnikom. V primeru slabosti, abdominalne bole\u010dine, slabe prebave, driske, zaprtja, omotice, zaspanosti in glavobola, izpu\u0161\u010dajev, srbenja ali pordelosti ko\u017ee prenehajte z jemanjem izdelka.<\/span><\/p>\n<p><span style=\"color: #000000\">Prehransko dopolnilo naj bo nedosegljivo otrokom! <\/span><span style=\"color: #000000\">Ne pozabite na pomembnost raznolike prehrane in zdravega na\u010dina \u017eivljenja, prehransko dopolnilo zato ni nadomestilo za uravnote\u017eeno in raznovrstno prehrano. Priporo\u010dene dnevne koli\u010dine oziroma odmerka se ne sme prekora\u010diti. Nose\u010dnicam in doje\u010dim materam ter osebam s prekomernim delovanjem \u0161\u010ditnice uporabo odsvetujemo.<\/span><\/p>\n<h2 style=\"text-align: justify\"><span style=\"color: #000000\"><b>Pakiranje<\/b><\/span><\/h2>\n<p style=\"text-align: justify\"><span style=\"color: #000000\">Nepredu\u0161na vre\u010dka z zadrgo ali \u0161atulja, kjer izdelek ohrani vso sve\u017eino in aromo. Embala\u017ea \u0161\u010diti pred svetlobo in zrakom. Sestavljena je iz ve\u010d slojev za\u0161\u010dite, ki ohranjajo lastnosti izdelka.<\/span><\/p>\n<p><span style=\"color: #000000\">Embala\u017ea je zelo prakti\u010dna in omogo\u010da recikliranje.<\/span><\/p>\n<h2 style=\"text-align: justify\"><span style=\"color: #000000\"><b>Poreklo<\/b><\/span><\/h2>\n<p style=\"text-align: justify\"><span style=\"color: #000000\">Sestavine magnezijevega kompleksa izvirajo iz EU in izven EU, skrbno izbrane za zagotavljanje najvi\u0161je kakovosti.<\/span><\/p>\n","protected":false},"excerpt":{"rendered":"<p align=\"JUSTIFY\"><span style=\"color: #000000\">Prehransko dopolnilo s sladili. Magnezijev kompleks zdru\u017euje<strong> \u0161tiri visokokakovostne oblike magnezija \u2013 magnezijev bisglicinat, magnezijev citrat, magnezijev malat in magnezijev taurat<\/strong><\/span><\/p>\n<p>\ud83d\udc9a Prispeva k zmanj\u0161anju utrujenosti in iz\u010drpanosti.<br \/>\n\ud83d\udc9a Podpira ravnovesje elektrolitov, ki jih potrebujemo predvsem pri fizi\u010dnem naporu.<br \/>\n\ud83d\udc9a Ugodno vpliva na \u017eiv\u010dni sistem.<br \/>\n\ud83d\udc9a Prispeva k normalnemu delovanja mi\u0161ic, normalnim psiholo\u0161kim funkcijam.<br \/>\n\ud83d\udc9a Ohranja zdrave kosti in zobe.<\/p>\n","protected":false},"featured_media":4483,"comment_status":"open","ping_status":"closed","template":"","meta":{"_acf_changed":false},"product_brand":[],"product_cat":[15,203,218,216],"product_tag":[],"class_list":{"0":"post-4482","1":"product","2":"type-product","3":"status-publish","4":"has-post-thumbnail","6":"product_cat-uncategorized","7":"product_cat-minerali-vitamini","8":"product_cat-najbolj-prodajano","9":"product_cat-vsi-izdelki","11":"first","12":"instock","13":"sale","14":"taxable","15":"shipping-taxable","16":"purchasable","17":"product-type-simple"},"acf":[],"_links":{"self":[{"href":"https:\/\/fengchashop.com\/si\/wp-json\/wp\/v2\/product\/4482","targetHints":{"allow":["GET"]}}],"collection":[{"href":"https:\/\/fengchashop.com\/si\/wp-json\/wp\/v2\/product"}],"about":[{"href":"https:\/\/fengchashop.com\/si\/wp-json\/wp\/v2\/types\/product"}],"replies":[{"embeddable":true,"href":"https:\/\/fengchashop.com\/si\/wp-json\/wp\/v2\/comments?post=4482"}],"wp:featuredmedia":[{"embeddable":true,"href":"https:\/\/fengchashop.com\/si\/wp-json\/wp\/v2\/media\/4483"}],"wp:attachment":[{"href":"https:\/\/fengchashop.com\/si\/wp-json\/wp\/v2\/media?parent=4482"}],"wp:term":[{"taxonomy":"product_brand","embeddable":true,"href":"https:\/\/fengchashop.com\/si\/wp-json\/wp\/v2\/product_brand?post=4482"},{"taxonomy":"product_cat","embeddable":true,"href":"https:\/\/fengchashop.com\/si\/wp-json\/wp\/v2\/product_cat?post=4482"},{"taxonomy":"product_tag","embeddable":true,"href":"https:\/\/fengchashop.com\/si\/wp-json\/wp\/v2\/product_tag?post=4482"}],"curies":[{"name":"wp","href":"https:\/\/api.w.org\/{rel}","templated":true}]}}