{"id":4479,"date":"2022-03-11T08:08:31","date_gmt":"2022-03-11T07:08:31","guid":{"rendered":"https:\/\/test-fengcha.dweb.si\/product\/zeolit-v-kapsulah-240-kapsul\/"},"modified":"2026-04-30T04:21:00","modified_gmt":"2026-04-30T02:21:00","slug":"zeolit-v-kapsulah","status":"publish","type":"product","link":"https:\/\/fengchashop.com\/si\/izdelek\/zeolit-v-kapsulah\/","title":{"rendered":"Zeolit v kapsulah 240 kapsul"},"content":{"rendered":"<h2><span style=\"color: #000000;\">Zeolit klinoptilolit v kapsulah<\/span><\/h2>\n<p><span style=\"color: #000000;\">Vulkanska kamnina zeolit spada med <strong>najmo\u010dnej\u0161e naravne razstrupljevalce na svetu<\/strong> (detoksikator). Naravna kamnina zeolit v obliki u\u017eitnega<strong> vulkanskega minerala klinoptilolita<\/strong> pomaga o\u010distiti telo okoljskih in prehranskih strupov.<\/span><\/p>\n<p><span style=\"color: #000000;\">Nastal je v \u010dasu velikih vulkanskih izbruhov in ima sposobnost vezati nase strupe, ostanke pesticidov in te\u017ekih kovin. Predstavlja lahko tudi odli\u010dno alternativo nekaterim zdravilom. Obstaja ve\u010d vrst zeolitov, med katerimi je <strong>aktivirana kristalna oblika klinoptilolit najbolj cenjena in raziskana.<\/strong> Kristali vsebujejo \u017eivljenjsko pomembne minerale: natrij, kalcij, kalij, magnezij, \u017eelezo in ostale elemente.<\/span><\/p>\n<p><span style=\"color: #000000;\">Posebno lastnost mu dajejo <strong>negativne ionske izmenjave<\/strong>. S pomo\u010djo zeolita klinoptilolita izlo\u010damo strupe in \u0161kodljive snovi, ki nam kradejo energijo: svinec, arzen, kadmij, nikelj, uran, \u017eivo srebro, amoniak &#8230; Pa tudi ostanke zdravil, patogene bakterije in viruse.<\/span><\/p>\n<p><span style=\"color: #000000;\">Zeolit<strong> je \u017ee aktiviran<\/strong> s pomo\u010djo posebnega postopka. Segrevajo ga namre\u010d na 250\u2013400 stopinj Celzija. Potem ga z mlini na kamen ve\u010dkrat meljejo do \u017eeljene granulacije. To je<strong> samo 5 \u00b5m<\/strong>, kar je bistveno manj, kot ve\u010dina ostalih zeolitov na trgu. Tako majhne granulacije na\u0161e telo najla\u017eje izkoristi.<\/span><\/p>\n<p><span style=\"color: #000000;\">NOVO: Ponujamo vam ga v obliki kapsul. U\u017eivanje tak\u0161nega zeolita je veliko bolj prakti\u010dno.<\/span><\/p>\n<h2><span style=\"color: #000000;\">Bodimo pozorni na deklaracije in zagotovila prodajalca. Pri nakupu zeolita je pomembo, da preverimo:<\/span><\/h2>\n<p><span style=\"color: #000000;\">\ud83d\udc9a<strong> Sestava:<\/strong> Edina sprejemljiva oblika za u\u017eivanje vulkanske kamnine, ki ji pravimo zeolit, je oblika klinoptilolit. Na\u0161 je 93 % \u010dist, kar je izredno visok odstotek \u010distosti.<\/span><br \/>\n<span style=\"color: #000000;\">\ud83d\udc9a <strong>Aktiviranost:<\/strong> \u010ce \u017eelimo izkoristiti prednosti razstrupljanja s pomo\u010djo zeolita, mora biti le-ta aktiviran.<\/span><br \/>\n<span style=\"color: #000000;\">\ud83d\udc9a<strong> Granulacija<\/strong>: Pomemben je tudi podatek o granulaciji \u2013 manj\u0161a kot je, bolj je primerna, saj le granulacije, ki so ni\u017eje od 10 \u00b5m lahko pozitivno vplivajo na na\u0161e razstrupljanje. Mi vam ponujamo zeolit granulacije 5 \u00b5m.<\/span><\/p>\n<h2><span style=\"color: #000000;\">Zakaj kupiti na\u0161 zeolit?<\/span><\/h2>\n<p><span style=\"color: #000000;\">\ud83d\udc9a Na\u0161 izdelek je 100 % naraven vulkanski zeolit, ki mu v postopku predelave niso bili dodani nobeni umetni dodatki.<\/span><br \/>\n<span style=\"color: #000000;\">\ud83d\udc9a Na\u0161 zeolit je \u017ee aktiviran.<\/span><br \/>\n<span style=\"color: #000000;\">\ud83d\udc9a Granulacija je samo 5 \u00b5m. <\/span><br \/>\n<span style=\"color: #000000;\">\ud83d\udc9a Nudimo 100 % garancijo na zadovoljstvo.<\/span><br \/>\n<span style=\"color: #000000;\">\ud83d\udc9a Imamo odli\u010dno ceno, \u0161e posebno na ve\u010dja (tudi kilogramska) pakiranja.<\/span><br \/>\n<span style=\"color: #000000;\">\ud83d\udc9a Izdelek ima neomejen rok uporabe.<\/span><\/p>\n<h2><span style=\"color: #000000;\">Pakiranje<\/span><\/h2>\n<p><span style=\"color: #000000;\">Izdelek je pakiran v nepredu\u0161ni vre\u010dki z zadrgo, kjer ohrani vso sve\u017eino in aromo. Embala\u017ea \u0161\u010diti pred svetlobo in zrakom, saj je sestavljena iz ve\u010d slojev za\u0161\u010dite, ki ohranjajo lastnosti vsebine.<\/span><\/p>\n<p><span style=\"color: #000000;\">Embala\u017ea je zelo prakti\u010dna in omogo\u010da recikliranje.<\/span><\/p>\n<h2><span style=\"color: #000000;\">Shranjevanje in opozorila<\/span><\/h2>\n<p><span style=\"color: #000000;\">Shranjujte v suhem in hladnem prostoru. Poskrbimo, da je izdelek nedosegljiv otrokom.<\/span><\/p>\n<h2><span style=\"color: #000000;\">Poreklo<\/span><\/h2>\n<p><span style=\"color: #000000;\">Srbija ali EU<\/span><\/p>\n<h2><span style=\"color: #000000;\">Certifikati<\/span><\/h2>\n<p><span style=\"color: #000000;\">Imamo opravljene analize na te\u017eke kovine, radioaktivne analize in ostale potrebne kemijske analize. Izdelek je po vseh teh merilih varen.<\/span><\/p>\n","protected":false},"excerpt":{"rendered":"<p align=\"JUSTIFY\">Vulkanska kamnina zeolit spada med najmo\u010dnej\u0161e naravne razstrupljevalce na svetu (detoksikator). Naravna kamnina zeolit v obliki u\u017eitnega vulkanskega minerala klinoptilolita pomaga o\u010distiti telo okoljskih in prehranskih strupov. Nastal je v \u010dasu velikih vulkanskih izbruhov in ima sposobnost vezati nase strupe, ostanke pesticidov in te\u017eki kovin. Predstavlja lahko tudi odli\u010dno alternativo nekaterim zdravilom. Obstaja ve\u010d vrst zeolitov, med katerimi je aktivirana kristalna oblika klinoptilolit najbolj cenjena in raziskana. Kristali vsebujejo \u017eivljenjsko pomembne minerale: natrij, kalcij, kalij, magnezij, \u017eelezo in ostale elemente.<\/p>\n","protected":false},"featured_media":4480,"comment_status":"open","ping_status":"closed","template":"","meta":{"_acf_changed":false},"product_brand":[],"product_cat":[15,218,220,216,197],"product_tag":[],"class_list":{"0":"post-4479","1":"product","2":"type-product","3":"status-publish","4":"has-post-thumbnail","6":"product_cat-uncategorized","7":"product_cat-najbolj-prodajano","8":"product_cat-spet-na-zalogi","9":"product_cat-vsi-izdelki","10":"product_cat-zeolit","12":"first","13":"instock","14":"sale","15":"taxable","16":"shipping-taxable","17":"purchasable","18":"product-type-simple"},"acf":[],"_links":{"self":[{"href":"https:\/\/fengchashop.com\/si\/wp-json\/wp\/v2\/product\/4479","targetHints":{"allow":["GET"]}}],"collection":[{"href":"https:\/\/fengchashop.com\/si\/wp-json\/wp\/v2\/product"}],"about":[{"href":"https:\/\/fengchashop.com\/si\/wp-json\/wp\/v2\/types\/product"}],"replies":[{"embeddable":true,"href":"https:\/\/fengchashop.com\/si\/wp-json\/wp\/v2\/comments?post=4479"}],"wp:featuredmedia":[{"embeddable":true,"href":"https:\/\/fengchashop.com\/si\/wp-json\/wp\/v2\/media\/4480"}],"wp:attachment":[{"href":"https:\/\/fengchashop.com\/si\/wp-json\/wp\/v2\/media?parent=4479"}],"wp:term":[{"taxonomy":"product_brand","embeddable":true,"href":"https:\/\/fengchashop.com\/si\/wp-json\/wp\/v2\/product_brand?post=4479"},{"taxonomy":"product_cat","embeddable":true,"href":"https:\/\/fengchashop.com\/si\/wp-json\/wp\/v2\/product_cat?post=4479"},{"taxonomy":"product_tag","embeddable":true,"href":"https:\/\/fengchashop.com\/si\/wp-json\/wp\/v2\/product_tag?post=4479"}],"curies":[{"name":"wp","href":"https:\/\/api.w.org\/{rel}","templated":true}]}}