{"id":4477,"date":"2022-03-10T19:26:13","date_gmt":"2022-03-10T18:26:13","guid":{"rendered":"https:\/\/test-fengcha.dweb.si\/product\/rozic-v-prahu-bio-500-g\/"},"modified":"2026-03-05T16:38:45","modified_gmt":"2026-03-05T15:38:45","slug":"rozic-v-prahu-bio","status":"publish","type":"product","link":"https:\/\/fengchashop.com\/si\/izdelek\/rozic-v-prahu-bio\/","title":{"rendered":"Ro\u017ei\u010d v prahu BIO 500 g"},"content":{"rendered":"<h2><span style=\"color: #000000;\">Ro\u017ei\u010d v prahu BIO<\/span><\/h2>\n<p><span style=\"color: #000000;\">Ro\u017ei\u010devec je sredozemsko drevo, ki spada med stro\u010dnice. Stroki so v postopku predelave najprej posu\u0161eni, nato zdrobljeni, ne\u017eno pra\u017eeni na temperaturi do 150 \u00b0C in na koncu zmleti v prah. Ro\u017ei\u010d je predvsem <strong>bogat s prehranskimi vlakninami, ki so pomembne za na\u0161o prebavo in zdravo \u010drevesje<\/strong>, kar pa pozitivno vpliva tudi na na\u0161e zdravje. Je tudi <strong>izredno hranljiv, saj vsebuje magnezij, kalij, \u017eelezo, kalcij, niacin, baker in vitamine<\/strong>. Zaradi <strong>vsebnosti polifenolov<\/strong> pa je u\u017eivanje ro\u017ei\u010da lahko koristno za na\u0161e srce in o\u017eilje.<\/span><\/p>\n<p><span style=\"color: #000000;\">Ro\u017ei\u010d se domnevno v prehrani uporablja \u017ee ve\u010d kot 4000 let. <\/span><span style=\"color: #000000;\">Vonj in okus ro\u017ei\u010da v prahu spominjata na kakav in cimet. Ro\u017ei\u010d je naravno sladek in ne grenak kot kakav.<\/span><\/p>\n<p><span style=\"color: #000000;\">Na\u0161 ro\u017ei\u010d v prahu je iz ekolo\u0161ke pridelave. V primerjavi z ve\u010dino ro\u017ei\u010devih mok, ki jih dobite na trgovskih policah, je na\u0161 ro\u017ei\u010d bistveno bolj fino mlet in zato vsestransko uporaben.<\/span><\/p>\n<p>&nbsp;<\/p>\n<h2><span style=\"color: #000000;\">Pakiranje<\/span><\/h2>\n<p><span style=\"color: #000000;\">Nepredu\u0161na vre\u010dka z zadrgo, kjer izdelek ohrani vso sve\u017eino in aromo. Embala\u017ea \u0161\u010diti pred svetlobo in zrakom, saj je sestavljena iz ve\u010d slojev za\u0161\u010dite, ki ohranjajo lastnosti vsebine.<\/span><\/p>\n<p><span style=\"color: #000000;\">Embala\u017ea je zelo prakti\u010dna in omogo\u010da recikliranje.<\/span><\/p>\n<h2><span style=\"color: #000000;\">Poreklo<\/span><\/h2>\n<p><span style=\"color: #000000;\">\u0160panija<\/span><\/p>\n","protected":false},"excerpt":{"rendered":"<p>Ro\u017ei\u010devec je sredozemsko drevo, ki spada med stro\u010dnice. Stroki so v postopku predelave najprej posu\u0161eni, nato zdrobljeni, ne\u017eno pra\u017eeni na temperaturi do 150 \u00b0C in na koncu zmleti v prah.<\/p>\n<p>\ud83d\udc9aRo\u017ei\u010d je predvsem bogat s prehranskimi vlakninami, ki so pomembne za na\u0161o prebavo in zdravo \u010drevesje, kar pa pozitivno vpliva tudi na na\u0161e zdravje.<br \/>\n\ud83d\udc9a Je tudi izredno hranljiv, saj vsebuje magnezij, kalij, \u017eelezo, kalcij, niacin, baker in vitamine.<br \/>\n\ud83d\udc9a Zaradi vsebnosti polifenolov pa je u\u017eivanje ro\u017ei\u010da lahko koristno za na\u0161e srce in o\u017eilje.<\/p>\n<p>&nbsp;<\/p>\n","protected":false},"featured_media":4163,"comment_status":"open","ping_status":"closed","template":"","meta":{"_acf_changed":false},"product_brand":[],"product_cat":[15,205,216],"product_tag":[],"class_list":{"0":"post-4477","1":"product","2":"type-product","3":"status-publish","4":"has-post-thumbnail","6":"product_cat-uncategorized","7":"product_cat-caj-hrana-zacimbe","8":"product_cat-vsi-izdelki","10":"first","11":"outofstock","12":"taxable","13":"shipping-taxable","14":"purchasable","15":"product-type-simple"},"acf":[],"_links":{"self":[{"href":"https:\/\/fengchashop.com\/si\/wp-json\/wp\/v2\/product\/4477","targetHints":{"allow":["GET"]}}],"collection":[{"href":"https:\/\/fengchashop.com\/si\/wp-json\/wp\/v2\/product"}],"about":[{"href":"https:\/\/fengchashop.com\/si\/wp-json\/wp\/v2\/types\/product"}],"replies":[{"embeddable":true,"href":"https:\/\/fengchashop.com\/si\/wp-json\/wp\/v2\/comments?post=4477"}],"wp:featuredmedia":[{"embeddable":true,"href":"https:\/\/fengchashop.com\/si\/wp-json\/wp\/v2\/media\/4163"}],"wp:attachment":[{"href":"https:\/\/fengchashop.com\/si\/wp-json\/wp\/v2\/media?parent=4477"}],"wp:term":[{"taxonomy":"product_brand","embeddable":true,"href":"https:\/\/fengchashop.com\/si\/wp-json\/wp\/v2\/product_brand?post=4477"},{"taxonomy":"product_cat","embeddable":true,"href":"https:\/\/fengchashop.com\/si\/wp-json\/wp\/v2\/product_cat?post=4477"},{"taxonomy":"product_tag","embeddable":true,"href":"https:\/\/fengchashop.com\/si\/wp-json\/wp\/v2\/product_tag?post=4477"}],"curies":[{"name":"wp","href":"https:\/\/api.w.org\/{rel}","templated":true}]}}