{"id":4462,"date":"2022-03-10T10:15:47","date_gmt":"2022-03-10T09:15:47","guid":{"rendered":"https:\/\/test-fengcha.dweb.si\/product\/goji-jagode-bio-500-g\/"},"modified":"2026-04-29T22:01:00","modified_gmt":"2026-04-29T20:01:00","slug":"goji-jagode-bio","status":"publish","type":"product","link":"https:\/\/fengchashop.com\/si\/izdelek\/goji-jagode-bio\/","title":{"rendered":"Goji jagode BIO 500 g"},"content":{"rendered":"<h2><span style=\"color: #000000\">Goji jagode BIO<\/span><\/h2>\n<p><span style=\"color: #000000\">Goji jagode, v\u010dasih imenovane tudi vol\u010dje jagode, rde\u010di diamanti ali zakonsko vino, so superjagode, ki rastejo na visokem kitajskem grmu. Po obliki \u0161e najbolj spominjajo na \u0161ipek. V preteklosti so na Kitajskem veljale za sadje s super mo\u010djo in so z njimi zdravili kralje ter hranili bojevnike pred boji. V<strong> tradicionalni kitajski medicini, kjer se uporabljajo \u017ee ve\u010d kot 2500 let<\/strong>. Uporablja pa se jih tudi za dvig energije in libida. V zdravilne namene se uporabljajo \u0161e drugi deli rastline, kot so semena, cvetovi, korenine in listi.<\/span><\/p>\n<p><span style=\"color: #000000\">Goji jagode naj bi poleg ginsenga in reishi gob redno u\u017eival v obliki \u010daja tudi <strong>Li Quing Yuena.<\/strong> Najbolje dokumentiran primer dolgo\u017eivosti v vsej zgodovini, saj naj bi Kitajec \u017eivel kar 256 let.<\/span><\/p>\n<p><span style=\"color: #000000\"><strong>Sodobne raziskave ka\u017eejo, da so goji jagode resni\u010dno dobre za krepitev celega telesa<\/strong>, dobre so tudi za na\u0161e zdravje. Vsebujejo izredno<strong> veliko antioksidantov<\/strong>, ki dokazano pozitivno delujejo na nas, saj nas obvarujejo pred oksidativnim stresom, ki je mnogokrat vzrok za sodobne bolezni.<\/span><\/p>\n<p><strong><span style=\"color: #000000\">Majhni rde\u010di plodovi tako vsebujejo:<\/span><\/strong><\/p>\n<p><span style=\"color: #000000\">\ud83d\udc9a neverjetne naravne u\u010dinkovine,<\/span><br \/>\n<span style=\"color: #000000\">\ud83d\udc9a karotenoide, polifenole, beljakovine,<\/span><br \/>\n<span style=\"color: #000000\">\ud83d\udc9a polisaharide, ki krepijo imunski sistem, pove\u010dujejo absorpcijo mineralov in pove\u010dujejo vitalnost organizma,<\/span><br \/>\n<span style=\"color: #000000\">\ud83d\udc9a vitamine C, B in E,<\/span><br \/>\n<span style=\"color: #000000\">\ud83d\udc9a lutein in zeaksantin, ki krepita vid ter prepre\u010dujeta njegovo poslab\u0161anje,<\/span><br \/>\n<span style=\"color: #000000\">\ud83d\udc9a antioksidante za zdravje in mladosten videz,<\/span><br \/>\n<span style=\"color: #000000\">\ud83d\udc9a druge vitamine, ki premagujejo \u0161tevilne bolezni.<\/span><\/p>\n<p><span style=\"color: #000000\">Na\u0161e goji jagode so iz <strong>ekolo\u0161ke pridelave.<\/strong> Posu\u0161eni plodovi so rahlo vla\u017eni \u2013 mehka in \u017eve\u010dljiva struktura, kar jih uvr\u0161\u010damo med \u017eivila premium kakovosti. Jagode so zelo okusne. So ve\u010dje in bolj sladkastega okusa. Jedem izbolj\u0161ajo hranilno vrednost in jim dodajo sladek pridih. Okus ni pretirano intenziven, zaradi \u010desar jih brez te\u017eav lahko vklju\u010dimo v vsakodnevne obroke.<\/span><\/p>\n<h2><span style=\"color: #000000\">Shranjevanje<\/span><\/h2>\n<p><span style=\"color: #000000\">Shranjujte v suhem in hladnem prostoru pri temperaturi do 25 \u00b0C. Prehransko dopolnilo naj bo nedosegljivo otrokom!<\/span><\/p>\n<p><span style=\"color: #000000\">Ne pozabite na pomembnost raznolike prehrane in zdravega na\u010dina \u017eivljenja, prehransko dopolnilo zato ni nadomestilo za uravnote\u017eeno in raznovrstno prehrano. Priporo\u010dene dnevne koli\u010dine oziroma odmerka se ne sme prekora\u010diti.<\/span><\/p>\n<p>&nbsp;<\/p>\n<h2><span style=\"color: #000000\">Pakiranje<\/span><\/h2>\n<p><span style=\"color: #000000\">Nepredu\u0161na vre\u010dka z zadrgo, kjer izdelek ohrani vso sve\u017eino in aromo. Embala\u017ea \u0161\u010diti pred svetlobo in zrakom, saj je sestavljena iz ve\u010d slojev za\u0161\u010dite, ki ohranjajo lastnosti vsebine.<\/span><\/p>\n<p><span style=\"color: #000000\">Embala\u017ea je zelo prakti\u010dna in omogo\u010da recikliranje.<\/span><\/p>\n<p>&nbsp;<\/p>\n<h2><span style=\"color: #000000\">Poreklo<\/span><\/h2>\n<p><span style=\"color: #000000\">Kitajska. Imamo zelo zanesljive dobavitelje, ki nam za vsako serijo po\u0161ljejo podrobno kemijsko analizo \u017eivila. V ve\u010d kot desetih letih nismo imeli \u0161e nobenega odpoklica ali kakr\u0161ne koli druge te\u017eave s tem artiklom, pa tudi z drugimi artikli istega dobavitelja ne. Artikel ima 100 % ekolo\u0161ki certifikat.<\/span><\/p>\n","protected":false},"excerpt":{"rendered":"<p>Prehransko dopolnilo. Goji jagode, v\u010dasih imenovane tudi vol\u010dje jagode, rde\u010di diamanti ali zakonsko vino, so superjagode, ki rastejo na visokem kitajskem grmu. V preteklosti so na Kitajskem veljale za sadje s super mo\u010djo in so z njimi zdravili kralje ter hranili bojevnike pred boji.<\/p>\n<p>&nbsp;<\/p>\n","protected":false},"featured_media":4175,"comment_status":"open","ping_status":"closed","template":"","meta":{"_acf_changed":false},"product_brand":[],"product_cat":[15,205,195,216],"product_tag":[],"class_list":{"0":"post-4462","1":"product","2":"type-product","3":"status-publish","4":"has-post-thumbnail","6":"product_cat-uncategorized","7":"product_cat-caj-hrana-zacimbe","8":"product_cat-superhrana","9":"product_cat-vsi-izdelki","11":"first","12":"instock","13":"taxable","14":"shipping-taxable","15":"purchasable","16":"product-type-simple"},"acf":[],"_links":{"self":[{"href":"https:\/\/fengchashop.com\/si\/wp-json\/wp\/v2\/product\/4462","targetHints":{"allow":["GET"]}}],"collection":[{"href":"https:\/\/fengchashop.com\/si\/wp-json\/wp\/v2\/product"}],"about":[{"href":"https:\/\/fengchashop.com\/si\/wp-json\/wp\/v2\/types\/product"}],"replies":[{"embeddable":true,"href":"https:\/\/fengchashop.com\/si\/wp-json\/wp\/v2\/comments?post=4462"}],"wp:featuredmedia":[{"embeddable":true,"href":"https:\/\/fengchashop.com\/si\/wp-json\/wp\/v2\/media\/4175"}],"wp:attachment":[{"href":"https:\/\/fengchashop.com\/si\/wp-json\/wp\/v2\/media?parent=4462"}],"wp:term":[{"taxonomy":"product_brand","embeddable":true,"href":"https:\/\/fengchashop.com\/si\/wp-json\/wp\/v2\/product_brand?post=4462"},{"taxonomy":"product_cat","embeddable":true,"href":"https:\/\/fengchashop.com\/si\/wp-json\/wp\/v2\/product_cat?post=4462"},{"taxonomy":"product_tag","embeddable":true,"href":"https:\/\/fengchashop.com\/si\/wp-json\/wp\/v2\/product_tag?post=4462"}],"curies":[{"name":"wp","href":"https:\/\/api.w.org\/{rel}","templated":true}]}}