{"id":4450,"date":"2022-03-04T09:49:00","date_gmt":"2022-03-04T08:49:00","guid":{"rendered":"https:\/\/test-fengcha.dweb.si\/product\/sisandra-jagode-v-prahu-bio-250-g\/"},"modified":"2026-04-28T10:09:44","modified_gmt":"2026-04-28T08:09:44","slug":"sisandra-jagode-v-prahu-bio","status":"publish","type":"product","link":"https:\/\/fengchashop.com\/si\/izdelek\/sisandra-jagode-v-prahu-bio\/","title":{"rendered":"\u0160isandra jagode v prahu BIO 250 g"},"content":{"rendered":"<h2><span style=\"color: #000000\">\u0160isandra jagode v prahu iz ekolo\u0161ke pridelave<\/span><\/h2>\n<p><span style=\"color: #000000\">\u0160isandra je manj\u0161e drevo ali trta, ki rodi drobne rde\u010de jagode, ki so zaradi u\u010dinkovin mo\u010dno cenjene v tradicionalni kitajski medicini. \u0160isandra je poznana pod imenom <strong>wu wei zi, kar v kitaj\u0161\u010dini pomeni sade\u017e petih okusov, saj majhne rde\u010de jagode v sebi skrivajo sladek, kisel, slan, grenek in pikanten okus.<\/strong> Okusi sovpadajo z osnovnimi petimi energijami: zemljo, lesom, vodo, kovino in ognjem in vplivajo na pet najpomembnej\u0161ih organov \u010dlove\u0161kega telesa \u2013 srce, jetra, plju\u010da, vranico in ledvice.<\/span><\/p>\n<p><span style=\"color: #000000\">\u0160isandra je ena izmed 50 tradicionalnih kitajskih zeli\u0161\u010d, ki so v uporabi<strong> \u017ee ve\u010d kot 2000 let.<\/strong><\/span><\/p>\n<h2><span style=\"color: #000000\">Zakaj je \u0161isandra vedno bolj poznana in priljubljena za\u010dimba?<\/span><\/h2>\n<p><span style=\"color: #000000\">\u0160isandra vsebuje veliko<strong> aktivnih u\u010dinkovin, kot so \u0161isandrini, esencialna olja in vitamini A, C in E<\/strong>, ki sodelujejo v \u0161tevilnih procesih \u010dlove\u0161kega organizma.\u00a0Zaradi pozitivnih u\u010dinkov na ve\u010d sistemov \u010dlove\u0161kega telesa so jo pod drobnogled vzeli \u0161tevilni raziskovalci in ugotovili, da je koristna za ve\u010d razli\u010dnih zdravstvenih te\u017eav. \u0160isandra u\u010dinkuje kot<strong> adaptogen<\/strong> \u2013 to pomeni, da v telesu najde to\u010dko, ki je najbolj \u0161ibka in deluje nanjo, da se zopet vzpostavi ravnovesje. <strong>Deluje pomirjujo\u010de<\/strong> a hkrati spodbuja koncentracijo in budnost.\u00a0<\/span><\/p>\n<h2><span style=\"color: #000000\">Shranjevanje in opozorila<\/span><\/h2>\n<p><span style=\"color: #000000\">Shranjujte v suhem in hladnem prostoru. Prehransko dopolnilo naj bo nedosegljivo otrokom!<\/span><\/p>\n<p><span style=\"color: #000000\">Ne pozabite na pomembnost raznolike prehrane in zdravega na\u010dina \u017eivljenja, prehransko dopolnilo zato ni nadomestilo za uravnote\u017eeno in raznovrstno prehrano. Priporo\u010dene dnevne koli\u010dine oziroma odmerka se ne sme prekora\u010diti. Otrokom, nose\u010dnicam in doje\u010dim materam uporabo odsvetujemo. Osebam, ki jemljejo zdravila, pa pred uporabo svetujemo posvet z zdravnikom.<\/span><\/p>\n<h2><span style=\"color: #000000\">Pakiranje<\/span><\/h2>\n<p><span style=\"color: #000000\">Nepredu\u0161na vre\u010dka z zadrgo, kjer izdelek ohrani vso sve\u017eino in aromo. Embala\u017ea \u0161\u010diti pred svetlobo in zrakom, saj je sestavljena iz ve\u010d slojev za\u0161\u010dite, ki ohranjajo lastnosti vsebine.<\/span><\/p>\n<p><span style=\"color: #000000\">Embala\u017ea je zelo prakti\u010dna in omogo\u010da recikliranje.<\/span><\/p>\n<h2><span style=\"color: #000000\">Poreklo<\/span><\/h2>\n<p><span style=\"color: #000000\">Kitajska. Imamo zelo zanesljive dobavitelje, ki nam za vsako serijo po\u0161ljejo podrobno kemijsko analizo \u017eivila. V ve\u010d kot desetih letih nismo imeli \u0161e nobenega odpoklica ali kakr\u0161ne koli druge te\u017eave s tem artiklom, pa tudi z drugimi artikli istega dobavitelja ne. Artikel ima 100 % ekolo\u0161ki certifikat.<\/span><\/p>\n<p>&nbsp;<\/p>\n<p>&nbsp;<\/p>\n","protected":false},"excerpt":{"rendered":"<p>Prehransko dopolnilo. \u0160isandra je manj\u0161e drevo ali trta, ki rodi drobne rde\u010de jagode, ki so zaradi u\u010dinkovin mo\u010dno cenjene v tradicionalni kitajski medicini. \u0160isandra je poznana pod imenom wu wei zi, kar v kitaj\u0161\u010dini pomeni sade\u017e petih okusov, saj majhne rde\u010de jagode v sebi skrivajo sladek, kisel, slan, grenek in pikanten okus. \u0160isandra je ena izmed 50 tradicionalnih kitajskih zeli\u0161\u010d, ki so v uporabi \u017ee ve\u010d kot 2000 let.<\/p>\n","protected":false},"featured_media":4299,"comment_status":"open","ping_status":"closed","template":"","meta":{"_acf_changed":false},"product_brand":[],"product_cat":[15,195,216],"product_tag":[],"class_list":{"0":"post-4450","1":"product","2":"type-product","3":"status-publish","4":"has-post-thumbnail","6":"product_cat-uncategorized","7":"product_cat-superhrana","8":"product_cat-vsi-izdelki","10":"first","11":"instock","12":"taxable","13":"shipping-taxable","14":"purchasable","15":"product-type-simple"},"acf":[],"_links":{"self":[{"href":"https:\/\/fengchashop.com\/si\/wp-json\/wp\/v2\/product\/4450","targetHints":{"allow":["GET"]}}],"collection":[{"href":"https:\/\/fengchashop.com\/si\/wp-json\/wp\/v2\/product"}],"about":[{"href":"https:\/\/fengchashop.com\/si\/wp-json\/wp\/v2\/types\/product"}],"replies":[{"embeddable":true,"href":"https:\/\/fengchashop.com\/si\/wp-json\/wp\/v2\/comments?post=4450"}],"wp:featuredmedia":[{"embeddable":true,"href":"https:\/\/fengchashop.com\/si\/wp-json\/wp\/v2\/media\/4299"}],"wp:attachment":[{"href":"https:\/\/fengchashop.com\/si\/wp-json\/wp\/v2\/media?parent=4450"}],"wp:term":[{"taxonomy":"product_brand","embeddable":true,"href":"https:\/\/fengchashop.com\/si\/wp-json\/wp\/v2\/product_brand?post=4450"},{"taxonomy":"product_cat","embeddable":true,"href":"https:\/\/fengchashop.com\/si\/wp-json\/wp\/v2\/product_cat?post=4450"},{"taxonomy":"product_tag","embeddable":true,"href":"https:\/\/fengchashop.com\/si\/wp-json\/wp\/v2\/product_tag?post=4450"}],"curies":[{"name":"wp","href":"https:\/\/api.w.org\/{rel}","templated":true}]}}